{"id":86595,"date":"2021-06-15T10:01:33","date_gmt":"2021-06-15T08:01:33","guid":{"rendered":"https:\/\/testing.wowtea.eu\/si\/?post_type=product&#038;p=86595"},"modified":"2024-09-23T11:55:17","modified_gmt":"2024-09-23T09:55:17","slug":"summer-reborn","status":"publish","type":"product","link":"https:\/\/testing.wowtea.eu\/si\/product\/summer-reborn\/","title":{"rendered":"Summer Reborn"},"content":{"rendered":"\t\t<div data-elementor-type=\"product-post\" data-elementor-id=\"86595\" class=\"elementor elementor-86595\">\n\t\t\t\t\t\t<div class=\"elementor-inner\">\n\t\t\t\t<div class=\"elementor-section-wrap\">\n\t\t\t\t\t\t\t\t\t<section class=\"elementor-section elementor-top-section elementor-element elementor-element-4d01410 elementor-section-full_width elementor-section-height-default elementor-section-height-default\" data-id=\"4d01410\" data-element_type=\"section\">\n\t\t\t\t\t\t<div class=\"elementor-container elementor-column-gap-no\">\n\t\t\t\t\t\t\t<div class=\"elementor-row\">\n\t\t\t\t\t<div class=\"elementor-column elementor-col-100 elementor-top-column elementor-element elementor-element-4c54e9f\" data-id=\"4c54e9f\" data-element_type=\"column\">\n\t\t\t<div class=\"elementor-column-wrap elementor-element-populated\">\n\t\t\t\t\t\t\t<div class=\"elementor-widget-wrap\">\n\t\t\t\t\t\t<section class=\"elementor-section elementor-inner-section elementor-element elementor-element-63bf54c elementor-section-full_width elementor-hidden-phone elementor-section-height-default elementor-section-height-default\" data-id=\"63bf54c\" data-element_type=\"section\">\n\t\t\t\t\t\t<div class=\"elementor-container elementor-column-gap-no\">\n\t\t\t\t\t\t\t<div class=\"elementor-row\">\n\t\t\t\t\t<div class=\"elementor-column elementor-col-100 elementor-inner-column elementor-element elementor-element-9b18076\" data-id=\"9b18076\" data-element_type=\"column\">\n\t\t\t<div class=\"elementor-column-wrap elementor-element-populated\">\n\t\t\t\t\t\t\t<div class=\"elementor-widget-wrap\">\n\t\t\t\t\t\t<div class=\"elementor-element elementor-element-d607485 elementor-widget elementor-widget-image\" data-id=\"d607485\" data-element_type=\"widget\" data-widget_type=\"image.default\">\n\t\t\t\t<div class=\"elementor-widget-container\">\n\t\t\t\t\t\t\t\t<div class=\"elementor-image\">\n\t\t\t\t\t\t\t\t\t\t\t\t<img width=\"1920\" height=\"1150\" src=\"https:\/\/testing.wowtea.eu\/si\/files\/2021\/06\/THE-PERFECT-BEACH-DRINK-ummer-detox-D-SI.jpg\" class=\"attachment-full size-full wp-image-87075\" alt=\"\" loading=\"lazy\" srcset=\"https:\/\/testing.wowtea.eu\/si\/files\/2021\/06\/THE-PERFECT-BEACH-DRINK-ummer-detox-D-SI.jpg 1920w, https:\/\/testing.wowtea.eu\/si\/files\/2021\/06\/THE-PERFECT-BEACH-DRINK-ummer-detox-D-SI-600x359.jpg 600w, https:\/\/testing.wowtea.eu\/si\/files\/2021\/06\/THE-PERFECT-BEACH-DRINK-ummer-detox-D-SI-300x180.jpg 300w, https:\/\/testing.wowtea.eu\/si\/files\/2021\/06\/THE-PERFECT-BEACH-DRINK-ummer-detox-D-SI-1024x613.jpg 1024w, https:\/\/testing.wowtea.eu\/si\/files\/2021\/06\/THE-PERFECT-BEACH-DRINK-ummer-detox-D-SI-768x460.jpg 768w, https:\/\/testing.wowtea.eu\/si\/files\/2021\/06\/THE-PERFECT-BEACH-DRINK-ummer-detox-D-SI-1536x920.jpg 1536w\" sizes=\"(max-width: 1920px) 100vw, 1920px\" \/>\t\t\t\t\t\t\t\t\t\t\t\t\t\t<\/div>\n\t\t\t\t\t\t<\/div>\n\t\t\t\t<\/div>\n\t\t\t\t\t\t<\/div>\n\t\t\t\t\t<\/div>\n\t\t<\/div>\n\t\t\t\t\t\t\t\t<\/div>\n\t\t\t\t\t<\/div>\n\t\t<\/section>\n\t\t\t\t<section class=\"elementor-section elementor-inner-section elementor-element elementor-element-c0a7a91 elementor-section-full_width elementor-hidden-desktop elementor-hidden-tablet elementor-section-height-default elementor-section-height-default\" data-id=\"c0a7a91\" data-element_type=\"section\">\n\t\t\t\t\t\t<div class=\"elementor-container elementor-column-gap-no\">\n\t\t\t\t\t\t\t<div class=\"elementor-row\">\n\t\t\t\t\t<div class=\"elementor-column elementor-col-100 elementor-inner-column elementor-element elementor-element-d177b18\" data-id=\"d177b18\" data-element_type=\"column\">\n\t\t\t<div class=\"elementor-column-wrap elementor-element-populated\">\n\t\t\t\t\t\t\t<div class=\"elementor-widget-wrap\">\n\t\t\t\t\t\t<div class=\"elementor-element elementor-element-a2206f6 elementor-widget elementor-widget-image\" data-id=\"a2206f6\" data-element_type=\"widget\" data-widget_type=\"image.default\">\n\t\t\t\t<div class=\"elementor-widget-container\">\n\t\t\t\t\t\t\t\t<div class=\"elementor-image\">\n\t\t\t\t\t\t\t\t\t\t\t\t<img width=\"460\" height=\"750\" src=\"https:\/\/testing.wowtea.eu\/si\/files\/2021\/06\/THE-PERFECT-BEACH-DRINK-ummer-detox-M-SI.jpg\" class=\"attachment-full size-full wp-image-87076\" alt=\"\" loading=\"lazy\" srcset=\"https:\/\/testing.wowtea.eu\/si\/files\/2021\/06\/THE-PERFECT-BEACH-DRINK-ummer-detox-M-SI.jpg 460w, https:\/\/testing.wowtea.eu\/si\/files\/2021\/06\/THE-PERFECT-BEACH-DRINK-ummer-detox-M-SI-184x300.jpg 184w\" sizes=\"(max-width: 460px) 100vw, 460px\" \/>\t\t\t\t\t\t\t\t\t\t\t\t\t\t<\/div>\n\t\t\t\t\t\t<\/div>\n\t\t\t\t<\/div>\n\t\t\t\t\t\t<\/div>\n\t\t\t\t\t<\/div>\n\t\t<\/div>\n\t\t\t\t\t\t\t\t<\/div>\n\t\t\t\t\t<\/div>\n\t\t<\/section>\n\t\t\t\t\t\t<\/div>\n\t\t\t\t\t<\/div>\n\t\t<\/div>\n\t\t\t\t\t\t\t\t<\/div>\n\t\t\t\t\t<\/div>\n\t\t<\/section>\n\t\t\t\t<section class=\"elementor-section elementor-top-section elementor-element elementor-element-d5fe82c elementor-section-boxed elementor-section-height-default elementor-section-height-default\" data-id=\"d5fe82c\" data-element_type=\"section\" data-settings=\"{&quot;background_background&quot;:&quot;classic&quot;}\">\n\t\t\t\t\t\t<div class=\"elementor-container elementor-column-gap-default\">\n\t\t\t\t\t\t\t<div class=\"elementor-row\">\n\t\t\t\t\t<div class=\"elementor-column elementor-col-100 elementor-top-column elementor-element elementor-element-b5f4ace\" data-id=\"b5f4ace\" data-element_type=\"column\" data-settings=\"{&quot;background_background&quot;:&quot;classic&quot;}\">\n\t\t\t<div class=\"elementor-column-wrap elementor-element-populated\">\n\t\t\t\t\t\t\t<div class=\"elementor-widget-wrap\">\n\t\t\t\t\t\t<div class=\"elementor-element elementor-element-7f36b23 elementor-widget elementor-widget-heading\" data-id=\"7f36b23\" data-element_type=\"widget\" data-widget_type=\"heading.default\">\n\t\t\t\t<div class=\"elementor-widget-container\">\n\t\t\t<h2 class=\"elementor-heading-title elementor-size-default\"><p style=\"text-align: center;color: crimson;font-size: 40px\">KAJ LAHKO DOBITE V \u0160KATLI?<span style=\"font-size: 28px\"><\/span><\/p><\/h2>\t\t<\/div>\n\t\t\t\t<\/div>\n\t\t\t\t\t\t<\/div>\n\t\t\t\t\t<\/div>\n\t\t<\/div>\n\t\t\t\t\t\t\t\t<\/div>\n\t\t\t\t\t<\/div>\n\t\t<\/section>\n\t\t\t\t<section class=\"elementor-section elementor-top-section elementor-element elementor-element-a05e243 elementor-section-boxed elementor-section-height-default elementor-section-height-default\" data-id=\"a05e243\" data-element_type=\"section\">\n\t\t\t\t\t\t<div class=\"elementor-container elementor-column-gap-default\">\n\t\t\t\t\t\t\t<div class=\"elementor-row\">\n\t\t\t\t\t<div class=\"elementor-column elementor-col-100 elementor-top-column elementor-element elementor-element-be67d14\" data-id=\"be67d14\" data-element_type=\"column\">\n\t\t\t<div class=\"elementor-column-wrap elementor-element-populated\">\n\t\t\t\t\t\t\t<div class=\"elementor-widget-wrap\">\n\t\t\t\t\t\t<div class=\"elementor-element elementor-element-22d8387 elementor-widget elementor-widget-html\" data-id=\"22d8387\" data-element_type=\"widget\" data-widget_type=\"html.default\">\n\t\t\t\t<div class=\"elementor-widget-container\">\n\t\t\t<!-- TrustBox widget - Carousel -->\r\n<div class=\"trustpilot-widget\" data-locale=\"en-US\" data-template-id=\"53aa8912dec7e10d38f59f36\" data-businessunit-id=\"60029def312cb900013df992\" data-style-height=\"320px\" data-style-width=\"100%\" data-theme=\"light\" data-tags=\"CZ\" data-stars=\"1,2,3,4,5\">\r\n  <a href=\"https:\/\/www.trustpilot.com\/review\/testing.wowtea.eu\" target=\"_blank\" rel=\"noopener\">Trustpilot<\/a>\r\n<\/div>\r\n<!-- End TrustBox widget -->\t\t<\/div>\n\t\t\t\t<\/div>\n\t\t\t\t\t\t<\/div>\n\t\t\t\t\t<\/div>\n\t\t<\/div>\n\t\t\t\t\t\t\t\t<\/div>\n\t\t\t\t\t<\/div>\n\t\t<\/section>\n\t\t\t\t\t\t\t\t\t<\/div>\n\t\t\t<\/div>\n\t\t\t\t\t<\/div>\n\t\t","protected":false},"excerpt":{"rendered":"<p>Izberite Summer Detox, Summer Wellness ali Slim Fit \u010daj + posebno visoko kakovostno steklenico z vgrajenim razdelilnikom \u010daja iz nerjave\u010dega jekla.<\/p>\n","protected":false},"featured_media":99752,"comment_status":"open","ping_status":"closed","template":"","meta":{"inline_featured_image":false},"product_cat":[103,109],"product_tag":[],"acf":[],"variations_data":{"86751":{"id":86751,"name":"Summer Detox \u010caj + Steklenica za \u010daj (Rumena)","slug":"summer-detox-%d1%87%d0%b0%d0%b9-%d0%b6%d1%8a%d0%bb%d1%82%d0%b0-%d0%b1%d1%83%d1%82%d0%b8%d0%bb%d0%ba%d0%b0-3","date_created":{"date":"2021-06-15 10:49:48.000000","timezone_type":3,"timezone":"Europe\/Ljubljana"},"date_modified":{"date":"2024-09-23 11:54:34.000000","timezone_type":3,"timezone":"Europe\/Ljubljana"},"status":"publish","featured":false,"catalog_visibility":"visible","description":"","short_description":"","sku":"WOW-P-SETBTY","price":"37.60","regular_price":"50.20","sale_price":"37.60","date_on_sale_from":null,"date_on_sale_to":null,"total_sales":"0","tax_status":"taxable","tax_class":"parent","manage_stock":false,"stock_quantity":null,"stock_status":"instock","backorders":"no","low_stock_amount":"","sold_individually":false,"weight":"","length":"","width":"","height":"","upsell_ids":[],"cross_sell_ids":[],"parent_id":86595,"reviews_allowed":false,"purchase_note":"","attributes":{"pa_summer-products":"summer-detox-%d1%87%d0%b0%d0%b9-%d0%b6%d1%8a%d0%bb%d1%82%d0%b0-%d0%b1%d1%83%d1%82%d0%b8%d0%bb%d0%ba%d0%b0"},"default_attributes":[],"menu_order":1,"post_password":"","virtual":false,"downloadable":false,"category_ids":[],"tag_ids":[],"shipping_class_id":0,"downloads":[],"image_id":99752,"gallery_image_ids":[],"download_limit":-1,"download_expiry":-1,"rating_counts":[],"average_rating":0,"review_count":0,"attribute_summary":"Summer products: Summer Detox \u010caj + Steklenica za \u010daj (Rumena)","meta_data":[{"id":251312,"key":"yst_prominent_words_version","value":"1"},{"id":251353,"key":"_gtin","value":""},{"id":251354,"key":"_variable_text_field_1","value":""},{"id":251355,"key":"_variable_text_field_2","value":""},{"id":251356,"key":"_variable_text_field_3","value":""},{"id":251357,"key":"fstr-p-sub","value":""},{"id":399407,"key":"_sold_variation_individually","value":"no"},{"id":399408,"key":"_v_label_field","value":""},{"id":648118,"key":"oms_price_updated_at","value":"2024-09-23T09:32:49.361090Z"},{"id":650732,"key":"_old_regular_price","value":"50.2"},{"id":650733,"key":"_old_sale_price","value":"37.7"}],"price_html":"<del aria-hidden=\"true\"><span class=\"woocommerce-Price-amount amount\"><bdi>50.20&nbsp;<span class=\"woocommerce-Price-currencySymbol\">&euro;<\/span><\/bdi><\/span><\/del> <ins><span class=\"woocommerce-Price-amount amount\"><bdi>37.60&nbsp;<span class=\"woocommerce-Price-currencySymbol\">&euro;<\/span><\/bdi><\/span><\/ins>","image":"<img width=\"600\" height=\"600\" src=\"https:\/\/testing.wowtea.eu\/si\/files\/2024\/05\/WOWTEA-web-PP-Summer-editions-Detox-Upsale-detox-bottle-600x600.png\" class=\"attachment-woocommerce_thumbnail size-woocommerce_thumbnail\" alt=\"\" loading=\"lazy\" srcset=\"https:\/\/testing.wowtea.eu\/si\/files\/2024\/05\/WOWTEA-web-PP-Summer-editions-Detox-Upsale-detox-bottle.png 600w, https:\/\/testing.wowtea.eu\/si\/files\/2024\/05\/WOWTEA-web-PP-Summer-editions-Detox-Upsale-detox-bottle-300x300.png 300w, https:\/\/testing.wowtea.eu\/si\/files\/2024\/05\/WOWTEA-web-PP-Summer-editions-Detox-Upsale-detox-bottle-150x150.png 150w, https:\/\/testing.wowtea.eu\/si\/files\/2024\/05\/WOWTEA-web-PP-Summer-editions-Detox-Upsale-detox-bottle-100x100.png 100w, https:\/\/testing.wowtea.eu\/si\/files\/2024\/05\/WOWTEA-web-PP-Summer-editions-Detox-Upsale-detox-bottle-45x45.png 45w, https:\/\/testing.wowtea.eu\/si\/files\/2024\/05\/WOWTEA-web-PP-Summer-editions-Detox-Upsale-detox-bottle-60x60.png 60w, https:\/\/testing.wowtea.eu\/si\/files\/2024\/05\/WOWTEA-web-PP-Summer-editions-Detox-Upsale-detox-bottle-90x90.png 90w\" sizes=\"(max-width: 600px) 100vw, 600px\" \/>","free_delivery":false},"86752":{"id":86752,"name":"Summer Slimfit \u010caj + Steklenica za \u010daj (Rumena)","slug":"summer-slimfit-%d1%87%d0%b0%d0%b9-%d0%b6%d1%8a%d0%bb%d1%82%d0%b0-%d0%b1%d1%83%d1%82%d0%b8%d0%bb%d0%ba%d0%b0-3","date_created":{"date":"2021-06-15 10:49:48.000000","timezone_type":3,"timezone":"Europe\/Ljubljana"},"date_modified":{"date":"2024-09-23 11:54:58.000000","timezone_type":3,"timezone":"Europe\/Ljubljana"},"status":"publish","featured":false,"catalog_visibility":"visible","description":"","short_description":"","sku":"WOW-P-SSTBTY","price":"37.60","regular_price":"50.20","sale_price":"37.60","date_on_sale_from":null,"date_on_sale_to":null,"total_sales":"0","tax_status":"taxable","tax_class":"parent","manage_stock":false,"stock_quantity":null,"stock_status":"instock","backorders":"no","low_stock_amount":"","sold_individually":false,"weight":"","length":"","width":"","height":"","upsell_ids":[],"cross_sell_ids":[],"parent_id":86595,"reviews_allowed":false,"purchase_note":"","attributes":{"pa_summer-products":"summer-slimfit-%d1%87%d0%b0%d0%b9-%d0%b6%d1%8a%d0%bb%d1%82%d0%b0-%d0%b1%d1%83%d1%82%d0%b8%d0%bb%d0%ba%d0%b0"},"default_attributes":[],"menu_order":2,"post_password":"","virtual":false,"downloadable":false,"category_ids":[],"tag_ids":[],"shipping_class_id":0,"downloads":[],"image_id":99864,"gallery_image_ids":[],"download_limit":-1,"download_expiry":-1,"rating_counts":[],"average_rating":0,"review_count":0,"attribute_summary":"Summer products: Summer Slimfit \u010caj + Steklenica za \u010daj (Rumena)","meta_data":[{"id":251363,"key":"_gtin","value":""},{"id":251364,"key":"_variable_text_field_1","value":""},{"id":251365,"key":"_variable_text_field_2","value":""},{"id":251366,"key":"_variable_text_field_3","value":""},{"id":251367,"key":"fstr-p-sub","value":""},{"id":399409,"key":"_sold_variation_individually","value":"no"},{"id":399410,"key":"_v_label_field","value":""},{"id":648135,"key":"oms_price_updated_at","value":"2024-09-23T09:33:12.784177Z"},{"id":650753,"key":"_old_regular_price","value":"50.2"},{"id":650754,"key":"_old_sale_price","value":"37.7"}],"price_html":"<del aria-hidden=\"true\"><span class=\"woocommerce-Price-amount amount\"><bdi>50.20&nbsp;<span class=\"woocommerce-Price-currencySymbol\">&euro;<\/span><\/bdi><\/span><\/del> <ins><span class=\"woocommerce-Price-amount amount\"><bdi>37.60&nbsp;<span class=\"woocommerce-Price-currencySymbol\">&euro;<\/span><\/bdi><\/span><\/ins>","image":"<img width=\"600\" height=\"600\" src=\"https:\/\/testing.wowtea.eu\/si\/files\/2024\/05\/WOWTEA-web-PP-Summer-editions-Slimfit-Upsale-slimfit-bottle-600x600.png\" class=\"attachment-woocommerce_thumbnail size-woocommerce_thumbnail\" alt=\"\" loading=\"lazy\" srcset=\"https:\/\/testing.wowtea.eu\/si\/files\/2024\/05\/WOWTEA-web-PP-Summer-editions-Slimfit-Upsale-slimfit-bottle.png 600w, https:\/\/testing.wowtea.eu\/si\/files\/2024\/05\/WOWTEA-web-PP-Summer-editions-Slimfit-Upsale-slimfit-bottle-300x300.png 300w, https:\/\/testing.wowtea.eu\/si\/files\/2024\/05\/WOWTEA-web-PP-Summer-editions-Slimfit-Upsale-slimfit-bottle-150x150.png 150w, https:\/\/testing.wowtea.eu\/si\/files\/2024\/05\/WOWTEA-web-PP-Summer-editions-Slimfit-Upsale-slimfit-bottle-100x100.png 100w, https:\/\/testing.wowtea.eu\/si\/files\/2024\/05\/WOWTEA-web-PP-Summer-editions-Slimfit-Upsale-slimfit-bottle-60x60.png 60w, https:\/\/testing.wowtea.eu\/si\/files\/2024\/05\/WOWTEA-web-PP-Summer-editions-Slimfit-Upsale-slimfit-bottle-90x90.png 90w, https:\/\/testing.wowtea.eu\/si\/files\/2024\/05\/WOWTEA-web-PP-Summer-editions-Slimfit-Upsale-slimfit-bottle-45x45.png 45w\" sizes=\"(max-width: 600px) 100vw, 600px\" \/>","free_delivery":false},"86636":{"id":86636,"name":"Summer Wellness \u010caj + Steklenica za \u010daj (Rumena)","slug":"summer-wellness-%d1%87%d0%b0%d0%b9-%d0%b6%d1%8a%d0%bb%d1%82%d0%b0-%d0%b1%d1%83%d1%82%d0%b8%d0%bb%d0%ba%d0%b0","date_created":{"date":"2021-06-15 10:01:35.000000","timezone_type":3,"timezone":"Europe\/Ljubljana"},"date_modified":{"date":"2024-09-23 11:55:15.000000","timezone_type":3,"timezone":"Europe\/Ljubljana"},"status":"publish","featured":false,"catalog_visibility":"visible","description":"","short_description":"","sku":"WOW-P-SWTBTY","price":"37.60","regular_price":"50.20","sale_price":"37.60","date_on_sale_from":null,"date_on_sale_to":null,"total_sales":"0","tax_status":"taxable","tax_class":"parent","manage_stock":false,"stock_quantity":null,"stock_status":"instock","backorders":"no","low_stock_amount":"","sold_individually":false,"weight":"","length":"","width":"","height":"","upsell_ids":[],"cross_sell_ids":[],"parent_id":86595,"reviews_allowed":false,"purchase_note":"","attributes":{"pa_summer-products":"summer-wellness-%d1%87%d0%b0%d0%b9-%d0%b6%d1%8a%d0%bb%d1%82%d0%b0-%d0%b1%d1%83%d1%82%d0%b8%d0%bb%d0%ba%d0%b0"},"default_attributes":[],"menu_order":3,"post_password":"","virtual":false,"downloadable":false,"category_ids":[],"tag_ids":[],"shipping_class_id":0,"downloads":[],"image_id":99931,"gallery_image_ids":[],"download_limit":0,"download_expiry":0,"rating_counts":[],"average_rating":0,"review_count":0,"attribute_summary":"Summer products: Summer Wellness \u010caj + Steklenica za \u010daj (Rumena)","meta_data":[{"id":250041,"key":"inline_featured_image","value":""},{"id":250042,"key":"yst_prominent_words_version","value":""},{"id":250043,"key":"_wp_page_template","value":""},{"id":250044,"key":"_post_badge","value":""},{"id":250045,"key":"_post_icon_1","value":""},{"id":250046,"key":"_post_icon_2","value":""},{"id":250047,"key":"_post_icon_3","value":""},{"id":250048,"key":"_post_icon_1_text","value":""},{"id":250049,"key":"_post_icon_2_text","value":""},{"id":250050,"key":"_post_icon_3_text","value":""},{"id":250051,"key":"_yoast_wpseo_primary_product_cat","value":""},{"id":250052,"key":"_yoast_wpseo_content_score","value":""},{"id":250053,"key":"_elementor_edit_mode","value":""},{"id":250054,"key":"_elementor_template_type","value":""},{"id":250055,"key":"_elementor_version","value":""},{"id":250056,"key":"_elementor_pro_version","value":""},{"id":250057,"key":"_oembed_b8e247034018ee4812190523170f8f1c","value":""},{"id":250058,"key":"_oembed_time_b8e247034018ee4812190523170f8f1c","value":""},{"id":250059,"key":"_wapl_label_type","value":""},{"id":250060,"key":"_wapl_label_text","value":""},{"id":250061,"key":"_wapl_label_style","value":""},{"id":250062,"key":"_wapl_label_align","value":""},{"id":250063,"key":"_wapl_custom_bg_color","value":""},{"id":250064,"key":"_wapl_custom_text_color","value":""},{"id":250065,"key":"_wapl_label_exclude","value":""},{"id":250066,"key":"fstr-p-sub","value":""},{"id":250067,"key":"fstr-iskit","value":""},{"id":250068,"key":"_mollie_voucher_category","value":""},{"id":250069,"key":"_yoast_wpseo_focuskeywords","value":""},{"id":250070,"key":"_pys_super_pack_cpt_url","value":""},{"id":250071,"key":"_pys_super_pack_cpt_condition","value":""},{"id":250072,"key":"_pys_super_pack_cpt_cart","value":""},{"id":250073,"key":"_gtin","value":""},{"id":250074,"key":"_oembed_d661647b67dd8a32b998f2d0708014be","value":""},{"id":250075,"key":"_oembed_time_d661647b67dd8a32b998f2d0708014be","value":""},{"id":250076,"key":"_foodplan","value":""},{"id":250077,"key":"_homegym","value":""},{"id":250078,"key":"_yogaplan","value":""},{"id":250079,"key":"yo-title-quote","value":""},{"id":250080,"key":"yo-title-quote-second","value":""},{"id":250081,"key":"panam-video","value":""},{"id":250082,"key":"_dp_original","value":""},{"id":250083,"key":"_wp_old_date","value":""},{"id":250084,"key":"_oembed_cccd389a7668e3aa6fc32fc5cb179ea6","value":""},{"id":250085,"key":"attach_general_products","value":""},{"id":250086,"key":"_variable_text_field_1","value":""},{"id":250087,"key":"_variable_text_field_2","value":""},{"id":250088,"key":"_variable_text_field_3","value":""},{"id":399411,"key":"_sold_variation_individually","value":"no"},{"id":399412,"key":"_v_label_field","value":""},{"id":648148,"key":"oms_price_updated_at","value":"2024-09-23T09:33:29.991747Z"},{"id":650769,"key":"_old_regular_price","value":"50.2"},{"id":650770,"key":"_old_sale_price","value":"37.7"}],"price_html":"<del aria-hidden=\"true\"><span class=\"woocommerce-Price-amount amount\"><bdi>50.20&nbsp;<span class=\"woocommerce-Price-currencySymbol\">&euro;<\/span><\/bdi><\/span><\/del> <ins><span class=\"woocommerce-Price-amount amount\"><bdi>37.60&nbsp;<span class=\"woocommerce-Price-currencySymbol\">&euro;<\/span><\/bdi><\/span><\/ins>","image":"<img width=\"600\" height=\"600\" src=\"https:\/\/testing.wowtea.eu\/si\/files\/2024\/05\/WOWTEA-web-PP-Summer-editions-Wellness-Upsale-wellnes-bottle-600x600.png\" class=\"attachment-woocommerce_thumbnail size-woocommerce_thumbnail\" alt=\"\" loading=\"lazy\" srcset=\"https:\/\/testing.wowtea.eu\/si\/files\/2024\/05\/WOWTEA-web-PP-Summer-editions-Wellness-Upsale-wellnes-bottle.png 600w, https:\/\/testing.wowtea.eu\/si\/files\/2024\/05\/WOWTEA-web-PP-Summer-editions-Wellness-Upsale-wellnes-bottle-300x300.png 300w, https:\/\/testing.wowtea.eu\/si\/files\/2024\/05\/WOWTEA-web-PP-Summer-editions-Wellness-Upsale-wellnes-bottle-150x150.png 150w, https:\/\/testing.wowtea.eu\/si\/files\/2024\/05\/WOWTEA-web-PP-Summer-editions-Wellness-Upsale-wellnes-bottle-100x100.png 100w, https:\/\/testing.wowtea.eu\/si\/files\/2024\/05\/WOWTEA-web-PP-Summer-editions-Wellness-Upsale-wellnes-bottle-60x60.png 60w, https:\/\/testing.wowtea.eu\/si\/files\/2024\/05\/WOWTEA-web-PP-Summer-editions-Wellness-Upsale-wellnes-bottle-90x90.png 90w, https:\/\/testing.wowtea.eu\/si\/files\/2024\/05\/WOWTEA-web-PP-Summer-editions-Wellness-Upsale-wellnes-bottle-45x45.png 45w\" sizes=\"(max-width: 600px) 100vw, 600px\" \/>","free_delivery":false}},"free_delivery":false,"currency_name":"&euro;","_links":{"self":[{"href":"https:\/\/testing.wowtea.eu\/si\/wp-json\/wp\/v2\/product\/86595"}],"collection":[{"href":"https:\/\/testing.wowtea.eu\/si\/wp-json\/wp\/v2\/product"}],"about":[{"href":"https:\/\/testing.wowtea.eu\/si\/wp-json\/wp\/v2\/types\/product"}],"replies":[{"embeddable":true,"href":"https:\/\/testing.wowtea.eu\/si\/wp-json\/wp\/v2\/comments?post=86595"}],"version-history":[{"count":0,"href":"https:\/\/testing.wowtea.eu\/si\/wp-json\/wp\/v2\/product\/86595\/revisions"}],"wp:featuredmedia":[{"embeddable":true,"href":"https:\/\/testing.wowtea.eu\/si\/wp-json\/wp\/v2\/media\/99752"}],"wp:attachment":[{"href":"https:\/\/testing.wowtea.eu\/si\/wp-json\/wp\/v2\/media?parent=86595"}],"wp:term":[{"taxonomy":"product_cat","embeddable":true,"href":"https:\/\/testing.wowtea.eu\/si\/wp-json\/wp\/v2\/product_cat?post=86595"},{"taxonomy":"product_tag","embeddable":true,"href":"https:\/\/testing.wowtea.eu\/si\/wp-json\/wp\/v2\/product_tag?post=86595"}],"curies":[{"name":"wp","href":"https:\/\/api.w.org\/{rel}","templated":true}]}}