{"id":86596,"date":"2021-06-15T10:01:33","date_gmt":"2021-06-15T08:01:33","guid":{"rendered":"https:\/\/testing.wowtea.eu\/si\/?post_type=product&#038;p=86596"},"modified":"2024-09-23T11:56:32","modified_gmt":"2024-09-23T09:56:32","slug":"love-your-summer-body","status":"publish","type":"product","link":"https:\/\/testing.wowtea.eu\/si\/product\/love-your-summer-body\/","title":{"rendered":"Love Your Summer Body"},"content":{"rendered":"\t\t<div data-elementor-type=\"product-post\" data-elementor-id=\"86596\" class=\"elementor elementor-86596\">\n\t\t\t\t\t\t<div class=\"elementor-inner\">\n\t\t\t\t<div class=\"elementor-section-wrap\">\n\t\t\t\t\t\t\t\t\t<section class=\"elementor-section elementor-top-section elementor-element elementor-element-89352ab elementor-section-boxed elementor-section-height-default elementor-section-height-default\" data-id=\"89352ab\" data-element_type=\"section\">\n\t\t\t\t\t\t<div class=\"elementor-container elementor-column-gap-default\">\n\t\t\t\t\t\t\t<div class=\"elementor-row\">\n\t\t\t\t\t<div class=\"elementor-column elementor-col-100 elementor-top-column elementor-element elementor-element-6c0df4f\" data-id=\"6c0df4f\" data-element_type=\"column\">\n\t\t\t<div class=\"elementor-column-wrap\">\n\t\t\t\t\t\t\t<div class=\"elementor-widget-wrap\">\n\t\t\t\t\t\t\t\t<\/div>\n\t\t\t\t\t<\/div>\n\t\t<\/div>\n\t\t\t\t\t\t\t\t<\/div>\n\t\t\t\t\t<\/div>\n\t\t<\/section>\n\t\t\t\t<section class=\"elementor-section elementor-top-section elementor-element elementor-element-a515562 elementor-section-full_width elementor-section-height-default elementor-section-height-default\" data-id=\"a515562\" data-element_type=\"section\">\n\t\t\t\t\t\t<div class=\"elementor-container elementor-column-gap-no\">\n\t\t\t\t\t\t\t<div class=\"elementor-row\">\n\t\t\t\t\t<div class=\"elementor-column elementor-col-100 elementor-top-column elementor-element elementor-element-361b989\" data-id=\"361b989\" data-element_type=\"column\">\n\t\t\t<div class=\"elementor-column-wrap elementor-element-populated\">\n\t\t\t\t\t\t\t<div class=\"elementor-widget-wrap\">\n\t\t\t\t\t\t<section class=\"elementor-section elementor-inner-section elementor-element elementor-element-2221f36 elementor-section-full_width elementor-hidden-phone elementor-section-height-default elementor-section-height-default\" data-id=\"2221f36\" data-element_type=\"section\">\n\t\t\t\t\t\t<div class=\"elementor-container elementor-column-gap-no\">\n\t\t\t\t\t\t\t<div class=\"elementor-row\">\n\t\t\t\t\t<div class=\"elementor-column elementor-col-100 elementor-inner-column elementor-element elementor-element-f51f33c\" data-id=\"f51f33c\" data-element_type=\"column\">\n\t\t\t<div class=\"elementor-column-wrap elementor-element-populated\">\n\t\t\t\t\t\t\t<div class=\"elementor-widget-wrap\">\n\t\t\t\t\t\t<div class=\"elementor-element elementor-element-14592b8 elementor-widget elementor-widget-image\" data-id=\"14592b8\" data-element_type=\"widget\" data-widget_type=\"image.default\">\n\t\t\t\t<div class=\"elementor-widget-container\">\n\t\t\t\t\t\t\t\t<div class=\"elementor-image\">\n\t\t\t\t\t\t\t\t\t\t\t\t<img width=\"1920\" height=\"1150\" src=\"https:\/\/testing.wowtea.eu\/si\/files\/2021\/06\/THE-PERFECT-BEACH-DRINK-ummer-detox-D-SI.jpg\" class=\"attachment-full size-full wp-image-87075\" alt=\"\" loading=\"lazy\" srcset=\"https:\/\/testing.wowtea.eu\/si\/files\/2021\/06\/THE-PERFECT-BEACH-DRINK-ummer-detox-D-SI.jpg 1920w, https:\/\/testing.wowtea.eu\/si\/files\/2021\/06\/THE-PERFECT-BEACH-DRINK-ummer-detox-D-SI-600x359.jpg 600w, https:\/\/testing.wowtea.eu\/si\/files\/2021\/06\/THE-PERFECT-BEACH-DRINK-ummer-detox-D-SI-300x180.jpg 300w, https:\/\/testing.wowtea.eu\/si\/files\/2021\/06\/THE-PERFECT-BEACH-DRINK-ummer-detox-D-SI-1024x613.jpg 1024w, https:\/\/testing.wowtea.eu\/si\/files\/2021\/06\/THE-PERFECT-BEACH-DRINK-ummer-detox-D-SI-768x460.jpg 768w, https:\/\/testing.wowtea.eu\/si\/files\/2021\/06\/THE-PERFECT-BEACH-DRINK-ummer-detox-D-SI-1536x920.jpg 1536w\" sizes=\"(max-width: 1920px) 100vw, 1920px\" \/>\t\t\t\t\t\t\t\t\t\t\t\t\t\t<\/div>\n\t\t\t\t\t\t<\/div>\n\t\t\t\t<\/div>\n\t\t\t\t\t\t<\/div>\n\t\t\t\t\t<\/div>\n\t\t<\/div>\n\t\t\t\t\t\t\t\t<\/div>\n\t\t\t\t\t<\/div>\n\t\t<\/section>\n\t\t\t\t<section class=\"elementor-section elementor-inner-section elementor-element elementor-element-2e35e79 elementor-section-full_width elementor-hidden-desktop elementor-hidden-tablet elementor-section-height-default elementor-section-height-default\" data-id=\"2e35e79\" data-element_type=\"section\">\n\t\t\t\t\t\t<div class=\"elementor-container elementor-column-gap-no\">\n\t\t\t\t\t\t\t<div class=\"elementor-row\">\n\t\t\t\t\t<div class=\"elementor-column elementor-col-100 elementor-inner-column elementor-element elementor-element-949e2b5\" data-id=\"949e2b5\" data-element_type=\"column\">\n\t\t\t<div class=\"elementor-column-wrap elementor-element-populated\">\n\t\t\t\t\t\t\t<div class=\"elementor-widget-wrap\">\n\t\t\t\t\t\t<div class=\"elementor-element elementor-element-29004d2 elementor-widget elementor-widget-image\" data-id=\"29004d2\" data-element_type=\"widget\" data-widget_type=\"image.default\">\n\t\t\t\t<div class=\"elementor-widget-container\">\n\t\t\t\t\t\t\t\t<div class=\"elementor-image\">\n\t\t\t\t\t\t\t\t\t\t\t\t<img width=\"460\" height=\"750\" src=\"https:\/\/testing.wowtea.eu\/si\/files\/2021\/06\/THE-PERFECT-BEACH-DRINK-ummer-detox-M-SI.jpg\" class=\"attachment-full size-full wp-image-87076\" alt=\"\" loading=\"lazy\" srcset=\"https:\/\/testing.wowtea.eu\/si\/files\/2021\/06\/THE-PERFECT-BEACH-DRINK-ummer-detox-M-SI.jpg 460w, https:\/\/testing.wowtea.eu\/si\/files\/2021\/06\/THE-PERFECT-BEACH-DRINK-ummer-detox-M-SI-184x300.jpg 184w\" sizes=\"(max-width: 460px) 100vw, 460px\" \/>\t\t\t\t\t\t\t\t\t\t\t\t\t\t<\/div>\n\t\t\t\t\t\t<\/div>\n\t\t\t\t<\/div>\n\t\t\t\t\t\t<\/div>\n\t\t\t\t\t<\/div>\n\t\t<\/div>\n\t\t\t\t\t\t\t\t<\/div>\n\t\t\t\t\t<\/div>\n\t\t<\/section>\n\t\t\t\t\t\t<\/div>\n\t\t\t\t\t<\/div>\n\t\t<\/div>\n\t\t\t\t\t\t\t\t<\/div>\n\t\t\t\t\t<\/div>\n\t\t<\/section>\n\t\t\t\t<section class=\"elementor-section elementor-top-section elementor-element elementor-element-d89ae60 elementor-section-boxed elementor-section-height-default elementor-section-height-default\" data-id=\"d89ae60\" data-element_type=\"section\" data-settings=\"{&quot;background_background&quot;:&quot;classic&quot;}\">\n\t\t\t\t\t\t<div class=\"elementor-container elementor-column-gap-default\">\n\t\t\t\t\t\t\t<div class=\"elementor-row\">\n\t\t\t\t\t<div class=\"elementor-column elementor-col-100 elementor-top-column elementor-element elementor-element-86d9240\" data-id=\"86d9240\" data-element_type=\"column\" data-settings=\"{&quot;background_background&quot;:&quot;classic&quot;}\">\n\t\t\t<div class=\"elementor-column-wrap elementor-element-populated\">\n\t\t\t\t\t\t\t<div class=\"elementor-widget-wrap\">\n\t\t\t\t\t\t<div class=\"elementor-element elementor-element-b38133d elementor-widget elementor-widget-heading\" data-id=\"b38133d\" data-element_type=\"widget\" data-widget_type=\"heading.default\">\n\t\t\t\t<div class=\"elementor-widget-container\">\n\t\t\t<h2 class=\"elementor-heading-title elementor-size-default\"><p style=\"text-align: center;color: crimson;font-size: 40px\">Kaj lahko dobite v \u0161katli?<span style=\"font-size: 28px\"><\/span><\/p><\/h2>\t\t<\/div>\n\t\t\t\t<\/div>\n\t\t\t\t\t\t<\/div>\n\t\t\t\t\t<\/div>\n\t\t<\/div>\n\t\t\t\t\t\t\t\t<\/div>\n\t\t\t\t\t<\/div>\n\t\t<\/section>\n\t\t\t\t<section class=\"elementor-section elementor-top-section elementor-element elementor-element-2417181 elementor-section-boxed elementor-section-height-default elementor-section-height-default\" data-id=\"2417181\" data-element_type=\"section\">\n\t\t\t\t\t\t<div class=\"elementor-container elementor-column-gap-default\">\n\t\t\t\t\t\t\t<div class=\"elementor-row\">\n\t\t\t\t\t<div class=\"elementor-column elementor-col-100 elementor-top-column elementor-element elementor-element-fe07988\" data-id=\"fe07988\" data-element_type=\"column\">\n\t\t\t<div class=\"elementor-column-wrap elementor-element-populated\">\n\t\t\t\t\t\t\t<div class=\"elementor-widget-wrap\">\n\t\t\t\t\t\t<div class=\"elementor-element elementor-element-27ce55f elementor-widget elementor-widget-html\" data-id=\"27ce55f\" data-element_type=\"widget\" data-widget_type=\"html.default\">\n\t\t\t\t<div class=\"elementor-widget-container\">\n\t\t\t<!-- TrustBox widget - Carousel -->\r\n<div class=\"trustpilot-widget\" data-locale=\"en-US\" data-template-id=\"53aa8912dec7e10d38f59f36\" data-businessunit-id=\"60029def312cb900013df992\" data-style-height=\"320px\" data-style-width=\"100%\" data-theme=\"light\" data-tags=\"CZ\" data-stars=\"1,2,3,4,5\">\r\n  <a href=\"https:\/\/www.trustpilot.com\/review\/testing.wowtea.eu\" target=\"_blank\" rel=\"noopener\">Trustpilot<\/a>\r\n<\/div>\r\n<!-- End TrustBox widget -->\t\t<\/div>\n\t\t\t\t<\/div>\n\t\t\t\t\t\t<\/div>\n\t\t\t\t\t<\/div>\n\t\t<\/div>\n\t\t\t\t\t\t\t\t<\/div>\n\t\t\t\t\t<\/div>\n\t\t<\/section>\n\t\t\t\t\t\t\t\t\t<\/div>\n\t\t\t<\/div>\n\t\t\t\t\t<\/div>\n\t\t","protected":false},"excerpt":{"rendered":"<p>Vse, kar \u017eelite pomno\u017eiti na DVA in s POPUSTI! Izberite Summer DETOX \u010daj s Summer SlimFit \u010daj, Summer Detox s Summer Wellness\u010daj ali Summer Wellness s Summer Slimfit \u010daj. Seveda, skupaj s posebno steklenico iz visokokakovostnega stekla z vgrajenim razdelilnikom za \u010daj iz nerjave\u010dega jekla.<\/p>\n","protected":false},"featured_media":99866,"comment_status":"open","ping_status":"closed","template":"","meta":{"inline_featured_image":false},"product_cat":[109,103,189],"product_tag":[],"acf":[],"variations_data":{"86756":{"id":86756,"name":"Summer Detox \u010caj + Summer Slimfit \u010caj + Steklenica za \u010daj (Rumena)","slug":"summer-detox-%d1%87%d0%b0%d0%b9-summer-slimfit-%d1%87%d0%b0%d0%b9-%d0%b6%d1%8a%d0%bb%d1%82%d0%b0-%d0%b1%d1%83%d1%82%d0%b8%d0%bb%d0%ba%d0%b0-3","date_created":{"date":"2021-06-15 10:53:06.000000","timezone_type":3,"timezone":"Europe\/Ljubljana"},"date_modified":{"date":"2024-09-23 11:56:00.000000","timezone_type":3,"timezone":"Europe\/Ljubljana"},"status":"publish","featured":false,"catalog_visibility":"visible","description":"","short_description":"","sku":"WOW-P-SETSSTBTY","price":"51.90","regular_price":"74.10","sale_price":"51.90","date_on_sale_from":null,"date_on_sale_to":null,"total_sales":"0","tax_status":"taxable","tax_class":"parent","manage_stock":false,"stock_quantity":null,"stock_status":"instock","backorders":"no","low_stock_amount":"","sold_individually":false,"weight":"","length":"","width":"","height":"","upsell_ids":[],"cross_sell_ids":[],"parent_id":86596,"reviews_allowed":false,"purchase_note":"","attributes":{"pa_summer-products":"summer-detox-%d1%87%d0%b0%d0%b9-summer-slimfit-%d1%87%d0%b0%d0%b9-%d0%b6%d1%8a%d0%bb%d1%82%d0%b0-%d0%b1%d1%83%d1%82%d0%b8%d0%bb%d0%ba%d0%b0"},"default_attributes":[],"menu_order":1,"post_password":"","virtual":false,"downloadable":false,"category_ids":[],"tag_ids":[],"shipping_class_id":0,"downloads":[],"image_id":99866,"gallery_image_ids":[],"download_limit":-1,"download_expiry":-1,"rating_counts":[],"average_rating":0,"review_count":0,"attribute_summary":"Summer products: Summer Detox \u010caj + Summer Slimfit \u010caj + Steklenica za \u010daj (Rumena)","meta_data":[{"id":251394,"key":"yst_prominent_words_version","value":"1"},{"id":251437,"key":"_gtin","value":""},{"id":251438,"key":"_variable_text_field_1","value":""},{"id":251439,"key":"_variable_text_field_2","value":""},{"id":251440,"key":"_variable_text_field_3","value":""},{"id":251441,"key":"fstr-p-sub","value":""},{"id":399535,"key":"_sold_variation_individually","value":"no"},{"id":399536,"key":"_v_label_field","value":""},{"id":648299,"key":"oms_price_updated_at","value":"2024-09-23T09:34:14.959938Z"},{"id":650183,"key":"_old_regular_price","value":"74.1"},{"id":650184,"key":"_old_sale_price","value":"51.9"}],"price_html":"<del aria-hidden=\"true\"><span class=\"woocommerce-Price-amount amount\"><bdi>74.10&nbsp;<span class=\"woocommerce-Price-currencySymbol\">&euro;<\/span><\/bdi><\/span><\/del> <ins><span class=\"woocommerce-Price-amount amount\"><bdi>51.90&nbsp;<span class=\"woocommerce-Price-currencySymbol\">&euro;<\/span><\/bdi><\/span><\/ins>","image":"<img width=\"600\" height=\"600\" src=\"https:\/\/testing.wowtea.eu\/si\/files\/2024\/05\/WOWTEA-web-PP-Summer-editions-Slimfit-Upsale-slimfit-detox-bottle-600x600.png\" class=\"attachment-woocommerce_thumbnail size-woocommerce_thumbnail\" alt=\"\" loading=\"lazy\" srcset=\"https:\/\/testing.wowtea.eu\/si\/files\/2024\/05\/WOWTEA-web-PP-Summer-editions-Slimfit-Upsale-slimfit-detox-bottle.png 600w, https:\/\/testing.wowtea.eu\/si\/files\/2024\/05\/WOWTEA-web-PP-Summer-editions-Slimfit-Upsale-slimfit-detox-bottle-300x300.png 300w, https:\/\/testing.wowtea.eu\/si\/files\/2024\/05\/WOWTEA-web-PP-Summer-editions-Slimfit-Upsale-slimfit-detox-bottle-150x150.png 150w, https:\/\/testing.wowtea.eu\/si\/files\/2024\/05\/WOWTEA-web-PP-Summer-editions-Slimfit-Upsale-slimfit-detox-bottle-100x100.png 100w, https:\/\/testing.wowtea.eu\/si\/files\/2024\/05\/WOWTEA-web-PP-Summer-editions-Slimfit-Upsale-slimfit-detox-bottle-60x60.png 60w, https:\/\/testing.wowtea.eu\/si\/files\/2024\/05\/WOWTEA-web-PP-Summer-editions-Slimfit-Upsale-slimfit-detox-bottle-90x90.png 90w, https:\/\/testing.wowtea.eu\/si\/files\/2024\/05\/WOWTEA-web-PP-Summer-editions-Slimfit-Upsale-slimfit-detox-bottle-45x45.png 45w\" sizes=\"(max-width: 600px) 100vw, 600px\" \/>","free_delivery":"Brezpla\u010dna dostava"},"86757":{"id":86757,"name":"Summer Detox \u010caj + Summer Wellness \u010caj + Steklenica za \u010daj (Rumena)","slug":"summer-detox-%d1%87%d0%b0%d0%b9-summer-wellness-%d1%87%d0%b0%d0%b9-%d0%b6%d1%8a%d0%bb%d1%82%d0%b0-%d0%b1%d1%83%d1%82%d0%b8%d0%bb%d0%ba%d0%b0-2","date_created":{"date":"2021-06-15 10:53:06.000000","timezone_type":3,"timezone":"Europe\/Ljubljana"},"date_modified":{"date":"2024-09-23 11:55:35.000000","timezone_type":3,"timezone":"Europe\/Ljubljana"},"status":"publish","featured":false,"catalog_visibility":"visible","description":"","short_description":"","sku":"WOW-P-SETSWTBTY","price":"51.90","regular_price":"74.10","sale_price":"51.90","date_on_sale_from":null,"date_on_sale_to":null,"total_sales":"0","tax_status":"taxable","tax_class":"parent","manage_stock":false,"stock_quantity":null,"stock_status":"instock","backorders":"no","low_stock_amount":"","sold_individually":false,"weight":"","length":"","width":"","height":"","upsell_ids":[],"cross_sell_ids":[],"parent_id":86596,"reviews_allowed":false,"purchase_note":"","attributes":{"pa_summer-products":"summer-detox-%d1%87%d0%b0%d0%b9-summer-wellness-%d1%87%d0%b0%d0%b9-%d0%b6%d1%8a%d0%bb%d1%82%d0%b0-%d0%b1%d1%83%d1%82%d0%b8%d0%bb%d0%ba%d0%b0"},"default_attributes":[],"menu_order":2,"post_password":"","virtual":false,"downloadable":false,"category_ids":[],"tag_ids":[],"shipping_class_id":0,"downloads":[],"image_id":99930,"gallery_image_ids":[],"download_limit":-1,"download_expiry":-1,"rating_counts":[],"average_rating":0,"review_count":0,"attribute_summary":"Summer products: Summer Detox \u010caj + Summer Wellness \u010caj + Steklenica za \u010daj (Rumena)","meta_data":[{"id":251447,"key":"_gtin","value":""},{"id":251448,"key":"_variable_text_field_1","value":""},{"id":251449,"key":"_variable_text_field_2","value":""},{"id":251450,"key":"_variable_text_field_3","value":""},{"id":251451,"key":"fstr-p-sub","value":""},{"id":399537,"key":"_sold_variation_individually","value":"no"},{"id":399538,"key":"_v_label_field","value":""},{"id":648281,"key":"oms_price_updated_at","value":"2024-09-23T09:33:50.072650Z"},{"id":650162,"key":"_old_regular_price","value":"74.1"},{"id":650163,"key":"_old_sale_price","value":"51.9"}],"price_html":"<del aria-hidden=\"true\"><span class=\"woocommerce-Price-amount amount\"><bdi>74.10&nbsp;<span class=\"woocommerce-Price-currencySymbol\">&euro;<\/span><\/bdi><\/span><\/del> <ins><span class=\"woocommerce-Price-amount amount\"><bdi>51.90&nbsp;<span class=\"woocommerce-Price-currencySymbol\">&euro;<\/span><\/bdi><\/span><\/ins>","image":"<img width=\"600\" height=\"600\" src=\"https:\/\/testing.wowtea.eu\/si\/files\/2024\/05\/WOWTEA-web-PP-Summer-editions-Wellness-Upsale-wellnes-detox-bottle-600x600.png\" class=\"attachment-woocommerce_thumbnail size-woocommerce_thumbnail\" alt=\"\" loading=\"lazy\" srcset=\"https:\/\/testing.wowtea.eu\/si\/files\/2024\/05\/WOWTEA-web-PP-Summer-editions-Wellness-Upsale-wellnes-detox-bottle.png 600w, https:\/\/testing.wowtea.eu\/si\/files\/2024\/05\/WOWTEA-web-PP-Summer-editions-Wellness-Upsale-wellnes-detox-bottle-300x300.png 300w, https:\/\/testing.wowtea.eu\/si\/files\/2024\/05\/WOWTEA-web-PP-Summer-editions-Wellness-Upsale-wellnes-detox-bottle-150x150.png 150w, https:\/\/testing.wowtea.eu\/si\/files\/2024\/05\/WOWTEA-web-PP-Summer-editions-Wellness-Upsale-wellnes-detox-bottle-100x100.png 100w, https:\/\/testing.wowtea.eu\/si\/files\/2024\/05\/WOWTEA-web-PP-Summer-editions-Wellness-Upsale-wellnes-detox-bottle-60x60.png 60w, https:\/\/testing.wowtea.eu\/si\/files\/2024\/05\/WOWTEA-web-PP-Summer-editions-Wellness-Upsale-wellnes-detox-bottle-90x90.png 90w, https:\/\/testing.wowtea.eu\/si\/files\/2024\/05\/WOWTEA-web-PP-Summer-editions-Wellness-Upsale-wellnes-detox-bottle-45x45.png 45w\" sizes=\"(max-width: 600px) 100vw, 600px\" \/>","free_delivery":"Brezpla\u010dna dostava"},"86638":{"id":86638,"name":"Summer SlimFit \u010caj + Summer Wellness \u010caj + Steklenica za \u010caj","slug":"summer-slimfit-%d1%87%d0%b0%d0%b9-summer-wellness-%d1%87%d0%b0%d0%b9-%d0%b6%d1%8a%d0%bb%d1%82%d0%b0-%d0%b1%d1%83%d1%82%d0%b8%d0%bb%d0%ba%d0%b0","date_created":{"date":"2021-06-15 10:01:35.000000","timezone_type":3,"timezone":"Europe\/Ljubljana"},"date_modified":{"date":"2024-09-23 11:56:32.000000","timezone_type":3,"timezone":"Europe\/Ljubljana"},"status":"publish","featured":false,"catalog_visibility":"visible","description":"","short_description":"","sku":"WOW-P-SSTSWTBTY","price":"51.90","regular_price":"74.10","sale_price":"51.90","date_on_sale_from":null,"date_on_sale_to":null,"total_sales":"0","tax_status":"taxable","tax_class":"parent","manage_stock":false,"stock_quantity":null,"stock_status":"instock","backorders":"no","low_stock_amount":"","sold_individually":false,"weight":"","length":"","width":"","height":"","upsell_ids":[],"cross_sell_ids":[],"parent_id":86596,"reviews_allowed":false,"purchase_note":"","attributes":{"pa_summer-products":"summer-slimfit-caj-summer-wellness-caj-steklenica-za-caj"},"default_attributes":[],"menu_order":3,"post_password":"","virtual":false,"downloadable":false,"category_ids":[],"tag_ids":[],"shipping_class_id":0,"downloads":[],"image_id":99925,"gallery_image_ids":[],"download_limit":0,"download_expiry":0,"rating_counts":[],"average_rating":0,"review_count":0,"attribute_summary":"Summer products: Summer SlimFit \u010caj + Summer Wellness \u010caj + Steklenica za \u010caj","meta_data":[{"id":250114,"key":"inline_featured_image","value":""},{"id":250115,"key":"yst_prominent_words_version","value":""},{"id":250116,"key":"_wp_page_template","value":""},{"id":250117,"key":"_post_badge","value":""},{"id":250118,"key":"_post_icon_1","value":""},{"id":250119,"key":"_post_icon_2","value":""},{"id":250120,"key":"_post_icon_3","value":""},{"id":250121,"key":"_post_icon_1_text","value":""},{"id":250122,"key":"_post_icon_2_text","value":""},{"id":250123,"key":"_post_icon_3_text","value":""},{"id":250124,"key":"_yoast_wpseo_primary_product_cat","value":""},{"id":250125,"key":"_yoast_wpseo_content_score","value":""},{"id":250126,"key":"_elementor_edit_mode","value":""},{"id":250127,"key":"_elementor_template_type","value":""},{"id":250128,"key":"_elementor_version","value":""},{"id":250129,"key":"_elementor_pro_version","value":""},{"id":250130,"key":"_oembed_b8e247034018ee4812190523170f8f1c","value":""},{"id":250131,"key":"_oembed_time_b8e247034018ee4812190523170f8f1c","value":""},{"id":250132,"key":"_wapl_label_type","value":""},{"id":250133,"key":"_wapl_label_text","value":""},{"id":250134,"key":"_wapl_label_style","value":""},{"id":250135,"key":"_wapl_label_align","value":""},{"id":250136,"key":"_wapl_custom_bg_color","value":""},{"id":250137,"key":"_wapl_custom_text_color","value":""},{"id":250138,"key":"_wapl_label_exclude","value":""},{"id":250139,"key":"fstr-p-sub","value":""},{"id":250140,"key":"fstr-iskit","value":""},{"id":250141,"key":"_mollie_voucher_category","value":""},{"id":250142,"key":"_yoast_wpseo_focuskeywords","value":""},{"id":250143,"key":"_pys_super_pack_cpt_url","value":""},{"id":250144,"key":"_pys_super_pack_cpt_condition","value":""},{"id":250145,"key":"_pys_super_pack_cpt_cart","value":""},{"id":250146,"key":"_gtin","value":""},{"id":250147,"key":"_oembed_d661647b67dd8a32b998f2d0708014be","value":""},{"id":250148,"key":"_oembed_time_d661647b67dd8a32b998f2d0708014be","value":""},{"id":250149,"key":"_foodplan","value":""},{"id":250150,"key":"_homegym","value":""},{"id":250151,"key":"_yogaplan","value":""},{"id":250152,"key":"yo-title-quote","value":""},{"id":250153,"key":"yo-title-quote-second","value":""},{"id":250154,"key":"panam-video","value":""},{"id":250155,"key":"_dp_original","value":""},{"id":250156,"key":"_wp_old_date","value":""},{"id":250157,"key":"_oembed_cccd389a7668e3aa6fc32fc5cb179ea6","value":""},{"id":250158,"key":"attach_general_products","value":""},{"id":250159,"key":"_variable_text_field_1","value":""},{"id":250160,"key":"_variable_text_field_2","value":""},{"id":250161,"key":"_variable_text_field_3","value":""},{"id":399539,"key":"_sold_variation_individually","value":"no"},{"id":399540,"key":"_v_label_field","value":"Save 20%"},{"id":648322,"key":"oms_price_updated_at","value":"2024-09-23T09:34:42.325974Z"},{"id":650211,"key":"_old_regular_price","value":"74.1"},{"id":650212,"key":"_old_sale_price","value":"51.9"}],"price_html":"<del aria-hidden=\"true\"><span class=\"woocommerce-Price-amount amount\"><bdi>74.10&nbsp;<span class=\"woocommerce-Price-currencySymbol\">&euro;<\/span><\/bdi><\/span><\/del> <ins><span class=\"woocommerce-Price-amount amount\"><bdi>51.90&nbsp;<span class=\"woocommerce-Price-currencySymbol\">&euro;<\/span><\/bdi><\/span><\/ins>","image":"<img width=\"600\" height=\"600\" src=\"https:\/\/testing.wowtea.eu\/si\/files\/2024\/05\/WOWTEA-web-Shop-Summer-editions-love-your-summer-body-wellness-slimfit-600x600.png\" class=\"attachment-woocommerce_thumbnail size-woocommerce_thumbnail\" alt=\"\" loading=\"lazy\" srcset=\"https:\/\/testing.wowtea.eu\/si\/files\/2024\/05\/WOWTEA-web-Shop-Summer-editions-love-your-summer-body-wellness-slimfit.png 600w, https:\/\/testing.wowtea.eu\/si\/files\/2024\/05\/WOWTEA-web-Shop-Summer-editions-love-your-summer-body-wellness-slimfit-300x300.png 300w, https:\/\/testing.wowtea.eu\/si\/files\/2024\/05\/WOWTEA-web-Shop-Summer-editions-love-your-summer-body-wellness-slimfit-150x150.png 150w, https:\/\/testing.wowtea.eu\/si\/files\/2024\/05\/WOWTEA-web-Shop-Summer-editions-love-your-summer-body-wellness-slimfit-100x100.png 100w, https:\/\/testing.wowtea.eu\/si\/files\/2024\/05\/WOWTEA-web-Shop-Summer-editions-love-your-summer-body-wellness-slimfit-60x60.png 60w, https:\/\/testing.wowtea.eu\/si\/files\/2024\/05\/WOWTEA-web-Shop-Summer-editions-love-your-summer-body-wellness-slimfit-90x90.png 90w, https:\/\/testing.wowtea.eu\/si\/files\/2024\/05\/WOWTEA-web-Shop-Summer-editions-love-your-summer-body-wellness-slimfit-45x45.png 45w\" sizes=\"(max-width: 600px) 100vw, 600px\" \/>","free_delivery":"Brezpla\u010dna dostava"}},"free_delivery":false,"currency_name":"&euro;","_links":{"self":[{"href":"https:\/\/testing.wowtea.eu\/si\/wp-json\/wp\/v2\/product\/86596"}],"collection":[{"href":"https:\/\/testing.wowtea.eu\/si\/wp-json\/wp\/v2\/product"}],"about":[{"href":"https:\/\/testing.wowtea.eu\/si\/wp-json\/wp\/v2\/types\/product"}],"replies":[{"embeddable":true,"href":"https:\/\/testing.wowtea.eu\/si\/wp-json\/wp\/v2\/comments?post=86596"}],"version-history":[{"count":0,"href":"https:\/\/testing.wowtea.eu\/si\/wp-json\/wp\/v2\/product\/86596\/revisions"}],"wp:featuredmedia":[{"embeddable":true,"href":"https:\/\/testing.wowtea.eu\/si\/wp-json\/wp\/v2\/media\/99866"}],"wp:attachment":[{"href":"https:\/\/testing.wowtea.eu\/si\/wp-json\/wp\/v2\/media?parent=86596"}],"wp:term":[{"taxonomy":"product_cat","embeddable":true,"href":"https:\/\/testing.wowtea.eu\/si\/wp-json\/wp\/v2\/product_cat?post=86596"},{"taxonomy":"product_tag","embeddable":true,"href":"https:\/\/testing.wowtea.eu\/si\/wp-json\/wp\/v2\/product_tag?post=86596"}],"curies":[{"name":"wp","href":"https:\/\/api.w.org\/{rel}","templated":true}]}}