{"id":93412,"date":"2022-10-11T07:51:41","date_gmt":"2022-10-11T05:51:41","guid":{"rendered":"https:\/\/testing.wowtea.eu\/si\/?post_type=product&#038;p=93412"},"modified":"2024-09-23T11:56:50","modified_gmt":"2024-09-23T09:56:50","slug":"all-summer-set","status":"publish","type":"product","link":"https:\/\/testing.wowtea.eu\/si\/product\/all-summer-set\/","title":{"rendered":"All Summer Set"},"content":{"rendered":"\t\t<div data-elementor-type=\"product-post\" data-elementor-id=\"93412\" class=\"elementor elementor-93412\">\n\t\t\t\t\t\t<div class=\"elementor-inner\">\n\t\t\t\t<div class=\"elementor-section-wrap\">\n\t\t\t\t\t\t\t\t\t<section class=\"elementor-section elementor-top-section elementor-element elementor-element-21d94b8 elementor-section-full_width elementor-hidden-phone elementor-section-height-default elementor-section-height-default\" data-id=\"21d94b8\" data-element_type=\"section\">\n\t\t\t\t\t\t<div class=\"elementor-container elementor-column-gap-default\">\n\t\t\t\t\t\t\t<div class=\"elementor-row\">\n\t\t\t\t\t<div class=\"elementor-column elementor-col-100 elementor-top-column elementor-element elementor-element-f1d0d9c\" data-id=\"f1d0d9c\" data-element_type=\"column\">\n\t\t\t<div class=\"elementor-column-wrap elementor-element-populated\">\n\t\t\t\t\t\t\t<div class=\"elementor-widget-wrap\">\n\t\t\t\t\t\t<div class=\"elementor-element elementor-element-a1d83ae elementor-widget elementor-widget-free_plans\" data-id=\"a1d83ae\" data-element_type=\"widget\" data-widget_type=\"free_plans.default\">\n\t\t\t\t<div class=\"elementor-widget-container\">\n\t\t\t\n               <div class=\"row free_plan_box_wrapper\">\n\t\t\t            <!-- <div class=\"col medium_4\"> -->\n               <div class=\"free_plan_box\">\n                  <div class=\"img_wrap\">\n                     <figure>\n                        <img src=\"https:\/\/testing.wowtea.eu\/wp-content\/uploads\/2021\/04\/food_plan-1.png\" alt=\"<span> + Brezpla\u010dno<\/span> na\u010drt prehrane\">\n                     <\/figure>\n                  <\/div>\n                  <div class=\"content\">\n                     <h4 class=\"icon_title\"><span> + Brezpla\u010dno<\/span> na\u010drt prehrane <small>za vsa naro\u010dila<\/small><\/h4>\n                  <\/div>\n               <\/div>\n            <!-- <\/div> -->\n                     <!-- <div class=\"col medium_4\"> -->\n               <div class=\"free_plan_box\">\n                  <div class=\"img_wrap\">\n                     <figure>\n                        <img src=\"https:\/\/testing.wowtea.eu\/wp-content\/uploads\/2021\/04\/workout_plan-1.png\" alt=\"<span> + Brezpla\u010dno<\/span> na\u010drt usposabljanja na domu\">\n                     <\/figure>\n                  <\/div>\n                  <div class=\"content\">\n                     <h4 class=\"icon_title\"><span> + Brezpla\u010dno<\/span> na\u010drt usposabljanja na domu <small>za vsa naro\u010dila nad \u20ac30!<\/small><\/h4>\n                  <\/div>\n               <\/div>\n            <!-- <\/div> -->\n                     <!-- <div class=\"col medium_4\"> -->\n               <div class=\"free_plan_box\">\n                  <div class=\"img_wrap\">\n                     <figure>\n                        <img src=\"https:\/\/testing.wowtea.eu\/wp-content\/uploads\/2021\/04\/yoga_plan-1.png\" alt=\"<span> + Brezpla\u010dno<\/span> program joge\">\n                     <\/figure>\n                  <\/div>\n                  <div class=\"content\">\n                     <h4 class=\"icon_title\"><span> + Brezpla\u010dno<\/span> program joge <small>za vsa naro\u010dila wellness \u010daja!<\/small><\/h4>\n                  <\/div>\n               <\/div>\n            <!-- <\/div> -->\n                  <\/div>\n      \n      \n   \t\t<\/div>\n\t\t\t\t<\/div>\n\t\t\t\t\t\t<\/div>\n\t\t\t\t\t<\/div>\n\t\t<\/div>\n\t\t\t\t\t\t\t\t<\/div>\n\t\t\t\t\t<\/div>\n\t\t<\/section>\n\t\t\t\t<section class=\"elementor-section elementor-top-section elementor-element elementor-element-91d371b elementor-section-full_width elementor-hidden-desktop elementor-hidden-tablet elementor-section-height-default elementor-section-height-default\" data-id=\"91d371b\" data-element_type=\"section\">\n\t\t\t\t\t\t<div class=\"elementor-container elementor-column-gap-default\">\n\t\t\t\t\t\t\t<div class=\"elementor-row\">\n\t\t\t\t\t<div class=\"elementor-column elementor-col-100 elementor-top-column elementor-element elementor-element-e9ea549\" data-id=\"e9ea549\" data-element_type=\"column\">\n\t\t\t<div class=\"elementor-column-wrap elementor-element-populated\">\n\t\t\t\t\t\t\t<div class=\"elementor-widget-wrap\">\n\t\t\t\t\t\t<div class=\"elementor-element elementor-element-7d67436 elementor-widget elementor-widget-free_plans\" data-id=\"7d67436\" data-element_type=\"widget\" data-widget_type=\"free_plans.default\">\n\t\t\t\t<div class=\"elementor-widget-container\">\n\t\t\t\n               <div class=\"row free_plan_box_wrapper\">\n\t\t\t            <!-- <div class=\"col medium_4\"> -->\n               <div class=\"free_plan_box\">\n                  <div class=\"img_wrap\">\n                     <figure>\n                        <img src=\"https:\/\/testing.wowtea.eu\/wp-content\/uploads\/2021\/04\/food_plan-1.png\" alt=\"<span> + Brezpla\u010dno <\/span> na\u010drt prehrane\">\n                     <\/figure>\n                  <\/div>\n                  <div class=\"content\">\n                     <h4 class=\"icon_title\"><span> + Brezpla\u010dno <\/span> na\u010drt prehrane <small>za vsa naro\u010dila<\/small><\/h4>\n                  <\/div>\n               <\/div>\n            <!-- <\/div> -->\n                     <!-- <div class=\"col medium_4\"> -->\n               <div class=\"free_plan_box\">\n                  <div class=\"img_wrap\">\n                     <figure>\n                        <img src=\"https:\/\/testing.wowtea.eu\/wp-content\/uploads\/2021\/04\/workout_plan-1.png\" alt=\"<span> + Brezpla\u010dno <\/span> na\u010drt usposabljanja na domu\">\n                     <\/figure>\n                  <\/div>\n                  <div class=\"content\">\n                     <h4 class=\"icon_title\"><span> + Brezpla\u010dno <\/span> na\u010drt usposabljanja na domu <small>za vsa naro\u010dila nad \u20ac30!<\/small><\/h4>\n                  <\/div>\n               <\/div>\n            <!-- <\/div> -->\n                     <!-- <div class=\"col medium_4\"> -->\n               <div class=\"free_plan_box\">\n                  <div class=\"img_wrap\">\n                     <figure>\n                        <img src=\"https:\/\/testing.wowtea.eu\/wp-content\/uploads\/2021\/04\/yoga_plan-1.png\" alt=\"<span> + Brezpla\u010dno <\/span> program joge\">\n                     <\/figure>\n                  <\/div>\n                  <div class=\"content\">\n                     <h4 class=\"icon_title\"><span> + Brezpla\u010dno <\/span> program joge <small>za vsa naro\u010dila wellness \u010daja!<\/small><\/h4>\n                  <\/div>\n               <\/div>\n            <!-- <\/div> -->\n                  <\/div>\n      \n      \n   \t\t<\/div>\n\t\t\t\t<\/div>\n\t\t\t\t\t\t<\/div>\n\t\t\t\t\t<\/div>\n\t\t<\/div>\n\t\t\t\t\t\t\t\t<\/div>\n\t\t\t\t\t<\/div>\n\t\t<\/section>\n\t\t\t\t<section class=\"elementor-section elementor-top-section elementor-element elementor-element-553a004 elementor-section-full_width elementor-reverse-mobile elementor-section-height-min-height elementor-section-height-default elementor-section-items-middle\" data-id=\"553a004\" data-element_type=\"section\" data-settings=\"{&quot;background_background&quot;:&quot;classic&quot;}\">\n\t\t\t\t\t\t<div class=\"elementor-container elementor-column-gap-no\">\n\t\t\t\t\t\t\t<div class=\"elementor-row\">\n\t\t\t\t\t<div class=\"elementor-column elementor-col-50 elementor-top-column elementor-element elementor-element-4ce7a59\" data-id=\"4ce7a59\" data-element_type=\"column\">\n\t\t\t<div class=\"elementor-column-wrap elementor-element-populated\">\n\t\t\t\t\t\t\t<div class=\"elementor-widget-wrap\">\n\t\t\t\t\t\t<div class=\"elementor-element elementor-element-b328715 elementor-widget elementor-widget-spacer\" data-id=\"b328715\" data-element_type=\"widget\" data-widget_type=\"spacer.default\">\n\t\t\t\t<div class=\"elementor-widget-container\">\n\t\t\t\t\t<div class=\"elementor-spacer\">\n\t\t\t<div class=\"elementor-spacer-inner\"><\/div>\n\t\t<\/div>\n\t\t\t\t<\/div>\n\t\t\t\t<\/div>\n\t\t\t\t\t\t<\/div>\n\t\t\t\t\t<\/div>\n\t\t<\/div>\n\t\t\t\t<div class=\"elementor-column elementor-col-50 elementor-top-column elementor-element elementor-element-d5f64a5\" data-id=\"d5f64a5\" data-element_type=\"column\">\n\t\t\t<div class=\"elementor-column-wrap elementor-element-populated\">\n\t\t\t\t\t\t\t<div class=\"elementor-widget-wrap\">\n\t\t\t\t\t\t<div class=\"elementor-element elementor-element-0598aec elementor-widget elementor-widget-heading\" data-id=\"0598aec\" data-element_type=\"widget\" data-widget_type=\"heading.default\">\n\t\t\t\t<div class=\"elementor-widget-container\">\n\t\t\t<h2 class=\"elementor-heading-title elementor-size-default\">\nNeverjetno vidni rezultati zame  <br> <span style=\"background-color:#FADEE9\">  in manj plastike za planet!<\/h2>\t\t<\/div>\n\t\t\t\t<\/div>\n\t\t\t\t\t\t<\/div>\n\t\t\t\t\t<\/div>\n\t\t<\/div>\n\t\t\t\t\t\t\t\t<\/div>\n\t\t\t\t\t<\/div>\n\t\t<\/section>\n\t\t\t\t<section class=\"elementor-section elementor-top-section elementor-element elementor-element-c3646da elementor-section-boxed elementor-section-height-default elementor-section-height-default\" data-id=\"c3646da\" data-element_type=\"section\">\n\t\t\t\t\t\t<div class=\"elementor-container elementor-column-gap-no\">\n\t\t\t\t\t\t\t<div class=\"elementor-row\">\n\t\t\t\t\t<div class=\"elementor-column elementor-col-100 elementor-top-column elementor-element elementor-element-fd1fae5\" data-id=\"fd1fae5\" data-element_type=\"column\">\n\t\t\t<div class=\"elementor-column-wrap elementor-element-populated\">\n\t\t\t\t\t\t\t<div class=\"elementor-widget-wrap\">\n\t\t\t\t\t\t<div class=\"elementor-element elementor-element-3b01f60 elementor-widget elementor-widget-custom_title\" data-id=\"3b01f60\" data-element_type=\"widget\" data-widget_type=\"custom_title.default\">\n\t\t\t\t<div class=\"elementor-widget-container\">\n\t\t\t      <!-- border_title center_border -->\n      \n               <div class=\"custom_title\" style=\"color: #DB206C\" >\n            <h2 class=\"title border_title center \"><span>ALL SUMMER SET<\/span> <\/h2>\n         <\/div>\n      \n\n   \t\t<\/div>\n\t\t\t\t<\/div>\n\t\t\t\t<div class=\"elementor-element elementor-element-73a9a76 elementor-widget elementor-widget-text-editor\" data-id=\"73a9a76\" data-element_type=\"widget\" data-widget_type=\"text-editor.default\">\n\t\t\t\t<div class=\"elementor-widget-container\">\n\t\t\t\t\t\t\t\t<div class=\"elementor-text-editor elementor-clearfix\">\n\t\t\t\t<p>Kaj lahko dobite v \u0161katli?<\/p>\t\t\t\t\t<\/div>\n\t\t\t\t\t\t<\/div>\n\t\t\t\t<\/div>\n\t\t\t\t\t\t<\/div>\n\t\t\t\t\t<\/div>\n\t\t<\/div>\n\t\t\t\t\t\t\t\t<\/div>\n\t\t\t\t\t<\/div>\n\t\t<\/section>\n\t\t\t\t<section class=\"elementor-section elementor-top-section elementor-element elementor-element-6d7a0ef elementor-section-boxed elementor-section-height-default elementor-section-height-default\" data-id=\"6d7a0ef\" data-element_type=\"section\">\n\t\t\t\t\t\t<div class=\"elementor-container elementor-column-gap-default\">\n\t\t\t\t\t\t\t<div class=\"elementor-row\">\n\t\t\t\t\t<div class=\"elementor-column elementor-col-100 elementor-top-column elementor-element elementor-element-712f7f4\" data-id=\"712f7f4\" data-element_type=\"column\">\n\t\t\t<div class=\"elementor-column-wrap elementor-element-populated\">\n\t\t\t\t\t\t\t<div class=\"elementor-widget-wrap\">\n\t\t\t\t\t\t<div class=\"elementor-element elementor-element-6236f8f elementor-widget elementor-widget-custom_title\" data-id=\"6236f8f\" data-element_type=\"widget\" data-widget_type=\"custom_title.default\">\n\t\t\t\t<div class=\"elementor-widget-container\">\n\t\t\t      <!-- border_title center_border -->\n      \n               <div class=\"custom_title\"  >\n            <h2 class=\"title border_title center \"><span>Pijte bolje. Po\u010dutite se bolje. Izgledajte bolje.\n<\/span> <\/h2>\n         <\/div>\n      \n\n   \t\t<\/div>\n\t\t\t\t<\/div>\n\t\t\t\t\t\t<\/div>\n\t\t\t\t\t<\/div>\n\t\t<\/div>\n\t\t\t\t\t\t\t\t<\/div>\n\t\t\t\t\t<\/div>\n\t\t<\/section>\n\t\t\t\t<section class=\"elementor-section elementor-top-section elementor-element elementor-element-ff9d17a elementor-section-full_width elementor-section-height-min-height elementor-section-height-default elementor-section-items-middle\" data-id=\"ff9d17a\" data-element_type=\"section\" data-settings=\"{&quot;background_background&quot;:&quot;classic&quot;}\">\n\t\t\t\t\t\t<div class=\"elementor-container elementor-column-gap-no\">\n\t\t\t\t\t\t\t<div class=\"elementor-row\">\n\t\t\t\t\t<div class=\"elementor-column elementor-col-100 elementor-top-column elementor-element elementor-element-dd3bccd\" data-id=\"dd3bccd\" data-element_type=\"column\" data-settings=\"{&quot;background_background&quot;:&quot;classic&quot;}\">\n\t\t\t<div class=\"elementor-column-wrap\">\n\t\t\t\t\t\t\t<div class=\"elementor-widget-wrap\">\n\t\t\t\t\t\t\t\t<\/div>\n\t\t\t\t\t<\/div>\n\t\t<\/div>\n\t\t\t\t\t\t\t\t<\/div>\n\t\t\t\t\t<\/div>\n\t\t<\/section>\n\t\t\t\t<section class=\"elementor-section elementor-top-section elementor-element elementor-element-c96f05c elementor-section-height-min-height elementor-hidden-tablet elementor-hidden-phone elementor-section-boxed elementor-section-height-default elementor-section-items-middle\" data-id=\"c96f05c\" data-element_type=\"section\" data-settings=\"{&quot;background_background&quot;:&quot;classic&quot;}\">\n\t\t\t\t\t\t\t<div class=\"elementor-background-overlay\"><\/div>\n\t\t\t\t\t\t\t<div class=\"elementor-container elementor-column-gap-default\">\n\t\t\t\t\t\t\t<div class=\"elementor-row\">\n\t\t\t\t\t<div class=\"elementor-column elementor-col-50 elementor-top-column elementor-element elementor-element-8a4ed56\" data-id=\"8a4ed56\" data-element_type=\"column\" data-settings=\"{&quot;background_background&quot;:&quot;classic&quot;}\">\n\t\t\t<div class=\"elementor-column-wrap\">\n\t\t\t\t\t\t\t<div class=\"elementor-widget-wrap\">\n\t\t\t\t\t\t\t\t<\/div>\n\t\t\t\t\t<\/div>\n\t\t<\/div>\n\t\t\t\t<div class=\"elementor-column elementor-col-50 elementor-top-column elementor-element elementor-element-1c8f63a\" data-id=\"1c8f63a\" data-element_type=\"column\">\n\t\t\t<div class=\"elementor-column-wrap elementor-element-populated\">\n\t\t\t\t\t\t\t<div class=\"elementor-widget-wrap\">\n\t\t\t\t\t\t<div class=\"elementor-element elementor-element-12c6dbc elementor-widget elementor-widget-heading\" data-id=\"12c6dbc\" data-element_type=\"widget\" data-widget_type=\"heading.default\">\n\t\t\t\t<div class=\"elementor-widget-container\">\n\t\t\t<h2 class=\"elementor-heading-title elementor-size-default\">ENOSTAVNA PRIPRAVA<\/h2>\t\t<\/div>\n\t\t\t\t<\/div>\n\t\t\t\t\t\t<\/div>\n\t\t\t\t\t<\/div>\n\t\t<\/div>\n\t\t\t\t\t\t\t\t<\/div>\n\t\t\t\t\t<\/div>\n\t\t<\/section>\n\t\t\t\t<section class=\"elementor-section elementor-top-section elementor-element elementor-element-5202c90 elementor-section-full_width elementor-section-height-min-height elementor-hidden-desktop elementor-hidden-tablet elementor-section-height-default elementor-section-items-middle\" data-id=\"5202c90\" data-element_type=\"section\" data-settings=\"{&quot;background_background&quot;:&quot;classic&quot;}\">\n\t\t\t\t\t\t\t<div class=\"elementor-background-overlay\"><\/div>\n\t\t\t\t\t\t\t<div class=\"elementor-container elementor-column-gap-no\">\n\t\t\t\t\t\t\t<div class=\"elementor-row\">\n\t\t\t\t\t<div class=\"elementor-column elementor-col-100 elementor-top-column elementor-element elementor-element-1c649d9\" data-id=\"1c649d9\" data-element_type=\"column\">\n\t\t\t<div class=\"elementor-column-wrap elementor-element-populated\">\n\t\t\t\t\t\t\t<div class=\"elementor-widget-wrap\">\n\t\t\t\t\t\t<div class=\"elementor-element elementor-element-d6a7cd3 elementor-widget elementor-widget-image\" data-id=\"d6a7cd3\" data-element_type=\"widget\" data-widget_type=\"image.default\">\n\t\t\t\t<div class=\"elementor-widget-container\">\n\t\t\t\t\t\t\t\t<div class=\"elementor-image\">\n\t\t\t\t\t\t\t\t\t\t\t\t<img width=\"460\" height=\"600\" src=\"https:\/\/testing.wowtea.eu\/si\/files\/2022\/10\/How-to-prepare-mobile-1.jpg\" class=\"attachment-large size-large wp-image-93427\" alt=\"\" loading=\"lazy\" srcset=\"https:\/\/testing.wowtea.eu\/si\/files\/2022\/10\/How-to-prepare-mobile-1.jpg 460w, https:\/\/testing.wowtea.eu\/si\/files\/2022\/10\/How-to-prepare-mobile-1-230x300.jpg 230w, https:\/\/testing.wowtea.eu\/si\/files\/2022\/10\/How-to-prepare-mobile-1-77x100.jpg 77w\" sizes=\"(max-width: 460px) 100vw, 460px\" \/>\t\t\t\t\t\t\t\t\t\t\t\t\t\t<\/div>\n\t\t\t\t\t\t<\/div>\n\t\t\t\t<\/div>\n\t\t\t\t<div class=\"elementor-element elementor-element-824eb89 elementor-widget elementor-widget-heading\" data-id=\"824eb89\" data-element_type=\"widget\" data-widget_type=\"heading.default\">\n\t\t\t\t<div class=\"elementor-widget-container\">\n\t\t\t<h2 class=\"elementor-heading-title elementor-size-default\">ENOSTAVNA PRIPRAVA<\/h2>\t\t<\/div>\n\t\t\t\t<\/div>\n\t\t\t\t\t\t<\/div>\n\t\t\t\t\t<\/div>\n\t\t<\/div>\n\t\t\t\t\t\t\t\t<\/div>\n\t\t\t\t\t<\/div>\n\t\t<\/section>\n\t\t\t\t<section class=\"elementor-section elementor-top-section elementor-element elementor-element-eb315c0 elementor-section-full_width elementor-section-height-default elementor-section-height-default\" data-id=\"eb315c0\" data-element_type=\"section\">\n\t\t\t\t\t\t<div class=\"elementor-container elementor-column-gap-no\">\n\t\t\t\t\t\t\t<div class=\"elementor-row\">\n\t\t\t\t\t<div class=\"elementor-column elementor-col-100 elementor-top-column elementor-element elementor-element-125030f\" data-id=\"125030f\" data-element_type=\"column\">\n\t\t\t<div class=\"elementor-column-wrap elementor-element-populated\">\n\t\t\t\t\t\t\t<div class=\"elementor-widget-wrap\">\n\t\t\t\t\t\t<div class=\"elementor-element elementor-element-37884f9 elementor-widget elementor-widget-image\" data-id=\"37884f9\" data-element_type=\"widget\" data-widget_type=\"image.default\">\n\t\t\t\t<div class=\"elementor-widget-container\">\n\t\t\t\t\t\t\t\t<div class=\"elementor-image\">\n\t\t\t\t\t\t\t\t\t\t\t\t<img src=\"https:\/\/testing.wowtea.eu\/wp-content\/uploads\/2022\/09\/mmm...too-good-summer-D.svg\" title=\"\" alt=\"\" loading=\"lazy\" \/>\t\t\t\t\t\t\t\t\t\t\t\t\t\t<\/div>\n\t\t\t\t\t\t<\/div>\n\t\t\t\t<\/div>\n\t\t\t\t\t\t<\/div>\n\t\t\t\t\t<\/div>\n\t\t<\/div>\n\t\t\t\t\t\t\t\t<\/div>\n\t\t\t\t\t<\/div>\n\t\t<\/section>\n\t\t\t\t<section class=\"elementor-section elementor-top-section elementor-element elementor-element-56c56ae elementor-section-full_width elementor-section-height-default elementor-section-height-default\" data-id=\"56c56ae\" data-element_type=\"section\">\n\t\t\t\t\t\t<div class=\"elementor-container elementor-column-gap-no\">\n\t\t\t\t\t\t\t<div class=\"elementor-row\">\n\t\t\t\t\t<div class=\"elementor-column elementor-col-100 elementor-top-column elementor-element elementor-element-5b4e163\" data-id=\"5b4e163\" data-element_type=\"column\">\n\t\t\t<div class=\"elementor-column-wrap elementor-element-populated\">\n\t\t\t\t\t\t\t<div class=\"elementor-widget-wrap\">\n\t\t\t\t\t\t<section class=\"elementor-section elementor-inner-section elementor-element elementor-element-f54afaf elementor-section-full_width elementor-hidden-phone elementor-section-height-default elementor-section-height-default\" data-id=\"f54afaf\" data-element_type=\"section\">\n\t\t\t\t\t\t<div class=\"elementor-container elementor-column-gap-no\">\n\t\t\t\t\t\t\t<div class=\"elementor-row\">\n\t\t\t\t\t<div class=\"elementor-column elementor-col-100 elementor-inner-column elementor-element elementor-element-cdd3b46\" data-id=\"cdd3b46\" data-element_type=\"column\">\n\t\t\t<div class=\"elementor-column-wrap elementor-element-populated\">\n\t\t\t\t\t\t\t<div class=\"elementor-widget-wrap\">\n\t\t\t\t\t\t<div class=\"elementor-element elementor-element-91ca8b5 elementor-widget elementor-widget-image\" data-id=\"91ca8b5\" data-element_type=\"widget\" data-widget_type=\"image.default\">\n\t\t\t\t<div class=\"elementor-widget-container\">\n\t\t\t\t\t\t\t\t<div class=\"elementor-image\">\n\t\t\t\t\t\t\t\t\t\t\t\t<img width=\"1920\" height=\"650\" src=\"https:\/\/testing.wowtea.eu\/si\/files\/2022\/10\/CTA-banner-summer-bundle-D.jpg\" class=\"attachment-full size-full wp-image-93429\" alt=\"\" loading=\"lazy\" srcset=\"https:\/\/testing.wowtea.eu\/si\/files\/2022\/10\/CTA-banner-summer-bundle-D.jpg 1920w, https:\/\/testing.wowtea.eu\/si\/files\/2022\/10\/CTA-banner-summer-bundle-D-300x102.jpg 300w, https:\/\/testing.wowtea.eu\/si\/files\/2022\/10\/CTA-banner-summer-bundle-D-1024x347.jpg 1024w, https:\/\/testing.wowtea.eu\/si\/files\/2022\/10\/CTA-banner-summer-bundle-D-768x260.jpg 768w, https:\/\/testing.wowtea.eu\/si\/files\/2022\/10\/CTA-banner-summer-bundle-D-1536x520.jpg 1536w, https:\/\/testing.wowtea.eu\/si\/files\/2022\/10\/CTA-banner-summer-bundle-D-100x34.jpg 100w, https:\/\/testing.wowtea.eu\/si\/files\/2022\/10\/CTA-banner-summer-bundle-D-600x203.jpg 600w\" sizes=\"(max-width: 1920px) 100vw, 1920px\" \/>\t\t\t\t\t\t\t\t\t\t\t\t\t\t<\/div>\n\t\t\t\t\t\t<\/div>\n\t\t\t\t<\/div>\n\t\t\t\t\t\t<\/div>\n\t\t\t\t\t<\/div>\n\t\t<\/div>\n\t\t\t\t\t\t\t\t<\/div>\n\t\t\t\t\t<\/div>\n\t\t<\/section>\n\t\t\t\t<section class=\"elementor-section elementor-inner-section elementor-element elementor-element-1b0a368 elementor-section-full_width elementor-hidden-desktop elementor-hidden-tablet elementor-section-height-default elementor-section-height-default\" data-id=\"1b0a368\" data-element_type=\"section\">\n\t\t\t\t\t\t<div class=\"elementor-container elementor-column-gap-no\">\n\t\t\t\t\t\t\t<div class=\"elementor-row\">\n\t\t\t\t\t<div class=\"elementor-column elementor-col-100 elementor-inner-column elementor-element elementor-element-ed596ec\" data-id=\"ed596ec\" data-element_type=\"column\">\n\t\t\t<div class=\"elementor-column-wrap elementor-element-populated\">\n\t\t\t\t\t\t\t<div class=\"elementor-widget-wrap\">\n\t\t\t\t\t\t<div class=\"elementor-element elementor-element-3932eb9 elementor-widget elementor-widget-image\" data-id=\"3932eb9\" data-element_type=\"widget\" data-widget_type=\"image.default\">\n\t\t\t\t<div class=\"elementor-widget-container\">\n\t\t\t\t\t\t\t\t<div class=\"elementor-image\">\n\t\t\t\t\t\t\t\t\t\t\t\t<img width=\"360\" height=\"435\" src=\"https:\/\/testing.wowtea.eu\/si\/files\/2022\/10\/CTA-banner-summer-bundle-M.jpg\" class=\"attachment-full size-full wp-image-93428\" alt=\"\" loading=\"lazy\" srcset=\"https:\/\/testing.wowtea.eu\/si\/files\/2022\/10\/CTA-banner-summer-bundle-M.jpg 360w, https:\/\/testing.wowtea.eu\/si\/files\/2022\/10\/CTA-banner-summer-bundle-M-248x300.jpg 248w, https:\/\/testing.wowtea.eu\/si\/files\/2022\/10\/CTA-banner-summer-bundle-M-83x100.jpg 83w\" sizes=\"(max-width: 360px) 100vw, 360px\" \/>\t\t\t\t\t\t\t\t\t\t\t\t\t\t<\/div>\n\t\t\t\t\t\t<\/div>\n\t\t\t\t<\/div>\n\t\t\t\t\t\t<\/div>\n\t\t\t\t\t<\/div>\n\t\t<\/div>\n\t\t\t\t\t\t\t\t<\/div>\n\t\t\t\t\t<\/div>\n\t\t<\/section>\n\t\t\t\t\t\t<\/div>\n\t\t\t\t\t<\/div>\n\t\t<\/div>\n\t\t\t\t\t\t\t\t<\/div>\n\t\t\t\t\t<\/div>\n\t\t<\/section>\n\t\t\t\t<section class=\"elementor-section elementor-top-section elementor-element elementor-element-1de832e elementor-section-boxed elementor-section-height-default elementor-section-height-default\" data-id=\"1de832e\" data-element_type=\"section\">\n\t\t\t\t\t\t<div class=\"elementor-container elementor-column-gap-default\">\n\t\t\t\t\t\t\t<div class=\"elementor-row\">\n\t\t\t\t\t<div class=\"elementor-column elementor-col-100 elementor-top-column elementor-element elementor-element-3518e3d\" data-id=\"3518e3d\" data-element_type=\"column\">\n\t\t\t<div class=\"elementor-column-wrap elementor-element-populated\">\n\t\t\t\t\t\t\t<div class=\"elementor-widget-wrap\">\n\t\t\t\t\t\t<div class=\"elementor-element elementor-element-c04b03d elementor-widget elementor-widget-html\" data-id=\"c04b03d\" data-element_type=\"widget\" data-widget_type=\"html.default\">\n\t\t\t\t<div class=\"elementor-widget-container\">\n\t\t\t<!-- TrustBox widget - Carousel -->\r\n<div class=\"trustpilot-widget\" data-locale=\"en-US\" data-template-id=\"53aa8912dec7e10d38f59f36\" data-businessunit-id=\"60029def312cb900013df992\" data-style-height=\"320px\" data-style-width=\"100%\" data-theme=\"light\" data-tags=\"CZ\" data-stars=\"1,2,3,4,5\">\r\n  <a href=\"https:\/\/www.trustpilot.com\/review\/testing.wowtea.eu\" target=\"_blank\" rel=\"noopener\">Trustpilot<\/a>\r\n<\/div>\r\n<!-- End TrustBox widget -->\t\t<\/div>\n\t\t\t\t<\/div>\n\t\t\t\t\t\t<\/div>\n\t\t\t\t\t<\/div>\n\t\t<\/div>\n\t\t\t\t\t\t\t\t<\/div>\n\t\t\t\t\t<\/div>\n\t\t<\/section>\n\t\t\t\t\t\t\t\t\t<\/div>\n\t\t\t<\/div>\n\t\t\t\t\t<\/div>\n\t\t","protected":false},"excerpt":{"rendered":"<p>&nbsp;<\/p>\n<ul class=\"check_list\">\n<li>\n<h4>Bodite hitreje fit z novo Summer SlimFit<\/h4>\n<p>degustacijo eksoti\u010dnega manga in di\u0161e\u010dega kokosa.<\/li>\n<li>\n<h4>Za\u010dnite razstrupljati in alkalizirati s prvim po\u017eirkom<\/h4>\n<p>na\u0161ega poletnega razstrupljanja, ki prihaja s sve\u017eim okusom citrusov in dodatnimi antioksidanti! U\u010dinek ob\u010dutite \u017ee v prvih 24 urah!<\/li>\n<li>\n<h4>Pove\u010dajte svojo odpornost in vitalnost z najokusnej\u0161im<\/h4>\n<p>ajurvedskim receptom, obogatenim z ekstra zdravimi zeli\u0161\u010di in okusom so\u010dnega manga in sladke breskve!<\/li>\n<li>\n<h4>U\u017eivajte v poletnem \u010daju v omejeni izdaji stekleni\u010dke z infuzorjem<\/h4>\n<p>To je najbolj\u0161i na\u010din za pitje \u010daja in tudi pomo\u010d okolju!<\/li>\n<\/ul>\n","protected":false},"featured_media":99927,"comment_status":"open","ping_status":"closed","template":"","meta":{"inline_featured_image":false},"product_cat":[103,109],"product_tag":[],"acf":[],"variations_data":[],"free_delivery":false,"currency_name":"&euro;","_links":{"self":[{"href":"https:\/\/testing.wowtea.eu\/si\/wp-json\/wp\/v2\/product\/93412"}],"collection":[{"href":"https:\/\/testing.wowtea.eu\/si\/wp-json\/wp\/v2\/product"}],"about":[{"href":"https:\/\/testing.wowtea.eu\/si\/wp-json\/wp\/v2\/types\/product"}],"replies":[{"embeddable":true,"href":"https:\/\/testing.wowtea.eu\/si\/wp-json\/wp\/v2\/comments?post=93412"}],"version-history":[{"count":0,"href":"https:\/\/testing.wowtea.eu\/si\/wp-json\/wp\/v2\/product\/93412\/revisions"}],"wp:featuredmedia":[{"embeddable":true,"href":"https:\/\/testing.wowtea.eu\/si\/wp-json\/wp\/v2\/media\/99927"}],"wp:attachment":[{"href":"https:\/\/testing.wowtea.eu\/si\/wp-json\/wp\/v2\/media?parent=93412"}],"wp:term":[{"taxonomy":"product_cat","embeddable":true,"href":"https:\/\/testing.wowtea.eu\/si\/wp-json\/wp\/v2\/product_cat?post=93412"},{"taxonomy":"product_tag","embeddable":true,"href":"https:\/\/testing.wowtea.eu\/si\/wp-json\/wp\/v2\/product_tag?post=93412"}],"curies":[{"name":"wp","href":"https:\/\/api.w.org\/{rel}","templated":true}]}}