{"id":125888,"date":"2024-08-13T12:39:16","date_gmt":"2024-08-13T10:39:16","guid":{"rendered":"https:\/\/testing.wowtea.eu\/sk\/?post_type=product&#038;p=125888"},"modified":"2024-09-23T10:46:39","modified_gmt":"2024-09-23T08:46:39","slug":"grande-tropicana-box","status":"publish","type":"product","link":"https:\/\/testing.wowtea.eu\/sk\/product\/grande-tropicana-box\/","title":{"rendered":"Grande Tropicana Box"},"content":{"rendered":"\t\t<div data-elementor-type=\"product-post\" data-elementor-id=\"125888\" class=\"elementor elementor-125888\">\n\t\t\t\t\t\t<div class=\"elementor-inner\">\n\t\t\t\t<div class=\"elementor-section-wrap\">\n\t\t\t\t\t\t\t\t\t<section class=\"elementor-section elementor-top-section elementor-element elementor-element-dada491 elementor-section-boxed elementor-section-height-default elementor-section-height-default\" data-id=\"dada491\" data-element_type=\"section\">\n\t\t\t\t\t\t<div class=\"elementor-container elementor-column-gap-default\">\n\t\t\t\t\t\t\t<div class=\"elementor-row\">\n\t\t\t\t\t<div class=\"elementor-column elementor-col-100 elementor-top-column elementor-element elementor-element-ff050b2\" data-id=\"ff050b2\" data-element_type=\"column\">\n\t\t\t<div class=\"elementor-column-wrap\">\n\t\t\t\t\t\t\t<div class=\"elementor-widget-wrap\">\n\t\t\t\t\t\t\t\t<\/div>\n\t\t\t\t\t<\/div>\n\t\t<\/div>\n\t\t\t\t\t\t\t\t<\/div>\n\t\t\t\t\t<\/div>\n\t\t<\/section>\n\t\t\t\t<section class=\"elementor-section elementor-top-section elementor-element elementor-element-e0be2f9 elementor-section-boxed elementor-section-height-default elementor-section-height-default\" data-id=\"e0be2f9\" data-element_type=\"section\" data-settings=\"{&quot;background_background&quot;:&quot;classic&quot;}\">\n\t\t\t\t\t\t<div class=\"elementor-container elementor-column-gap-default\">\n\t\t\t\t\t\t\t<div class=\"elementor-row\">\n\t\t\t\t\t<div class=\"elementor-column elementor-col-100 elementor-top-column elementor-element elementor-element-411024a\" data-id=\"411024a\" data-element_type=\"column\" data-settings=\"{&quot;background_background&quot;:&quot;classic&quot;}\">\n\t\t\t<div class=\"elementor-column-wrap elementor-element-populated\">\n\t\t\t\t\t\t\t<div class=\"elementor-widget-wrap\">\n\t\t\t\t\t\t<div class=\"elementor-element elementor-element-1cbb477 elementor-widget elementor-widget-heading\" data-id=\"1cbb477\" data-element_type=\"widget\" data-widget_type=\"heading.default\">\n\t\t\t\t<div class=\"elementor-widget-container\">\n\t\t\t<h2 class=\"elementor-heading-title elementor-size-default\">\u010co obsahuje krabica?<\/h2>\t\t<\/div>\n\t\t\t\t<\/div>\n\t\t\t\t\t\t<\/div>\n\t\t\t\t\t<\/div>\n\t\t<\/div>\n\t\t\t\t\t\t\t\t<\/div>\n\t\t\t\t\t<\/div>\n\t\t<\/section>\n\t\t\t\t<section class=\"elementor-section elementor-top-section elementor-element elementor-element-98eb82e elementor-section-full_width elementor-section-height-default elementor-section-height-default\" data-id=\"98eb82e\" data-element_type=\"section\">\n\t\t\t\t\t\t<div class=\"elementor-container elementor-column-gap-default\">\n\t\t\t\t\t\t\t<div class=\"elementor-row\">\n\t\t\t\t\t<div class=\"elementor-column elementor-col-100 elementor-top-column elementor-element elementor-element-8fd98f3\" data-id=\"8fd98f3\" data-element_type=\"column\">\n\t\t\t<div class=\"elementor-column-wrap elementor-element-populated\">\n\t\t\t\t\t\t\t<div class=\"elementor-widget-wrap\">\n\t\t\t\t\t\t<section class=\"elementor-section elementor-inner-section elementor-element elementor-element-72f1b37 elementor-section-full_width elementor-hidden-desktop elementor-hidden-tablet elementor-section-height-default elementor-section-height-default\" data-id=\"72f1b37\" data-element_type=\"section\">\n\t\t\t\t\t\t<div class=\"elementor-container elementor-column-gap-no\">\n\t\t\t\t\t\t\t<div class=\"elementor-row\">\n\t\t\t\t\t<div class=\"elementor-column elementor-col-100 elementor-inner-column elementor-element elementor-element-25945ea\" data-id=\"25945ea\" data-element_type=\"column\">\n\t\t\t<div class=\"elementor-column-wrap elementor-element-populated\">\n\t\t\t\t\t\t\t<div class=\"elementor-widget-wrap\">\n\t\t\t\t\t\t<div class=\"elementor-element elementor-element-b367bfc elementor-widget elementor-widget-image\" data-id=\"b367bfc\" data-element_type=\"widget\" data-widget_type=\"image.default\">\n\t\t\t\t<div class=\"elementor-widget-container\">\n\t\t\t\t\t\t\t\t<div class=\"elementor-image\">\n\t\t\t\t\t\t\t\t\t\t\t\t<img width=\"460\" height=\"750\" src=\"https:\/\/testing.wowtea.eu\/sk\/files\/2021\/06\/THE-PERFECT-BEACH-DRINK-ummer-detox-M-SK.jpg\" class=\"attachment-full size-full wp-image-91651\" alt=\"\" loading=\"lazy\" srcset=\"https:\/\/testing.wowtea.eu\/sk\/files\/2021\/06\/THE-PERFECT-BEACH-DRINK-ummer-detox-M-SK.jpg 460w, https:\/\/testing.wowtea.eu\/sk\/files\/2021\/06\/THE-PERFECT-BEACH-DRINK-ummer-detox-M-SK-184x300.jpg 184w\" sizes=\"(max-width: 460px) 100vw, 460px\" \/>\t\t\t\t\t\t\t\t\t\t\t\t\t\t<\/div>\n\t\t\t\t\t\t<\/div>\n\t\t\t\t<\/div>\n\t\t\t\t\t\t<\/div>\n\t\t\t\t\t<\/div>\n\t\t<\/div>\n\t\t\t\t\t\t\t\t<\/div>\n\t\t\t\t\t<\/div>\n\t\t<\/section>\n\t\t\t\t\t\t<\/div>\n\t\t\t\t\t<\/div>\n\t\t<\/div>\n\t\t\t\t\t\t\t\t<\/div>\n\t\t\t\t\t<\/div>\n\t\t<\/section>\n\t\t\t\t<section class=\"elementor-section elementor-top-section elementor-element elementor-element-fe0faa5 elementor-section-full_width elementor-section-height-default elementor-section-height-default\" data-id=\"fe0faa5\" data-element_type=\"section\">\n\t\t\t\t\t\t<div class=\"elementor-container elementor-column-gap-default\">\n\t\t\t\t\t\t\t<div class=\"elementor-row\">\n\t\t\t\t\t<div class=\"elementor-column elementor-col-100 elementor-top-column elementor-element elementor-element-21e27c2\" data-id=\"21e27c2\" data-element_type=\"column\">\n\t\t\t<div class=\"elementor-column-wrap elementor-element-populated\">\n\t\t\t\t\t\t\t<div class=\"elementor-widget-wrap\">\n\t\t\t\t\t\t<section class=\"elementor-section elementor-inner-section elementor-element elementor-element-d004db5 elementor-section-full_width elementor-hidden-phone elementor-section-height-default elementor-section-height-default\" data-id=\"d004db5\" data-element_type=\"section\">\n\t\t\t\t\t\t<div class=\"elementor-container elementor-column-gap-no\">\n\t\t\t\t\t\t\t<div class=\"elementor-row\">\n\t\t\t\t\t<div class=\"elementor-column elementor-col-100 elementor-inner-column elementor-element elementor-element-b00c2cd\" data-id=\"b00c2cd\" data-element_type=\"column\">\n\t\t\t<div class=\"elementor-column-wrap elementor-element-populated\">\n\t\t\t\t\t\t\t<div class=\"elementor-widget-wrap\">\n\t\t\t\t\t\t<div class=\"elementor-element elementor-element-9deecbf elementor-widget elementor-widget-image\" data-id=\"9deecbf\" data-element_type=\"widget\" data-widget_type=\"image.default\">\n\t\t\t\t<div class=\"elementor-widget-container\">\n\t\t\t\t\t\t\t\t<div class=\"elementor-image\">\n\t\t\t\t\t\t\t\t\t\t\t\t<img width=\"1920\" height=\"1150\" src=\"https:\/\/testing.wowtea.eu\/sk\/files\/2021\/06\/THE-PERFECT-BEACH-DRINK-ummer-detox-D-SK.jpg\" class=\"attachment-full size-full wp-image-91650\" alt=\"\" loading=\"lazy\" srcset=\"https:\/\/testing.wowtea.eu\/sk\/files\/2021\/06\/THE-PERFECT-BEACH-DRINK-ummer-detox-D-SK.jpg 1920w, https:\/\/testing.wowtea.eu\/sk\/files\/2021\/06\/THE-PERFECT-BEACH-DRINK-ummer-detox-D-SK-300x180.jpg 300w, https:\/\/testing.wowtea.eu\/sk\/files\/2021\/06\/THE-PERFECT-BEACH-DRINK-ummer-detox-D-SK-1024x613.jpg 1024w, https:\/\/testing.wowtea.eu\/sk\/files\/2021\/06\/THE-PERFECT-BEACH-DRINK-ummer-detox-D-SK-768x460.jpg 768w, https:\/\/testing.wowtea.eu\/sk\/files\/2021\/06\/THE-PERFECT-BEACH-DRINK-ummer-detox-D-SK-1536x920.jpg 1536w, https:\/\/testing.wowtea.eu\/sk\/files\/2021\/06\/THE-PERFECT-BEACH-DRINK-ummer-detox-D-SK-600x359.jpg 600w\" sizes=\"(max-width: 1920px) 100vw, 1920px\" \/>\t\t\t\t\t\t\t\t\t\t\t\t\t\t<\/div>\n\t\t\t\t\t\t<\/div>\n\t\t\t\t<\/div>\n\t\t\t\t\t\t<\/div>\n\t\t\t\t\t<\/div>\n\t\t<\/div>\n\t\t\t\t\t\t\t\t<\/div>\n\t\t\t\t\t<\/div>\n\t\t<\/section>\n\t\t\t\t\t\t<\/div>\n\t\t\t\t\t<\/div>\n\t\t<\/div>\n\t\t\t\t\t\t\t\t<\/div>\n\t\t\t\t\t<\/div>\n\t\t<\/section>\n\t\t\t\t<section class=\"elementor-section elementor-top-section elementor-element elementor-element-274f544 elementor-section-boxed elementor-section-height-default elementor-section-height-default\" data-id=\"274f544\" data-element_type=\"section\">\n\t\t\t\t\t\t<div class=\"elementor-container elementor-column-gap-default\">\n\t\t\t\t\t\t\t<div class=\"elementor-row\">\n\t\t\t\t\t<div class=\"elementor-column elementor-col-100 elementor-top-column elementor-element elementor-element-a120691\" data-id=\"a120691\" data-element_type=\"column\">\n\t\t\t<div class=\"elementor-column-wrap elementor-element-populated\">\n\t\t\t\t\t\t\t<div class=\"elementor-widget-wrap\">\n\t\t\t\t\t\t<div class=\"elementor-element elementor-element-12a75f2 elementor-widget elementor-widget-html\" data-id=\"12a75f2\" data-element_type=\"widget\" data-widget_type=\"html.default\">\n\t\t\t\t<div class=\"elementor-widget-container\">\n\t\t\t<!-- TrustBox widget - Carousel -->\r\n<div class=\"trustpilot-widget\" data-locale=\"en-US\" data-template-id=\"53aa8912dec7e10d38f59f36\" data-businessunit-id=\"60029def312cb900013df992\" data-style-height=\"320px\" data-style-width=\"100%\" data-theme=\"light\" data-tags=\"SK\" data-stars=\"1,2,3,4,5\">\r\n  <a href=\"https:\/\/www.trustpilot.com\/review\/testing.wowtea.eu\" target=\"_blank\" rel=\"noopener\">Trustpilot<\/a>\r\n<\/div>\r\n<!-- End TrustBox widget -->\t\t<\/div>\n\t\t\t\t<\/div>\n\t\t\t\t\t\t<\/div>\n\t\t\t\t\t<\/div>\n\t\t<\/div>\n\t\t\t\t\t\t\t\t<\/div>\n\t\t\t\t\t<\/div>\n\t\t<\/section>\n\t\t\t\t\t\t\t\t\t<\/div>\n\t\t\t<\/div>\n\t\t\t\t\t<\/div>\n\t\t","protected":false},"excerpt":{"rendered":"<ul class=\"check_list\">\n<li>Summer Tropicana Detox \u010caj<\/li>\n<li>Summer Tropicana Slimfit \u010caj<\/li>\n<li>Summer Tropicana Wellness \u010caj<\/li>\n<li>Summer Tropicana Matcha SlimFit Tea<\/li>\n<li>Summer Tropicana Collagen<\/li>\n<li>\u00a0F\u013ea\u0161a Na \u010caj \u2013 \u017dlt\u00e1<\/li>\n<li>Termoska So Sitkom \u2013 Oran\u017eov\u00e1<\/li>\n<\/ul>\n","protected":false},"featured_media":125366,"comment_status":"open","ping_status":"closed","template":"","meta":{"inline_featured_image":false},"product_cat":[103,109],"product_tag":[],"acf":[],"variations_data":[],"free_delivery":false,"currency_name":"&euro;","_links":{"self":[{"href":"https:\/\/testing.wowtea.eu\/sk\/wp-json\/wp\/v2\/product\/125888"}],"collection":[{"href":"https:\/\/testing.wowtea.eu\/sk\/wp-json\/wp\/v2\/product"}],"about":[{"href":"https:\/\/testing.wowtea.eu\/sk\/wp-json\/wp\/v2\/types\/product"}],"replies":[{"embeddable":true,"href":"https:\/\/testing.wowtea.eu\/sk\/wp-json\/wp\/v2\/comments?post=125888"}],"version-history":[{"count":0,"href":"https:\/\/testing.wowtea.eu\/sk\/wp-json\/wp\/v2\/product\/125888\/revisions"}],"wp:featuredmedia":[{"embeddable":true,"href":"https:\/\/testing.wowtea.eu\/sk\/wp-json\/wp\/v2\/media\/125366"}],"wp:attachment":[{"href":"https:\/\/testing.wowtea.eu\/sk\/wp-json\/wp\/v2\/media?parent=125888"}],"wp:term":[{"taxonomy":"product_cat","embeddable":true,"href":"https:\/\/testing.wowtea.eu\/sk\/wp-json\/wp\/v2\/product_cat?post=125888"},{"taxonomy":"product_tag","embeddable":true,"href":"https:\/\/testing.wowtea.eu\/sk\/wp-json\/wp\/v2\/product_tag?post=125888"}],"curies":[{"name":"wp","href":"https:\/\/api.w.org\/{rel}","templated":true}]}}