{"id":89136,"date":"2021-04-13T12:53:50","date_gmt":"2021-04-13T10:53:50","guid":{"rendered":"https:\/\/testing.wowtea.eu\/sk\/?post_type=product&#038;p=89136"},"modified":"2024-09-02T10:11:15","modified_gmt":"2024-09-02T08:11:15","slug":"booty-goals-band-combo","status":"publish","type":"product","link":"https:\/\/testing.wowtea.eu\/sk\/product\/booty-goals-band-combo\/","title":{"rendered":"BOOTY GOALS BAND COMBO"},"content":{"rendered":"\t\t<div data-elementor-type=\"product-post\" data-elementor-id=\"89136\" class=\"elementor elementor-89136\">\n\t\t\t\t\t\t<div class=\"elementor-inner\">\n\t\t\t\t<div class=\"elementor-section-wrap\">\n\t\t\t\t\t\t\t\t\t<section class=\"elementor-section elementor-top-section elementor-element elementor-element-f8e5b4b elementor-section-full_width elementor-section-height-default elementor-section-height-default\" data-id=\"f8e5b4b\" data-element_type=\"section\">\n\t\t\t\t\t\t<div class=\"elementor-container elementor-column-gap-no\">\n\t\t\t\t\t\t\t<div class=\"elementor-row\">\n\t\t\t\t\t<div class=\"elementor-column elementor-col-50 elementor-top-column elementor-element elementor-element-5b4910c7\" data-id=\"5b4910c7\" data-element_type=\"column\" data-settings=\"{&quot;background_background&quot;:&quot;classic&quot;}\">\n\t\t\t<div class=\"elementor-column-wrap\">\n\t\t\t\t\t\t\t<div class=\"elementor-widget-wrap\">\n\t\t\t\t\t\t\t\t<\/div>\n\t\t\t\t\t<\/div>\n\t\t<\/div>\n\t\t\t\t<div class=\"elementor-column elementor-col-50 elementor-top-column elementor-element elementor-element-67dc14e7\" data-id=\"67dc14e7\" data-element_type=\"column\" data-settings=\"{&quot;background_background&quot;:&quot;classic&quot;}\">\n\t\t\t<div class=\"elementor-column-wrap elementor-element-populated\">\n\t\t\t\t\t\t\t<div class=\"elementor-widget-wrap\">\n\t\t\t\t\t\t<div class=\"elementor-element elementor-element-559ea9a5 elementor-widget elementor-widget-heading\" data-id=\"559ea9a5\" data-element_type=\"widget\" data-widget_type=\"heading.default\">\n\t\t\t\t<div class=\"elementor-widget-container\">\n\t\t\t<h2 class=\"elementor-heading-title elementor-size-default\">15 min\u00fat denne pre WOW v\u00fdsledky.<\/h2>\t\t<\/div>\n\t\t\t\t<\/div>\n\t\t\t\t<div class=\"elementor-element elementor-element-5f898d46 elementor-widget elementor-widget-text-editor\" data-id=\"5f898d46\" data-element_type=\"widget\" data-widget_type=\"text-editor.default\">\n\t\t\t\t<div class=\"elementor-widget-container\">\n\t\t\t\t\t\t\t\t<div class=\"elementor-text-editor elementor-clearfix\">\n\t\t\t\t<p>Iba nieko\u013eko min\u00fat cvi\u010denia denne s va\u0161ou Booty Goals Band m\u00f4\u017ee ma\u0165 neuverite\u013en\u00fd \u00fa\u010dinok na zadok a stehn\u00e1! Aby sme V\u00e1m pomohli vyformova\u0165 braz\u00edlsky zado\u010dek e\u0161te r\u00fdchlej\u0161ie, po\u0161leme V\u00e1m 21-d\u0148ov\u00fd tr\u00e9ningov\u00fd pl\u00e1n zadarmo s cvikmi, ktor\u00e9 m\u00f4\u017eete robi\u0165 doma &#8211; alebo kdeko\u013evek len chcete!<\/p><p>Vysokokvalitn\u00e9 materi\u00e1ly poskytuj\u00fa dokonal\u00fd komfort pri cvi\u010den\u00ed. M\u00f4\u017eete pou\u017ei\u0165 Booty Goals Band dokonca aj v \u0161ortk\u00e1ch &#8211; ne\u0161m\u00fdka, nezarez\u00e1va sa a je odoln\u00e1!<\/p>\t\t\t\t\t<\/div>\n\t\t\t\t\t\t<\/div>\n\t\t\t\t<\/div>\n\t\t\t\t\t\t<\/div>\n\t\t\t\t\t<\/div>\n\t\t<\/div>\n\t\t\t\t\t\t\t\t<\/div>\n\t\t\t\t\t<\/div>\n\t\t<\/section>\n\t\t\t\t<section class=\"elementor-section elementor-top-section elementor-element elementor-element-7552e8a6 elementor-section-full_width elementor-reverse-mobile elementor-section-height-default elementor-section-height-default\" data-id=\"7552e8a6\" data-element_type=\"section\">\n\t\t\t\t\t\t<div class=\"elementor-container elementor-column-gap-no\">\n\t\t\t\t\t\t\t<div class=\"elementor-row\">\n\t\t\t\t\t<div class=\"elementor-column elementor-col-50 elementor-top-column elementor-element elementor-element-3c513064\" data-id=\"3c513064\" data-element_type=\"column\" data-settings=\"{&quot;background_background&quot;:&quot;classic&quot;}\">\n\t\t\t<div class=\"elementor-column-wrap elementor-element-populated\">\n\t\t\t\t\t\t\t<div class=\"elementor-widget-wrap\">\n\t\t\t\t\t\t<div class=\"elementor-element elementor-element-632ea2db elementor-widget elementor-widget-heading\" data-id=\"632ea2db\" data-element_type=\"widget\" data-widget_type=\"heading.default\">\n\t\t\t\t<div class=\"elementor-widget-container\">\n\t\t\t<h2 class=\"elementor-heading-title elementor-size-default\">Booty Goals Band je presne to, \u010do Vy (a V\u00e1\u0161 zadok) potrebujete!<\/h2>\t\t<\/div>\n\t\t\t\t<\/div>\n\t\t\t\t<div class=\"elementor-element elementor-element-77a9fcc9 elementor-widget elementor-widget-prod_info\" data-id=\"77a9fcc9\" data-element_type=\"widget\" data-widget_type=\"prod_info.default\">\n\t\t\t\t<div class=\"elementor-widget-container\">\n\t\t\t\n               <ul class=\"info_list\">\n                           <li>\n                  <strong>Maxim\u00e1lny komfort:<\/strong>\n                  <small>\u0160pi\u010dkov\u00e9 materi\u00e1ly, ktor\u00e9 umo\u017e\u0148uj\u00fa plynul\u00e9 a pohodln\u00e9 cvi\u010denie<\/small>\n               <\/li>\n                           <li>\n                  <strong>Vynikaj\u00faca kvalita:<\/strong>\n                  <small>Na rozdiel od ostatn\u00fdch g\u00fam Booty Goals Band je ve\u013emi odoln\u00e1 po\u010das pou\u017e\u00edvania<\/small>\n               <\/li>\n                           <li>\n                  <strong>Jednoduch\u00e9 pou\u017e\u00edvanie:<\/strong>\n                  <small>Pou\u017e\u00edvajte ju doma alebo si ju jednoducho vezmite so sebou a cvi\u010dte kedyko\u013evek a kdeko\u013evek<\/small>\n               <\/li>\n                           <li>\n                  <strong>Vidite\u013en\u00e9 v\u00fdsledky:<\/strong>\n                  <small>Ohromuj\u00faci \u00fa\u010dinok na zadok, stehn\u00e1 a p\u00e1s - len nieko\u013eko min\u00fat denne<\/small>\n               <\/li>\n                     <\/ul>\n      \n\n   \t\t<\/div>\n\t\t\t\t<\/div>\n\t\t\t\t\t\t<\/div>\n\t\t\t\t\t<\/div>\n\t\t<\/div>\n\t\t\t\t<div class=\"elementor-column elementor-col-50 elementor-top-column elementor-element elementor-element-56783663\" data-id=\"56783663\" data-element_type=\"column\" data-settings=\"{&quot;background_background&quot;:&quot;classic&quot;}\">\n\t\t\t<div class=\"elementor-column-wrap\">\n\t\t\t\t\t\t\t<div class=\"elementor-widget-wrap\">\n\t\t\t\t\t\t\t\t<\/div>\n\t\t\t\t\t<\/div>\n\t\t<\/div>\n\t\t\t\t\t\t\t\t<\/div>\n\t\t\t\t\t<\/div>\n\t\t<\/section>\n\t\t\t\t<section class=\"elementor-section elementor-top-section elementor-element elementor-element-fbd5855 elementor-section-full_width elementor-section-height-default elementor-section-height-default\" data-id=\"fbd5855\" data-element_type=\"section\">\n\t\t\t\t\t\t<div class=\"elementor-container elementor-column-gap-no\">\n\t\t\t\t\t\t\t<div class=\"elementor-row\">\n\t\t\t\t\t<div class=\"elementor-column elementor-col-50 elementor-top-column elementor-element elementor-element-7f852dbf\" data-id=\"7f852dbf\" data-element_type=\"column\" data-settings=\"{&quot;background_background&quot;:&quot;classic&quot;}\">\n\t\t\t<div class=\"elementor-column-wrap\">\n\t\t\t\t\t\t\t<div class=\"elementor-widget-wrap\">\n\t\t\t\t\t\t\t\t<\/div>\n\t\t\t\t\t<\/div>\n\t\t<\/div>\n\t\t\t\t<div class=\"elementor-column elementor-col-50 elementor-top-column elementor-element elementor-element-612d6950\" data-id=\"612d6950\" data-element_type=\"column\" data-settings=\"{&quot;background_background&quot;:&quot;classic&quot;}\">\n\t\t\t<div class=\"elementor-column-wrap elementor-element-populated\">\n\t\t\t\t\t\t\t<div class=\"elementor-widget-wrap\">\n\t\t\t\t\t\t<div class=\"elementor-element elementor-element-98345da elementor-widget elementor-widget-heading\" data-id=\"98345da\" data-element_type=\"widget\" data-widget_type=\"heading.default\">\n\t\t\t\t<div class=\"elementor-widget-container\">\n\t\t\t<h2 class=\"elementor-heading-title elementor-size-default\">21-d\u0148ov\u00fd tr\u00e9ningov\u00fd pl\u00e1n pre zadok na zahryznutie - DOM\u00c1CI cvi\u010debn\u00fd program<\/h2>\t\t<\/div>\n\t\t\t\t<\/div>\n\t\t\t\t<div class=\"elementor-element elementor-element-77a61f0 elementor-widget elementor-widget-text-editor\" data-id=\"77a61f0\" data-element_type=\"widget\" data-widget_type=\"text-editor.default\">\n\t\t\t\t<div class=\"elementor-widget-container\">\n\t\t\t\t\t\t\t\t<div class=\"elementor-text-editor elementor-clearfix\">\n\t\t\t\t<h4>E-BOOK<\/h4><p>\u00a0<\/p><p>N\u00e1\u0161 &#8220;21-d\u0148ov\u00fd cvi\u010debn\u00fd pl\u00e1n pre zadok na zahryznutie &#8220;je digit\u00e1lny cvi\u010debn\u00fd program, ktor\u00fd m\u00f4\u017eete robi\u0165 doma (alebo kdeko\u013evek chcete!) pomocou Booty Goals Band. Tento cvi\u010debn\u00fd program je \u0161peci\u00e1lne navrhnut\u00fd tak, aby V\u00e1m pomohol vyformova\u0165 atrakt\u00edvny zado\u010dek, t\u00f3novan\u00e9 nohy a krivky &#8211; a to v\u0161etko trv\u00e1 len 15 min\u00fat denne. Pre dosiahnutie vidite\u013en\u00fdch a ohromuj\u00facich v\u00fdsledkov.<\/p>\t\t\t\t\t<\/div>\n\t\t\t\t\t\t<\/div>\n\t\t\t\t<\/div>\n\t\t\t\t\t\t<\/div>\n\t\t\t\t\t<\/div>\n\t\t<\/div>\n\t\t\t\t\t\t\t\t<\/div>\n\t\t\t\t\t<\/div>\n\t\t<\/section>\n\t\t\t\t<section class=\"elementor-section elementor-top-section elementor-element elementor-element-1fd560fa elementor-section-boxed elementor-section-height-default elementor-section-height-default\" data-id=\"1fd560fa\" data-element_type=\"section\">\n\t\t\t\t\t\t<div class=\"elementor-container elementor-column-gap-default\">\n\t\t\t\t\t\t\t<div class=\"elementor-row\">\n\t\t\t\t\t<div class=\"elementor-column elementor-col-100 elementor-top-column elementor-element elementor-element-50f9947d\" data-id=\"50f9947d\" data-element_type=\"column\">\n\t\t\t<div class=\"elementor-column-wrap elementor-element-populated\">\n\t\t\t\t\t\t\t<div class=\"elementor-widget-wrap\">\n\t\t\t\t\t\t<div class=\"elementor-element elementor-element-10331659 elementor-widget elementor-widget-custom_title\" data-id=\"10331659\" data-element_type=\"widget\" data-widget_type=\"custom_title.default\">\n\t\t\t\t<div class=\"elementor-widget-container\">\n\t\t\t      <!-- border_title center_border -->\n      \n               <div class=\"custom_title\"  >\n            <h2 class=\"title  \"><span>Pri objednan\u00ed sady Booty Goals Band dostanete ZADARMO:<\/span> <\/h2>\n         <\/div>\n      \n\n   \t\t<\/div>\n\t\t\t\t<\/div>\n\t\t\t\t<div class=\"elementor-element elementor-element-3fe455ea elementor-widget elementor-widget-image\" data-id=\"3fe455ea\" data-element_type=\"widget\" data-widget_type=\"image.default\">\n\t\t\t\t<div class=\"elementor-widget-container\">\n\t\t\t\t\t\t\t\t<div class=\"elementor-image\">\n\t\t\t\t\t\t\t\t\t\t\t\t<img width=\"600\" height=\"149\" src=\"https:\/\/testing.wowtea.eu\/sk\/files\/2021\/04\/products_combo-2-1.jpg\" class=\"attachment-large size-large wp-image-89123\" alt=\"\" loading=\"lazy\" srcset=\"https:\/\/testing.wowtea.eu\/sk\/files\/2021\/04\/products_combo-2-1.jpg 600w, https:\/\/testing.wowtea.eu\/sk\/files\/2021\/04\/products_combo-2-1-300x75.jpg 300w\" sizes=\"(max-width: 600px) 100vw, 600px\" \/>\t\t\t\t\t\t\t\t\t\t\t\t\t\t<\/div>\n\t\t\t\t\t\t<\/div>\n\t\t\t\t<\/div>\n\t\t\t\t<div class=\"elementor-element elementor-element-449c3f29 elementor-widget elementor-widget-text-editor\" data-id=\"449c3f29\" data-element_type=\"widget\" data-widget_type=\"text-editor.default\">\n\t\t\t\t<div class=\"elementor-widget-container\">\n\t\t\t\t\t\t\t\t<div class=\"elementor-text-editor elementor-clearfix\">\n\t\t\t\t<p><img loading=\"lazy\" class=\"alignnone size-full wp-image-7074\" src=\"https:\/\/bodygoalsclub.com\/wp-content\/uploads\/tik-che_20x20.png\" alt=\"\" width=\"20\" height=\"21\" \/> Elegantn\u00e9 puzdro pre Va\u0161u Booty Goals Bands &#8211; pou\u017e\u00edvajte ju v pohodl\u00ed domova alebo si ju vezmite kamko\u013evek so sebou a nenechajte si ujs\u0165 \u017eiadny tr\u00e9ning!<\/p><p><img loading=\"lazy\" class=\"alignnone size-full wp-image-7074\" src=\"https:\/\/bodygoalsclub.com\/wp-content\/uploads\/tik-che_20x20.png\" alt=\"\" width=\"20\" height=\"21\" \/> 21-d\u0148ov\u00fd tr\u00e9ningov\u00fd pl\u00e1n pre zadok na zahryznutie &#8211; DOM\u00c1CI cvi\u010debn\u00fd program<\/p>\t\t\t\t\t<\/div>\n\t\t\t\t\t\t<\/div>\n\t\t\t\t<\/div>\n\t\t\t\t\t\t<\/div>\n\t\t\t\t\t<\/div>\n\t\t<\/div>\n\t\t\t\t\t\t\t\t<\/div>\n\t\t\t\t\t<\/div>\n\t\t<\/section>\n\t\t\t\t\t\t\t\t\t<\/div>\n\t\t\t<\/div>\n\t\t\t\t\t<\/div>\n\t\t","protected":false},"excerpt":{"rendered":"<h4 class=\"vc_custom_heading text-u vc_custom_1575298970833 text-u urus_vc_custom_5f7aec27ce380 vc_custom_1575298970833\" style=\"text-align: center\">Booty Goals Band Combo<\/h4>\n<div class=\"vc_row wpb_row vc_inner vc_row-fluid\" style=\"text-align: center\">\n<div class=\"wpb_column vc_column_container vc_col-sm-12\">\n<div class=\"vc_column-inner\">\n<div class=\"wpb_wrapper\">\n<div class=\"wpb_text_column wpb_content_element urus_vc_custom_5f7aec27ce3f9 \">\n<div class=\"wpb_wrapper\">\n<p><span class=\"face\">\u2661\u00a0<\/span><strong style=\"color: #b485b2\">Booty Goals Band \u00darove\u0148 1<\/strong><br \/>\n<span class=\"face\">\u2661\u00a0<\/span><strong style=\"color: #b485b2\">Booty Goals Band \u00darove\u0148 2<\/strong><\/p>\n<h4>Naj\u00fa\u010dinnej\u0161ie DOM\u00c1CE cvi\u010denie pre zadok na zahryznutie.<\/h4>\n<p><span class=\"face\">\u2661 <\/span><strong style=\"color: #4c4c4c\">Vyformujte si braz\u00edlsky zadok <\/strong><br \/>\n<span class=\"face\">\u2661 <\/span><strong style=\"color: #4c4c4c\">Vyformujte si kr\u00e1sne stehn\u00e1<\/strong><br \/>\n<span class=\"face\">\u2661 <\/span><strong style=\"color: #4c4c4c\">Z\u00edskajte sexi nohy a krivky<\/strong><\/p>\n<\/div>\n<\/div>\n<\/div>\n<\/div>\n<\/div>\n<\/div>\n<h1 class=\"vc_custom_heading urus_vc_custom_5f7aec27ce471\" style=\"text-align: center;color: #c6558c;font-size: 22px\">+ 21-d\u0148ov\u00fd tr\u00e9ningov\u00fd pl\u00e1n pre zadok na zahryznutie &#8211; DOM\u00c1CI cvi\u010debn\u00fd program<\/h1>\n<div class=\"vc_row wpb_row vc_inner vc_row-fluid\">\n<div class=\"wpb_column vc_column_container vc_col-sm-12\">\n<div class=\"vc_column-inner\">\n<div class=\"wpb_wrapper\">\n<div class=\"wpb_text_column wpb_content_element urus_vc_custom_5f7aec27ce4ad \">\n<div class=\"wpb_wrapper\">\n<p style=\"text-align: center\"><span class=\"face\">*\u00a0Tento cvi\u010debn\u00fd pl\u00e1n posielame na V\u00e1\u0161 e-mail ako s\u00fabor PDF po objednan\u00ed sady Booty Goals Band Set!<\/span><\/p>\n<\/div>\n<\/div>\n<\/div>\n<\/div>\n<\/div>\n<\/div>\n","protected":false},"featured_media":89159,"comment_status":"open","ping_status":"closed","template":"","meta":{"inline_featured_image":false},"product_cat":[96],"product_tag":[],"acf":[],"variations_data":{"89795":{"id":89795,"name":"Booty Goals Band Combo","slug":"booty-goals-band-combo","date_created":{"date":"2021-04-27 10:37:50.000000","timezone_type":3,"timezone":"Europe\/Bratislava"},"date_modified":{"date":"2024-04-03 08:19:35.000000","timezone_type":3,"timezone":"Europe\/Bratislava"},"status":"publish","featured":false,"catalog_visibility":"visible","description":"","short_description":"","sku":"WOW-S-BL1BL2","price":"24.6","regular_price":"24.6","sale_price":"","date_on_sale_from":null,"date_on_sale_to":null,"total_sales":"0","tax_status":"taxable","tax_class":"parent","manage_stock":false,"stock_quantity":null,"stock_status":"instock","backorders":"no","low_stock_amount":"","sold_individually":false,"weight":"","length":"","width":"","height":"","upsell_ids":[],"cross_sell_ids":[],"parent_id":89136,"reviews_allowed":false,"purchase_note":"","attributes":{"pa_bands-upsells":"booty-goals-band-combo"},"default_attributes":[],"menu_order":1,"post_password":"","virtual":false,"downloadable":false,"category_ids":[],"tag_ids":[],"shipping_class_id":0,"downloads":[],"image_id":89796,"gallery_image_ids":[],"download_limit":-1,"download_expiry":-1,"rating_counts":[],"average_rating":0,"review_count":0,"attribute_summary":"bands-upsells: Booty Goals Band Combo","meta_data":[{"id":360716,"key":"yst_prominent_words_version","value":"1"},{"id":360741,"key":"_gtin","value":""},{"id":360742,"key":"_variable_text_field_1","value":"Elastick\u00fd fitness set | Booty Bands | Proti\u0161mykov\u00e9 elastick\u00e9 gumy s 21-d\u0148ov\u00fdm tr\u00e9ningov\u00fdm pl\u00e1nom | 100% bavlna - WOW TEA"},{"id":360743,"key":"_variable_text_field_2","value":"Sada fitness g\u00fam pre formovanie nohy, stehien, zadku s dom\u00e1cim tr\u00e9ningov\u00fdm pl\u00e1nom. Z\u00edskajte 21-d\u0148ov\u00fd tr\u00e9ningov\u00fd program zdarma, aby ste dosiahli svoje fitness ciele"},{"id":360744,"key":"_variable_text_field_3","value":""},{"id":360745,"key":"fstr-p-sub","value":""}],"price_html":"<span class=\"woocommerce-Price-amount amount\"><bdi>24.60&nbsp;<span class=\"woocommerce-Price-currencySymbol\">&euro;<\/span><\/bdi><\/span>","image":"<img width=\"600\" height=\"600\" src=\"https:\/\/testing.wowtea.eu\/sk\/files\/2021\/04\/Product-images-combo-600x600-1-1.png\" class=\"attachment-woocommerce_thumbnail size-woocommerce_thumbnail\" alt=\"\" loading=\"lazy\" srcset=\"https:\/\/testing.wowtea.eu\/sk\/files\/2021\/04\/Product-images-combo-600x600-1-1.png 600w, https:\/\/testing.wowtea.eu\/sk\/files\/2021\/04\/Product-images-combo-600x600-1-1-300x300.png 300w, https:\/\/testing.wowtea.eu\/sk\/files\/2021\/04\/Product-images-combo-600x600-1-1-150x150.png 150w, https:\/\/testing.wowtea.eu\/sk\/files\/2021\/04\/Product-images-combo-600x600-1-1-45x45.png 45w, https:\/\/testing.wowtea.eu\/sk\/files\/2021\/04\/Product-images-combo-600x600-1-1-100x100.png 100w\" sizes=\"(max-width: 600px) 100vw, 600px\" \/>","free_delivery":false},"89799":{"id":89799,"name":"Super Slim me + Booty pack","slug":"booty-goals-band-combo-3","date_created":{"date":"2021-04-27 10:40:13.000000","timezone_type":3,"timezone":"Europe\/Bratislava"},"date_modified":{"date":"2024-09-02 07:00:04.000000","timezone_type":3,"timezone":"Europe\/Bratislava"},"status":"publish","featured":false,"catalog_visibility":"visible","description":"","short_description":"","sku":"WOW-P-SFSLFTBTBBL1BL2","price":"71.20","regular_price":"101.70","sale_price":"71.20","date_on_sale_from":null,"date_on_sale_to":null,"total_sales":"0","tax_status":"taxable","tax_class":"parent","manage_stock":false,"stock_quantity":null,"stock_status":"instock","backorders":"no","low_stock_amount":"","sold_individually":false,"weight":"","length":"","width":"","height":"","upsell_ids":[],"cross_sell_ids":[],"parent_id":89136,"reviews_allowed":false,"purchase_note":"","attributes":{"pa_bands-upsells":"super-slim-me-booty-pack"},"default_attributes":[],"menu_order":2,"post_password":"","virtual":false,"downloadable":false,"category_ids":[],"tag_ids":[],"shipping_class_id":0,"downloads":[],"image_id":99965,"gallery_image_ids":[],"download_limit":-1,"download_expiry":-1,"rating_counts":[],"average_rating":0,"review_count":0,"attribute_summary":"bands-upsells: Super Slim me + Booty pack","meta_data":[{"id":360780,"key":"yst_prominent_words_version","value":"1"},{"id":360807,"key":"_gtin","value":""},{"id":360808,"key":"_variable_text_field_1","value":""},{"id":360809,"key":"_variable_text_field_2","value":""},{"id":360810,"key":"_variable_text_field_3","value":""},{"id":360811,"key":"fstr-p-sub","value":""},{"id":1595162,"key":"oms_price_updated_at","value":"2024-09-02T05:00:16.759639Z"},{"id":1595616,"key":"_old_regular_price","value":"98"},{"id":1595617,"key":"_old_sale_price","value":"70.5"}],"price_html":"<del aria-hidden=\"true\"><span class=\"woocommerce-Price-amount amount\"><bdi>101.70&nbsp;<span class=\"woocommerce-Price-currencySymbol\">&euro;<\/span><\/bdi><\/span><\/del> <ins><span class=\"woocommerce-Price-amount amount\"><bdi>71.20&nbsp;<span class=\"woocommerce-Price-currencySymbol\">&euro;<\/span><\/bdi><\/span><\/ins>","image":"<img width=\"600\" height=\"600\" src=\"https:\/\/testing.wowtea.eu\/sk\/files\/2021\/04\/Super-Slim-ME-booty-goals-bands-600x600-1-600x600.png\" class=\"attachment-woocommerce_thumbnail size-woocommerce_thumbnail\" alt=\"\" loading=\"lazy\" srcset=\"https:\/\/testing.wowtea.eu\/sk\/files\/2021\/04\/Super-Slim-ME-booty-goals-bands-600x600-1.png 600w, https:\/\/testing.wowtea.eu\/sk\/files\/2021\/04\/Super-Slim-ME-booty-goals-bands-600x600-1-300x300.png 300w, https:\/\/testing.wowtea.eu\/sk\/files\/2021\/04\/Super-Slim-ME-booty-goals-bands-600x600-1-150x150.png 150w, https:\/\/testing.wowtea.eu\/sk\/files\/2021\/04\/Super-Slim-ME-booty-goals-bands-600x600-1-100x100.png 100w, https:\/\/testing.wowtea.eu\/sk\/files\/2021\/04\/Super-Slim-ME-booty-goals-bands-600x600-1-45x45.png 45w\" sizes=\"(max-width: 600px) 100vw, 600px\" \/>","free_delivery":"Doprava zdarma"},"89797":{"id":89797,"name":"2 Good Team + Booty Combo","slug":"booty-goals-band-combo-2","date_created":{"date":"2021-04-27 10:39:28.000000","timezone_type":3,"timezone":"Europe\/Bratislava"},"date_modified":{"date":"2024-09-02 06:59:47.000000","timezone_type":3,"timezone":"Europe\/Bratislava"},"status":"publish","featured":false,"catalog_visibility":"visible","description":"","short_description":"","sku":"WOW-P-SFSLFTBL1BL2","price":"56.60","regular_price":"75.40","sale_price":"56.60","date_on_sale_from":null,"date_on_sale_to":null,"total_sales":"0","tax_status":"taxable","tax_class":"parent","manage_stock":false,"stock_quantity":null,"stock_status":"instock","backorders":"no","low_stock_amount":"","sold_individually":false,"weight":"","length":"","width":"","height":"","upsell_ids":[],"cross_sell_ids":[],"parent_id":89136,"reviews_allowed":false,"purchase_note":"","attributes":{"pa_bands-upsells":"2-good-team-booty-combo"},"default_attributes":[],"menu_order":3,"post_password":"","virtual":false,"downloadable":false,"category_ids":[],"tag_ids":[],"shipping_class_id":0,"downloads":[],"image_id":99963,"gallery_image_ids":[],"download_limit":-1,"download_expiry":-1,"rating_counts":[],"average_rating":0,"review_count":0,"attribute_summary":"bands-upsells: 2 Good Team + Booty Combo","meta_data":[{"id":360747,"key":"yst_prominent_words_version","value":"1"},{"id":360773,"key":"_gtin","value":""},{"id":360774,"key":"_variable_text_field_1","value":""},{"id":360775,"key":"_variable_text_field_2","value":""},{"id":360776,"key":"_variable_text_field_3","value":""},{"id":360777,"key":"fstr-p-sub","value":""},{"id":1555962,"key":"_sold_variation_individually","value":"no"},{"id":1555963,"key":"_v_label_field","value":""},{"id":1595141,"key":"oms_price_updated_at","value":"2024-09-02T04:59:59.293341Z"},{"id":1595591,"key":"_old_regular_price","value":"74.4"},{"id":1595592,"key":"_old_sale_price","value":"55.8"}],"price_html":"<del aria-hidden=\"true\"><span class=\"woocommerce-Price-amount amount\"><bdi>75.40&nbsp;<span class=\"woocommerce-Price-currencySymbol\">&euro;<\/span><\/bdi><\/span><\/del> <ins><span class=\"woocommerce-Price-amount amount\"><bdi>56.60&nbsp;<span class=\"woocommerce-Price-currencySymbol\">&euro;<\/span><\/bdi><\/span><\/ins>","image":"<img width=\"600\" height=\"600\" src=\"https:\/\/testing.wowtea.eu\/sk\/files\/2021\/04\/2-good-team-booty-goals-bands-600x600-1-600x600.png\" class=\"attachment-woocommerce_thumbnail size-woocommerce_thumbnail\" alt=\"\" loading=\"lazy\" srcset=\"https:\/\/testing.wowtea.eu\/sk\/files\/2021\/04\/2-good-team-booty-goals-bands-600x600-1.png 600w, https:\/\/testing.wowtea.eu\/sk\/files\/2021\/04\/2-good-team-booty-goals-bands-600x600-1-300x300.png 300w, https:\/\/testing.wowtea.eu\/sk\/files\/2021\/04\/2-good-team-booty-goals-bands-600x600-1-150x150.png 150w, https:\/\/testing.wowtea.eu\/sk\/files\/2021\/04\/2-good-team-booty-goals-bands-600x600-1-100x100.png 100w, https:\/\/testing.wowtea.eu\/sk\/files\/2021\/04\/2-good-team-booty-goals-bands-600x600-1-45x45.png 45w\" sizes=\"(max-width: 600px) 100vw, 600px\" \/>","free_delivery":"Doprava zdarma"}},"free_delivery":false,"currency_name":"&euro;","_links":{"self":[{"href":"https:\/\/testing.wowtea.eu\/sk\/wp-json\/wp\/v2\/product\/89136"}],"collection":[{"href":"https:\/\/testing.wowtea.eu\/sk\/wp-json\/wp\/v2\/product"}],"about":[{"href":"https:\/\/testing.wowtea.eu\/sk\/wp-json\/wp\/v2\/types\/product"}],"replies":[{"embeddable":true,"href":"https:\/\/testing.wowtea.eu\/sk\/wp-json\/wp\/v2\/comments?post=89136"}],"version-history":[{"count":0,"href":"https:\/\/testing.wowtea.eu\/sk\/wp-json\/wp\/v2\/product\/89136\/revisions"}],"wp:featuredmedia":[{"embeddable":true,"href":"https:\/\/testing.wowtea.eu\/sk\/wp-json\/wp\/v2\/media\/89159"}],"wp:attachment":[{"href":"https:\/\/testing.wowtea.eu\/sk\/wp-json\/wp\/v2\/media?parent=89136"}],"wp:term":[{"taxonomy":"product_cat","embeddable":true,"href":"https:\/\/testing.wowtea.eu\/sk\/wp-json\/wp\/v2\/product_cat?post=89136"},{"taxonomy":"product_tag","embeddable":true,"href":"https:\/\/testing.wowtea.eu\/sk\/wp-json\/wp\/v2\/product_tag?post=89136"}],"curies":[{"name":"wp","href":"https:\/\/api.w.org\/{rel}","templated":true}]}}