{"id":91089,"date":"2021-06-11T14:17:45","date_gmt":"2021-06-11T12:17:45","guid":{"rendered":"https:\/\/testing.wowtea.eu\/sk\/?post_type=product&#038;p=91089"},"modified":"2024-09-23T10:42:08","modified_gmt":"2024-09-23T08:42:08","slug":"new-summer-new-me","status":"publish","type":"product","link":"https:\/\/testing.wowtea.eu\/sk\/product\/new-summer-new-me\/","title":{"rendered":"New Summer New Me"},"content":{"rendered":"\t\t<div data-elementor-type=\"product-post\" data-elementor-id=\"91089\" class=\"elementor elementor-91089\">\n\t\t\t\t\t\t<div class=\"elementor-inner\">\n\t\t\t\t<div class=\"elementor-section-wrap\">\n\t\t\t\t\t\t\t\t\t<section class=\"elementor-section elementor-top-section elementor-element elementor-element-b34f52f elementor-section-full_width elementor-section-height-default elementor-section-height-default\" data-id=\"b34f52f\" data-element_type=\"section\">\n\t\t\t\t\t\t<div class=\"elementor-container elementor-column-gap-no\">\n\t\t\t\t\t\t\t<div class=\"elementor-row\">\n\t\t\t\t\t<div class=\"elementor-column elementor-col-100 elementor-top-column elementor-element elementor-element-143290a\" data-id=\"143290a\" data-element_type=\"column\">\n\t\t\t<div class=\"elementor-column-wrap elementor-element-populated\">\n\t\t\t\t\t\t\t<div class=\"elementor-widget-wrap\">\n\t\t\t\t\t\t<section class=\"elementor-section elementor-inner-section elementor-element elementor-element-dccee4f elementor-section-full_width elementor-hidden-phone elementor-section-height-default elementor-section-height-default\" data-id=\"dccee4f\" data-element_type=\"section\">\n\t\t\t\t\t\t<div class=\"elementor-container elementor-column-gap-no\">\n\t\t\t\t\t\t\t<div class=\"elementor-row\">\n\t\t\t\t\t<div class=\"elementor-column elementor-col-100 elementor-inner-column elementor-element elementor-element-27f181d\" data-id=\"27f181d\" data-element_type=\"column\">\n\t\t\t<div class=\"elementor-column-wrap elementor-element-populated\">\n\t\t\t\t\t\t\t<div class=\"elementor-widget-wrap\">\n\t\t\t\t\t\t<div class=\"elementor-element elementor-element-3330239 elementor-widget elementor-widget-image\" data-id=\"3330239\" data-element_type=\"widget\" data-widget_type=\"image.default\">\n\t\t\t\t<div class=\"elementor-widget-container\">\n\t\t\t\t\t\t\t\t<div class=\"elementor-image\">\n\t\t\t\t\t\t\t\t\t\t\t\t<img width=\"1920\" height=\"1150\" src=\"https:\/\/testing.wowtea.eu\/sk\/files\/2021\/06\/THE-PERFECT-BEACH-DRINK-ummer-detox-D-SK.jpg\" class=\"attachment-full size-full wp-image-91650\" alt=\"\" loading=\"lazy\" srcset=\"https:\/\/testing.wowtea.eu\/sk\/files\/2021\/06\/THE-PERFECT-BEACH-DRINK-ummer-detox-D-SK.jpg 1920w, https:\/\/testing.wowtea.eu\/sk\/files\/2021\/06\/THE-PERFECT-BEACH-DRINK-ummer-detox-D-SK-300x180.jpg 300w, https:\/\/testing.wowtea.eu\/sk\/files\/2021\/06\/THE-PERFECT-BEACH-DRINK-ummer-detox-D-SK-1024x613.jpg 1024w, https:\/\/testing.wowtea.eu\/sk\/files\/2021\/06\/THE-PERFECT-BEACH-DRINK-ummer-detox-D-SK-768x460.jpg 768w, https:\/\/testing.wowtea.eu\/sk\/files\/2021\/06\/THE-PERFECT-BEACH-DRINK-ummer-detox-D-SK-1536x920.jpg 1536w, https:\/\/testing.wowtea.eu\/sk\/files\/2021\/06\/THE-PERFECT-BEACH-DRINK-ummer-detox-D-SK-600x359.jpg 600w\" sizes=\"(max-width: 1920px) 100vw, 1920px\" \/>\t\t\t\t\t\t\t\t\t\t\t\t\t\t<\/div>\n\t\t\t\t\t\t<\/div>\n\t\t\t\t<\/div>\n\t\t\t\t\t\t<\/div>\n\t\t\t\t\t<\/div>\n\t\t<\/div>\n\t\t\t\t\t\t\t\t<\/div>\n\t\t\t\t\t<\/div>\n\t\t<\/section>\n\t\t\t\t<section class=\"elementor-section elementor-inner-section elementor-element elementor-element-0c99ce3 elementor-section-full_width elementor-hidden-desktop elementor-hidden-tablet elementor-section-height-default elementor-section-height-default\" data-id=\"0c99ce3\" data-element_type=\"section\">\n\t\t\t\t\t\t<div class=\"elementor-container elementor-column-gap-no\">\n\t\t\t\t\t\t\t<div class=\"elementor-row\">\n\t\t\t\t\t<div class=\"elementor-column elementor-col-100 elementor-inner-column elementor-element elementor-element-97fb4b5\" data-id=\"97fb4b5\" data-element_type=\"column\">\n\t\t\t<div class=\"elementor-column-wrap elementor-element-populated\">\n\t\t\t\t\t\t\t<div class=\"elementor-widget-wrap\">\n\t\t\t\t\t\t<div class=\"elementor-element elementor-element-5f71438 elementor-widget elementor-widget-image\" data-id=\"5f71438\" data-element_type=\"widget\" data-widget_type=\"image.default\">\n\t\t\t\t<div class=\"elementor-widget-container\">\n\t\t\t\t\t\t\t\t<div class=\"elementor-image\">\n\t\t\t\t\t\t\t\t\t\t\t\t<img width=\"460\" height=\"750\" src=\"https:\/\/testing.wowtea.eu\/sk\/files\/2021\/06\/THE-PERFECT-BEACH-DRINK-ummer-detox-M-SK.jpg\" class=\"attachment-full size-full wp-image-91651\" alt=\"\" loading=\"lazy\" srcset=\"https:\/\/testing.wowtea.eu\/sk\/files\/2021\/06\/THE-PERFECT-BEACH-DRINK-ummer-detox-M-SK.jpg 460w, https:\/\/testing.wowtea.eu\/sk\/files\/2021\/06\/THE-PERFECT-BEACH-DRINK-ummer-detox-M-SK-184x300.jpg 184w\" sizes=\"(max-width: 460px) 100vw, 460px\" \/>\t\t\t\t\t\t\t\t\t\t\t\t\t\t<\/div>\n\t\t\t\t\t\t<\/div>\n\t\t\t\t<\/div>\n\t\t\t\t\t\t<\/div>\n\t\t\t\t\t<\/div>\n\t\t<\/div>\n\t\t\t\t\t\t\t\t<\/div>\n\t\t\t\t\t<\/div>\n\t\t<\/section>\n\t\t\t\t\t\t<\/div>\n\t\t\t\t\t<\/div>\n\t\t<\/div>\n\t\t\t\t\t\t\t\t<\/div>\n\t\t\t\t\t<\/div>\n\t\t<\/section>\n\t\t\t\t<section class=\"elementor-section elementor-top-section elementor-element elementor-element-6402804 elementor-section-boxed elementor-section-height-default elementor-section-height-default\" data-id=\"6402804\" data-element_type=\"section\" data-settings=\"{&quot;background_background&quot;:&quot;classic&quot;}\">\n\t\t\t\t\t\t<div class=\"elementor-container elementor-column-gap-default\">\n\t\t\t\t\t\t\t<div class=\"elementor-row\">\n\t\t\t\t\t<div class=\"elementor-column elementor-col-100 elementor-top-column elementor-element elementor-element-cf1e586\" data-id=\"cf1e586\" data-element_type=\"column\" data-settings=\"{&quot;background_background&quot;:&quot;classic&quot;}\">\n\t\t\t<div class=\"elementor-column-wrap elementor-element-populated\">\n\t\t\t\t\t\t\t<div class=\"elementor-widget-wrap\">\n\t\t\t\t\t\t<div class=\"elementor-element elementor-element-c0e9c8d elementor-widget elementor-widget-heading\" data-id=\"c0e9c8d\" data-element_type=\"widget\" data-widget_type=\"heading.default\">\n\t\t\t\t<div class=\"elementor-widget-container\">\n\t\t\t<h2 class=\"elementor-heading-title elementor-size-default\"><p style=\"text-align: center;color: crimson;font-size: 40px\">\u010cO OBSAHUJE BAL\u00cdK?<span style=\"font-size: 28px\"><\/span><\/p><\/h2>\t\t<\/div>\n\t\t\t\t<\/div>\n\t\t\t\t\t\t<\/div>\n\t\t\t\t\t<\/div>\n\t\t<\/div>\n\t\t\t\t\t\t\t\t<\/div>\n\t\t\t\t\t<\/div>\n\t\t<\/section>\n\t\t\t\t<section class=\"elementor-section elementor-top-section elementor-element elementor-element-dc69774 elementor-section-boxed elementor-section-height-default elementor-section-height-default\" data-id=\"dc69774\" data-element_type=\"section\">\n\t\t\t\t\t\t<div class=\"elementor-container elementor-column-gap-default\">\n\t\t\t\t\t\t\t<div class=\"elementor-row\">\n\t\t\t\t\t<div class=\"elementor-column elementor-col-100 elementor-top-column elementor-element elementor-element-9eab5d4\" data-id=\"9eab5d4\" data-element_type=\"column\">\n\t\t\t<div class=\"elementor-column-wrap elementor-element-populated\">\n\t\t\t\t\t\t\t<div class=\"elementor-widget-wrap\">\n\t\t\t\t\t\t<div class=\"elementor-element elementor-element-0cf0729 elementor-widget elementor-widget-html\" data-id=\"0cf0729\" data-element_type=\"widget\" data-widget_type=\"html.default\">\n\t\t\t\t<div class=\"elementor-widget-container\">\n\t\t\t<!-- TrustBox widget - Carousel -->\r\n<div class=\"trustpilot-widget\" data-locale=\"en-US\" data-template-id=\"53aa8912dec7e10d38f59f36\" data-businessunit-id=\"60029def312cb900013df992\" data-style-height=\"320px\" data-style-width=\"100%\" data-theme=\"light\" data-tags=\"SK\" data-stars=\"1,2,3,4,5\">\r\n  <a href=\"https:\/\/www.trustpilot.com\/review\/testing.wowtea.eu\" target=\"_blank\" rel=\"noopener\">Trustpilot<\/a>\r\n<\/div>\r\n<!-- End TrustBox widget -->\t\t<\/div>\n\t\t\t\t<\/div>\n\t\t\t\t\t\t<\/div>\n\t\t\t\t\t<\/div>\n\t\t<\/div>\n\t\t\t\t\t\t\t\t<\/div>\n\t\t\t\t\t<\/div>\n\t\t<\/section>\n\t\t\t\t\t\t\t\t\t<\/div>\n\t\t\t<\/div>\n\t\t\t\t\t<\/div>\n\t\t","protected":false},"excerpt":{"rendered":"<p>Ak h\u013ead\u00e1te r\u00fdchly detoxika\u010dn\u00fd \u010daj + 100% pr\u00edrodn\u00fa zmes, ktor\u00e1 v\u00e1m pom\u00f4\u017ee vyformova\u0165 sa na leto &#8211; toto je najlep\u0161ie kombo!Osvie\u017ete sa r\u00fdchlej\u0161ie v\u010faka novej Summer SlimFit ochutn\u00e1vke exotick\u00e9ho manga a vo\u0148av\u00e9ho kokosu.Za\u010dnite s detoxik\u00e1ciou a alkaliz\u00e1ciou prv\u00fdm d\u00fa\u0161kom n\u00e1\u0161ho Summer Detoxu, ktor\u00fd prich\u00e1dza so svie\u017eou citrusovou chu\u0165ou a extra antioxidantmi!<br \/>\nPoc\u00ed\u0165te efekt s ka\u017ed\u00fdm lahodn\u00fdm d\u00fa\u0161kom!<\/p>\n","protected":false},"featured_media":123037,"comment_status":"open","ping_status":"closed","template":"","meta":{"inline_featured_image":false},"product_cat":[109,103],"product_tag":[],"acf":[],"variations_data":{"91284":{"id":91284,"name":"Summer Detox \u010caj + Summer SlimFit \u010caj","slug":"summer-detox-summer-slimfit-3","date_created":{"date":"2021-06-14 12:47:25.000000","timezone_type":3,"timezone":"Europe\/Bratislava"},"date_modified":{"date":"2024-09-23 10:41:32.000000","timezone_type":3,"timezone":"Europe\/Bratislava"},"status":"publish","featured":false,"catalog_visibility":"visible","description":"","short_description":"","sku":"WOW-P-SETSST","price":"35.90","regular_price":"47.8","sale_price":"35.90","date_on_sale_from":null,"date_on_sale_to":null,"total_sales":"0","tax_status":"taxable","tax_class":"parent","manage_stock":false,"stock_quantity":null,"stock_status":"instock","backorders":"no","low_stock_amount":"","sold_individually":false,"weight":"","length":"","width":"","height":"","upsell_ids":[],"cross_sell_ids":[],"parent_id":91089,"reviews_allowed":false,"purchase_note":"","attributes":{"pa_summer-products":"summer-detox-summer-slimfit"},"default_attributes":[],"menu_order":1,"post_password":"","virtual":false,"downloadable":false,"category_ids":[],"tag_ids":[],"shipping_class_id":0,"downloads":[],"image_id":123199,"gallery_image_ids":[],"download_limit":-1,"download_expiry":-1,"rating_counts":[],"average_rating":0,"review_count":0,"attribute_summary":"Summer products: Summer Detox \u010caj + Summer SlimFit \u010caj","meta_data":[{"id":412903,"key":"yst_prominent_words_version","value":"1"},{"id":412945,"key":"_gtin","value":""},{"id":412946,"key":"_variable_text_field_1","value":"Letn\u00fd \u010daj na detoxik\u00e1ciu a \u010daj na chudnutie | Pre efekt\u00edvne chudnutie a kompletn\u00fd detox tela | 100% pr\u00edrodn\u00e1 \u010dajov\u00e1 zmes | 300 gr | WOW TEA"},{"id":412947,"key":"_variable_text_field_2","value":"Duo Letn\u00e9 fig\u00farkov\u00e9 \u010daje - New Summer New Me balenie na celkov\u00e9 \u010distenie tela a kontrolu hmotnosti - V\u0161etko s exotickou letnou chu\u0165ou a 100% pr\u00edrodn\u00fdmi ingredienciami. Bonus - bezplatn\u00e9 pl\u00e1ny"},{"id":412948,"key":"_variable_text_field_3","value":""},{"id":412949,"key":"fstr-p-sub","value":""},{"id":892725,"key":"_sold_variation_individually","value":"no"},{"id":892726,"key":"_v_label_field","value":""},{"id":1594242,"key":"oms_price_updated_at","value":"2024-09-23T08:19:47.152904Z"},{"id":1596667,"key":"_old_regular_price","value":"47.8"},{"id":1596668,"key":"_old_sale_price","value":"35.9"}],"price_html":"<del aria-hidden=\"true\"><span class=\"woocommerce-Price-amount amount\"><bdi>47.80&nbsp;<span class=\"woocommerce-Price-currencySymbol\">&euro;<\/span><\/bdi><\/span><\/del> <ins><span class=\"woocommerce-Price-amount amount\"><bdi>35.90&nbsp;<span class=\"woocommerce-Price-currencySymbol\">&euro;<\/span><\/bdi><\/span><\/ins>","image":"<img width=\"600\" height=\"600\" src=\"https:\/\/testing.wowtea.eu\/sk\/files\/2024\/05\/WOWTEA-web-PP-Summer-editions-Slimfit-Upsale-slimfit-detox-600x600.png\" class=\"attachment-woocommerce_thumbnail size-woocommerce_thumbnail\" alt=\"\" loading=\"lazy\" srcset=\"https:\/\/testing.wowtea.eu\/sk\/files\/2024\/05\/WOWTEA-web-PP-Summer-editions-Slimfit-Upsale-slimfit-detox.png 600w, https:\/\/testing.wowtea.eu\/sk\/files\/2024\/05\/WOWTEA-web-PP-Summer-editions-Slimfit-Upsale-slimfit-detox-300x300.png 300w, https:\/\/testing.wowtea.eu\/sk\/files\/2024\/05\/WOWTEA-web-PP-Summer-editions-Slimfit-Upsale-slimfit-detox-150x150.png 150w, https:\/\/testing.wowtea.eu\/sk\/files\/2024\/05\/WOWTEA-web-PP-Summer-editions-Slimfit-Upsale-slimfit-detox-100x100.png 100w, https:\/\/testing.wowtea.eu\/sk\/files\/2024\/05\/WOWTEA-web-PP-Summer-editions-Slimfit-Upsale-slimfit-detox-45x45.png 45w, https:\/\/testing.wowtea.eu\/sk\/files\/2024\/05\/WOWTEA-web-PP-Summer-editions-Slimfit-Upsale-slimfit-detox-60x60.png 60w, https:\/\/testing.wowtea.eu\/sk\/files\/2024\/05\/WOWTEA-web-PP-Summer-editions-Slimfit-Upsale-slimfit-detox-90x90.png 90w\" sizes=\"(max-width: 600px) 100vw, 600px\" \/>","free_delivery":false},"91285":{"id":91285,"name":"Summer Detox \u010caj + Summer Wellness \u010caj","slug":"summer-detox-summer-wellness-3","date_created":{"date":"2021-06-14 12:47:25.000000","timezone_type":3,"timezone":"Europe\/Bratislava"},"date_modified":{"date":"2024-09-23 10:42:05.000000","timezone_type":3,"timezone":"Europe\/Bratislava"},"status":"publish","featured":false,"catalog_visibility":"visible","description":"","short_description":"","sku":"WOW-P-SETSWT","price":"35.90","regular_price":"47.8","sale_price":"35.90","date_on_sale_from":null,"date_on_sale_to":null,"total_sales":"0","tax_status":"taxable","tax_class":"parent","manage_stock":false,"stock_quantity":null,"stock_status":"instock","backorders":"no","low_stock_amount":"","sold_individually":false,"weight":"","length":"","width":"","height":"","upsell_ids":[],"cross_sell_ids":[],"parent_id":91089,"reviews_allowed":false,"purchase_note":"","attributes":{"pa_summer-products":"summer-detox-summer-wellness"},"default_attributes":[],"menu_order":2,"post_password":"","virtual":false,"downloadable":false,"category_ids":[],"tag_ids":[],"shipping_class_id":0,"downloads":[],"image_id":123290,"gallery_image_ids":[],"download_limit":-1,"download_expiry":-1,"rating_counts":[],"average_rating":0,"review_count":0,"attribute_summary":"Summer products: Summer Detox \u010caj + Summer Wellness \u010caj","meta_data":[{"id":412955,"key":"_gtin","value":""},{"id":412956,"key":"_variable_text_field_1","value":"WOW TEA Letn\u00e9 \u010dajov\u00e9 duo | Letn\u00fd detoxika\u010dn\u00fd \u010daj s 21denn\u00fdm programom + Letn\u00fd \u010daj s imunitou - odstr\u00e1nen\u00e9 tox\u00edny a energizovan\u00e9 telo | 300 gr "},{"id":412957,"key":"_variable_text_field_2","value":"Wow Tea Detox vyplavuje tox\u00edny, zr\u00fdch\u013euje metabolizmus, odvod\u0148uje, Va\u0161a poko\u017eka bude vidite\u013ene \u010distej\u0161ia, hlad\u0161ia a mlad\u0161ia. Wellness \u010daj, in\u0161pirovan\u00fd star\u00fdm lie\u010debn\u00fdm syst\u00e9mom Ayurveda, posil\u0148uje Va\u0161e zdravie a imunitu, m\u00e1 protistresov\u00e9 \u00fa\u010dinky a zvy\u0161uje celkov\u00fa pohodu, vitalitu a rovnov\u00e1hu."},{"id":412958,"key":"_variable_text_field_3","value":""},{"id":412959,"key":"fstr-p-sub","value":""},{"id":892727,"key":"_sold_variation_individually","value":"no"},{"id":892728,"key":"_v_label_field","value":""},{"id":1594268,"key":"oms_price_updated_at","value":"2024-09-23T08:20:20.210015Z"},{"id":1596699,"key":"_old_regular_price","value":"47.8"},{"id":1596700,"key":"_old_sale_price","value":"35.9"}],"price_html":"<del aria-hidden=\"true\"><span class=\"woocommerce-Price-amount amount\"><bdi>47.80&nbsp;<span class=\"woocommerce-Price-currencySymbol\">&euro;<\/span><\/bdi><\/span><\/del> <ins><span class=\"woocommerce-Price-amount amount\"><bdi>35.90&nbsp;<span class=\"woocommerce-Price-currencySymbol\">&euro;<\/span><\/bdi><\/span><\/ins>","image":"<img width=\"600\" height=\"600\" src=\"https:\/\/testing.wowtea.eu\/sk\/files\/2024\/05\/WOWTEA-web-PP-Summer-editions-Wellness-Upsale-wellnes-detox-600x600.png\" class=\"attachment-woocommerce_thumbnail size-woocommerce_thumbnail\" alt=\"\" loading=\"lazy\" srcset=\"https:\/\/testing.wowtea.eu\/sk\/files\/2024\/05\/WOWTEA-web-PP-Summer-editions-Wellness-Upsale-wellnes-detox.png 600w, https:\/\/testing.wowtea.eu\/sk\/files\/2024\/05\/WOWTEA-web-PP-Summer-editions-Wellness-Upsale-wellnes-detox-300x300.png 300w, https:\/\/testing.wowtea.eu\/sk\/files\/2024\/05\/WOWTEA-web-PP-Summer-editions-Wellness-Upsale-wellnes-detox-150x150.png 150w, https:\/\/testing.wowtea.eu\/sk\/files\/2024\/05\/WOWTEA-web-PP-Summer-editions-Wellness-Upsale-wellnes-detox-100x100.png 100w, https:\/\/testing.wowtea.eu\/sk\/files\/2024\/05\/WOWTEA-web-PP-Summer-editions-Wellness-Upsale-wellnes-detox-45x45.png 45w, https:\/\/testing.wowtea.eu\/sk\/files\/2024\/05\/WOWTEA-web-PP-Summer-editions-Wellness-Upsale-wellnes-detox-60x60.png 60w, https:\/\/testing.wowtea.eu\/sk\/files\/2024\/05\/WOWTEA-web-PP-Summer-editions-Wellness-Upsale-wellnes-detox-90x90.png 90w\" sizes=\"(max-width: 600px) 100vw, 600px\" \/>","free_delivery":false},"91129":{"id":91129,"name":"Summer Wellness \u010caj + Summer SlimFit \u010caj","slug":"summer-wellness-summer-slimfit","date_created":{"date":"2021-06-11 14:17:47.000000","timezone_type":3,"timezone":"Europe\/Bratislava"},"date_modified":{"date":"2024-09-23 10:42:02.000000","timezone_type":3,"timezone":"Europe\/Bratislava"},"status":"publish","featured":false,"catalog_visibility":"visible","description":"","short_description":"","sku":"WOW-P-SSTSWT","price":"35.90","regular_price":"47.8","sale_price":"35.90","date_on_sale_from":null,"date_on_sale_to":null,"total_sales":"0","tax_status":"taxable","tax_class":"parent","manage_stock":false,"stock_quantity":null,"stock_status":"instock","backorders":"no","low_stock_amount":"","sold_individually":false,"weight":"","length":"","width":"","height":"","upsell_ids":[],"cross_sell_ids":[],"parent_id":91089,"reviews_allowed":false,"purchase_note":"","attributes":{"pa_summer-products":"summer-wellness-summer-slimfit"},"default_attributes":[],"menu_order":3,"post_password":"","virtual":false,"downloadable":false,"category_ids":[],"tag_ids":[],"shipping_class_id":0,"downloads":[],"image_id":123341,"gallery_image_ids":[],"download_limit":0,"download_expiry":0,"rating_counts":[],"average_rating":0,"review_count":0,"attribute_summary":"Summer products: Summer Wellness \u010caj + Summer SlimFit \u010caj","meta_data":[{"id":410041,"key":"inline_featured_image","value":""},{"id":410042,"key":"yst_prominent_words_version","value":""},{"id":410043,"key":"_wp_page_template","value":""},{"id":410044,"key":"_post_badge","value":""},{"id":410045,"key":"_post_icon_1","value":""},{"id":410046,"key":"_post_icon_2","value":""},{"id":410047,"key":"_post_icon_3","value":""},{"id":410048,"key":"_post_icon_1_text","value":""},{"id":410049,"key":"_post_icon_2_text","value":""},{"id":410050,"key":"_post_icon_3_text","value":""},{"id":410051,"key":"_yoast_wpseo_primary_product_cat","value":""},{"id":410052,"key":"_yoast_wpseo_content_score","value":""},{"id":410053,"key":"_elementor_edit_mode","value":""},{"id":410054,"key":"_elementor_template_type","value":""},{"id":410055,"key":"_elementor_version","value":""},{"id":410056,"key":"_elementor_pro_version","value":""},{"id":410057,"key":"_oembed_b8e247034018ee4812190523170f8f1c","value":""},{"id":410058,"key":"_oembed_time_b8e247034018ee4812190523170f8f1c","value":""},{"id":410059,"key":"_wapl_label_type","value":""},{"id":410060,"key":"_wapl_label_text","value":""},{"id":410061,"key":"_wapl_label_style","value":""},{"id":410062,"key":"_wapl_label_align","value":""},{"id":410063,"key":"_wapl_custom_bg_color","value":""},{"id":410064,"key":"_wapl_custom_text_color","value":""},{"id":410065,"key":"_wapl_label_exclude","value":""},{"id":410066,"key":"fstr-p-sub","value":""},{"id":410067,"key":"fstr-iskit","value":""},{"id":410068,"key":"_mollie_voucher_category","value":""},{"id":410069,"key":"_yoast_wpseo_focuskeywords","value":""},{"id":410070,"key":"_pys_super_pack_cpt_url","value":""},{"id":410071,"key":"_pys_super_pack_cpt_condition","value":""},{"id":410072,"key":"_pys_super_pack_cpt_cart","value":""},{"id":410073,"key":"_gtin","value":""},{"id":410074,"key":"_oembed_d661647b67dd8a32b998f2d0708014be","value":""},{"id":410075,"key":"_oembed_time_d661647b67dd8a32b998f2d0708014be","value":""},{"id":410076,"key":"_foodplan","value":""},{"id":410077,"key":"_homegym","value":""},{"id":410078,"key":"_yogaplan","value":""},{"id":410079,"key":"yo-title-quote","value":""},{"id":410080,"key":"yo-title-quote-second","value":""},{"id":410081,"key":"panam-video","value":""},{"id":410082,"key":"_dp_original","value":""},{"id":410083,"key":"_wp_old_date","value":""},{"id":410084,"key":"_oembed_cccd389a7668e3aa6fc32fc5cb179ea6","value":""},{"id":410085,"key":"attach_general_products","value":""},{"id":410086,"key":"_variable_text_field_1","value":""},{"id":410087,"key":"_variable_text_field_2","value":""},{"id":410088,"key":"_variable_text_field_3","value":""},{"id":892729,"key":"_sold_variation_individually","value":"no"},{"id":892730,"key":"_v_label_field","value":"Save 15%"},{"id":1594265,"key":"oms_price_updated_at","value":"2024-09-23T08:20:11.995991Z"},{"id":1596695,"key":"_old_regular_price","value":"47.8"},{"id":1596696,"key":"_old_sale_price","value":"35.9"}],"price_html":"<del aria-hidden=\"true\"><span class=\"woocommerce-Price-amount amount\"><bdi>47.80&nbsp;<span class=\"woocommerce-Price-currencySymbol\">&euro;<\/span><\/bdi><\/span><\/del> <ins><span class=\"woocommerce-Price-amount amount\"><bdi>35.90&nbsp;<span class=\"woocommerce-Price-currencySymbol\">&euro;<\/span><\/bdi><\/span><\/ins>","image":"<img width=\"600\" height=\"600\" src=\"https:\/\/testing.wowtea.eu\/sk\/files\/2021\/06\/WOWTEA-web-Shop-Summer-editions-new-summer-new-me-wellness-slimfit-600x600.png\" class=\"attachment-woocommerce_thumbnail size-woocommerce_thumbnail\" alt=\"\" loading=\"lazy\" srcset=\"https:\/\/testing.wowtea.eu\/sk\/files\/2021\/06\/WOWTEA-web-Shop-Summer-editions-new-summer-new-me-wellness-slimfit.png 600w, https:\/\/testing.wowtea.eu\/sk\/files\/2021\/06\/WOWTEA-web-Shop-Summer-editions-new-summer-new-me-wellness-slimfit-300x300.png 300w, https:\/\/testing.wowtea.eu\/sk\/files\/2021\/06\/WOWTEA-web-Shop-Summer-editions-new-summer-new-me-wellness-slimfit-150x150.png 150w, https:\/\/testing.wowtea.eu\/sk\/files\/2021\/06\/WOWTEA-web-Shop-Summer-editions-new-summer-new-me-wellness-slimfit-100x100.png 100w, https:\/\/testing.wowtea.eu\/sk\/files\/2021\/06\/WOWTEA-web-Shop-Summer-editions-new-summer-new-me-wellness-slimfit-45x45.png 45w, https:\/\/testing.wowtea.eu\/sk\/files\/2021\/06\/WOWTEA-web-Shop-Summer-editions-new-summer-new-me-wellness-slimfit-60x60.png 60w, https:\/\/testing.wowtea.eu\/sk\/files\/2021\/06\/WOWTEA-web-Shop-Summer-editions-new-summer-new-me-wellness-slimfit-90x90.png 90w\" sizes=\"(max-width: 600px) 100vw, 600px\" \/>","free_delivery":false}},"free_delivery":false,"currency_name":"&euro;","_links":{"self":[{"href":"https:\/\/testing.wowtea.eu\/sk\/wp-json\/wp\/v2\/product\/91089"}],"collection":[{"href":"https:\/\/testing.wowtea.eu\/sk\/wp-json\/wp\/v2\/product"}],"about":[{"href":"https:\/\/testing.wowtea.eu\/sk\/wp-json\/wp\/v2\/types\/product"}],"replies":[{"embeddable":true,"href":"https:\/\/testing.wowtea.eu\/sk\/wp-json\/wp\/v2\/comments?post=91089"}],"version-history":[{"count":0,"href":"https:\/\/testing.wowtea.eu\/sk\/wp-json\/wp\/v2\/product\/91089\/revisions"}],"wp:featuredmedia":[{"embeddable":true,"href":"https:\/\/testing.wowtea.eu\/sk\/wp-json\/wp\/v2\/media\/123037"}],"wp:attachment":[{"href":"https:\/\/testing.wowtea.eu\/sk\/wp-json\/wp\/v2\/media?parent=91089"}],"wp:term":[{"taxonomy":"product_cat","embeddable":true,"href":"https:\/\/testing.wowtea.eu\/sk\/wp-json\/wp\/v2\/product_cat?post=91089"},{"taxonomy":"product_tag","embeddable":true,"href":"https:\/\/testing.wowtea.eu\/sk\/wp-json\/wp\/v2\/product_tag?post=91089"}],"curies":[{"name":"wp","href":"https:\/\/api.w.org\/{rel}","templated":true}]}}