{"id":91090,"date":"2021-06-11T14:17:45","date_gmt":"2021-06-11T12:17:45","guid":{"rendered":"https:\/\/testing.wowtea.eu\/sk\/?post_type=product&#038;p=91090"},"modified":"2024-09-23T10:43:38","modified_gmt":"2024-09-23T08:43:38","slug":"summer-reborn","status":"publish","type":"product","link":"https:\/\/testing.wowtea.eu\/sk\/product\/summer-reborn\/","title":{"rendered":"Summer Reborn"},"content":{"rendered":"\t\t<div data-elementor-type=\"product-post\" data-elementor-id=\"91090\" class=\"elementor elementor-91090\">\n\t\t\t\t\t\t<div class=\"elementor-inner\">\n\t\t\t\t<div class=\"elementor-section-wrap\">\n\t\t\t\t\t\t\t\t\t<section class=\"elementor-section elementor-top-section elementor-element elementor-element-aa77381 elementor-section-full_width elementor-section-height-default elementor-section-height-default\" data-id=\"aa77381\" data-element_type=\"section\">\n\t\t\t\t\t\t<div class=\"elementor-container elementor-column-gap-no\">\n\t\t\t\t\t\t\t<div class=\"elementor-row\">\n\t\t\t\t\t<div class=\"elementor-column elementor-col-100 elementor-top-column elementor-element elementor-element-6a67b44\" data-id=\"6a67b44\" data-element_type=\"column\">\n\t\t\t<div class=\"elementor-column-wrap elementor-element-populated\">\n\t\t\t\t\t\t\t<div class=\"elementor-widget-wrap\">\n\t\t\t\t\t\t<section class=\"elementor-section elementor-inner-section elementor-element elementor-element-7dfac97 elementor-section-full_width elementor-hidden-phone elementor-section-height-default elementor-section-height-default\" data-id=\"7dfac97\" data-element_type=\"section\">\n\t\t\t\t\t\t<div class=\"elementor-container elementor-column-gap-no\">\n\t\t\t\t\t\t\t<div class=\"elementor-row\">\n\t\t\t\t\t<div class=\"elementor-column elementor-col-100 elementor-inner-column elementor-element elementor-element-743d5cc\" data-id=\"743d5cc\" data-element_type=\"column\">\n\t\t\t<div class=\"elementor-column-wrap elementor-element-populated\">\n\t\t\t\t\t\t\t<div class=\"elementor-widget-wrap\">\n\t\t\t\t\t\t<div class=\"elementor-element elementor-element-a089655 elementor-widget elementor-widget-image\" data-id=\"a089655\" data-element_type=\"widget\" data-widget_type=\"image.default\">\n\t\t\t\t<div class=\"elementor-widget-container\">\n\t\t\t\t\t\t\t\t<div class=\"elementor-image\">\n\t\t\t\t\t\t\t\t\t\t\t\t<img width=\"1920\" height=\"1150\" src=\"https:\/\/testing.wowtea.eu\/sk\/files\/2021\/06\/THE-PERFECT-BEACH-DRINK-ummer-detox-D-SK.jpg\" class=\"attachment-full size-full wp-image-91650\" alt=\"\" loading=\"lazy\" srcset=\"https:\/\/testing.wowtea.eu\/sk\/files\/2021\/06\/THE-PERFECT-BEACH-DRINK-ummer-detox-D-SK.jpg 1920w, https:\/\/testing.wowtea.eu\/sk\/files\/2021\/06\/THE-PERFECT-BEACH-DRINK-ummer-detox-D-SK-300x180.jpg 300w, https:\/\/testing.wowtea.eu\/sk\/files\/2021\/06\/THE-PERFECT-BEACH-DRINK-ummer-detox-D-SK-1024x613.jpg 1024w, https:\/\/testing.wowtea.eu\/sk\/files\/2021\/06\/THE-PERFECT-BEACH-DRINK-ummer-detox-D-SK-768x460.jpg 768w, https:\/\/testing.wowtea.eu\/sk\/files\/2021\/06\/THE-PERFECT-BEACH-DRINK-ummer-detox-D-SK-1536x920.jpg 1536w, https:\/\/testing.wowtea.eu\/sk\/files\/2021\/06\/THE-PERFECT-BEACH-DRINK-ummer-detox-D-SK-600x359.jpg 600w\" sizes=\"(max-width: 1920px) 100vw, 1920px\" \/>\t\t\t\t\t\t\t\t\t\t\t\t\t\t<\/div>\n\t\t\t\t\t\t<\/div>\n\t\t\t\t<\/div>\n\t\t\t\t\t\t<\/div>\n\t\t\t\t\t<\/div>\n\t\t<\/div>\n\t\t\t\t\t\t\t\t<\/div>\n\t\t\t\t\t<\/div>\n\t\t<\/section>\n\t\t\t\t<section class=\"elementor-section elementor-inner-section elementor-element elementor-element-9068588 elementor-section-full_width elementor-hidden-desktop elementor-hidden-tablet elementor-section-height-default elementor-section-height-default\" data-id=\"9068588\" data-element_type=\"section\">\n\t\t\t\t\t\t<div class=\"elementor-container elementor-column-gap-no\">\n\t\t\t\t\t\t\t<div class=\"elementor-row\">\n\t\t\t\t\t<div class=\"elementor-column elementor-col-100 elementor-inner-column elementor-element elementor-element-3559f20\" data-id=\"3559f20\" data-element_type=\"column\">\n\t\t\t<div class=\"elementor-column-wrap elementor-element-populated\">\n\t\t\t\t\t\t\t<div class=\"elementor-widget-wrap\">\n\t\t\t\t\t\t<div class=\"elementor-element elementor-element-17179f6 elementor-widget elementor-widget-image\" data-id=\"17179f6\" data-element_type=\"widget\" data-widget_type=\"image.default\">\n\t\t\t\t<div class=\"elementor-widget-container\">\n\t\t\t\t\t\t\t\t<div class=\"elementor-image\">\n\t\t\t\t\t\t\t\t\t\t\t\t<img width=\"460\" height=\"750\" src=\"https:\/\/testing.wowtea.eu\/sk\/files\/2021\/06\/THE-PERFECT-BEACH-DRINK-ummer-detox-M-SK.jpg\" class=\"attachment-full size-full wp-image-91651\" alt=\"\" loading=\"lazy\" srcset=\"https:\/\/testing.wowtea.eu\/sk\/files\/2021\/06\/THE-PERFECT-BEACH-DRINK-ummer-detox-M-SK.jpg 460w, https:\/\/testing.wowtea.eu\/sk\/files\/2021\/06\/THE-PERFECT-BEACH-DRINK-ummer-detox-M-SK-184x300.jpg 184w\" sizes=\"(max-width: 460px) 100vw, 460px\" \/>\t\t\t\t\t\t\t\t\t\t\t\t\t\t<\/div>\n\t\t\t\t\t\t<\/div>\n\t\t\t\t<\/div>\n\t\t\t\t\t\t<\/div>\n\t\t\t\t\t<\/div>\n\t\t<\/div>\n\t\t\t\t\t\t\t\t<\/div>\n\t\t\t\t\t<\/div>\n\t\t<\/section>\n\t\t\t\t\t\t<\/div>\n\t\t\t\t\t<\/div>\n\t\t<\/div>\n\t\t\t\t\t\t\t\t<\/div>\n\t\t\t\t\t<\/div>\n\t\t<\/section>\n\t\t\t\t<section class=\"elementor-section elementor-top-section elementor-element elementor-element-a40e1b0 elementor-section-boxed elementor-section-height-default elementor-section-height-default\" data-id=\"a40e1b0\" data-element_type=\"section\" data-settings=\"{&quot;background_background&quot;:&quot;classic&quot;}\">\n\t\t\t\t\t\t<div class=\"elementor-container elementor-column-gap-default\">\n\t\t\t\t\t\t\t<div class=\"elementor-row\">\n\t\t\t\t\t<div class=\"elementor-column elementor-col-100 elementor-top-column elementor-element elementor-element-a4446e6\" data-id=\"a4446e6\" data-element_type=\"column\" data-settings=\"{&quot;background_background&quot;:&quot;classic&quot;}\">\n\t\t\t<div class=\"elementor-column-wrap elementor-element-populated\">\n\t\t\t\t\t\t\t<div class=\"elementor-widget-wrap\">\n\t\t\t\t\t\t<div class=\"elementor-element elementor-element-55c44aa elementor-widget elementor-widget-heading\" data-id=\"55c44aa\" data-element_type=\"widget\" data-widget_type=\"heading.default\">\n\t\t\t\t<div class=\"elementor-widget-container\">\n\t\t\t<h2 class=\"elementor-heading-title elementor-size-default\"><p style=\"text-align: center;color: crimson;font-size: 40px\">\u010cO OBSAHUJE BAL\u00cdK?<span style=\"font-size: 28px\"><\/span><\/p><\/h2>\t\t<\/div>\n\t\t\t\t<\/div>\n\t\t\t\t\t\t<\/div>\n\t\t\t\t\t<\/div>\n\t\t<\/div>\n\t\t\t\t\t\t\t\t<\/div>\n\t\t\t\t\t<\/div>\n\t\t<\/section>\n\t\t\t\t<section class=\"elementor-section elementor-top-section elementor-element elementor-element-fbb23d1 elementor-section-boxed elementor-section-height-default elementor-section-height-default\" data-id=\"fbb23d1\" data-element_type=\"section\">\n\t\t\t\t\t\t<div class=\"elementor-container elementor-column-gap-default\">\n\t\t\t\t\t\t\t<div class=\"elementor-row\">\n\t\t\t\t\t<div class=\"elementor-column elementor-col-100 elementor-top-column elementor-element elementor-element-f86c03f\" data-id=\"f86c03f\" data-element_type=\"column\">\n\t\t\t<div class=\"elementor-column-wrap elementor-element-populated\">\n\t\t\t\t\t\t\t<div class=\"elementor-widget-wrap\">\n\t\t\t\t\t\t<div class=\"elementor-element elementor-element-851d710 elementor-widget elementor-widget-html\" data-id=\"851d710\" data-element_type=\"widget\" data-widget_type=\"html.default\">\n\t\t\t\t<div class=\"elementor-widget-container\">\n\t\t\t<!-- TrustBox widget - Carousel -->\r\n<div class=\"trustpilot-widget\" data-locale=\"en-US\" data-template-id=\"53aa8912dec7e10d38f59f36\" data-businessunit-id=\"60029def312cb900013df992\" data-style-height=\"320px\" data-style-width=\"100%\" data-theme=\"light\" data-tags=\"SK\" data-stars=\"1,2,3,4,5\">\r\n  <a href=\"https:\/\/www.trustpilot.com\/review\/testing.wowtea.eu\" target=\"_blank\" rel=\"noopener\">Trustpilot<\/a>\r\n<\/div>\r\n<!-- End TrustBox widget -->\t\t<\/div>\n\t\t\t\t<\/div>\n\t\t\t\t\t\t<\/div>\n\t\t\t\t\t<\/div>\n\t\t<\/div>\n\t\t\t\t\t\t\t\t<\/div>\n\t\t\t\t\t<\/div>\n\t\t<\/section>\n\t\t\t\t\t\t\t\t\t<\/div>\n\t\t\t<\/div>\n\t\t\t\t\t<\/div>\n\t\t","protected":false},"excerpt":{"rendered":"<p>Osvie\u017ete sa r\u00fdchlej\u0161ie v\u010faka novej Summer SlimFit ochutn\u00e1vke exotick\u00e9ho manga a vo\u0148av\u00e9ho kokosu.Za\u010dnite s detoxik\u00e1ciou a alkaliz\u00e1ciou prv\u00fdm d\u00fa\u0161kom n\u00e1\u0161ho Summer Detoxu, ktor\u00fd prich\u00e1dza so svie\u017eou citrusovou chu\u0165ou a extra antioxidantmi!Posilnite svoju imunitu a vitalitu t\u00fdm najchutnej\u0161\u00edm ayurvedsk\u00fdm receptom obohaten\u00fdm o extra zdrav\u00e9 bylinky a o v\u00f4\u0148u \u0161\u0165avnat\u00e9ho manga a sladkej broskyne!Doprajte si letn\u00fd \u010daj v ekologickej f\u013ea\u0161i s obmedzenou ed\u00edciou &#8211; je to najlep\u0161\u00ed sp\u00f4sob, ako pi\u0165 \u010daj a z\u00e1rove\u0148 pom\u00e1ha\u0165 \u017eivotn\u00e9mu prostrediu!<br \/>\nPoc\u00ed\u0165te efekt s ka\u017ed\u00fdm lahodn\u00fdm d\u00fa\u0161kom!<\/p>\n","protected":false},"featured_media":123036,"comment_status":"open","ping_status":"closed","template":"","meta":{"inline_featured_image":false},"product_cat":[109,103],"product_tag":[],"acf":[],"variations_data":{"91792":{"id":91792,"name":"Summer Detox \u010caj + \u010cajov\u00e1 f\u013ea\u0161a (\u017dlt\u00e1)","slug":"summer-detox-caj-cajova-flasa-zlta","date_created":{"date":"2021-06-15 09:57:02.000000","timezone_type":3,"timezone":"Europe\/Bratislava"},"date_modified":{"date":"2024-09-23 10:42:45.000000","timezone_type":3,"timezone":"Europe\/Bratislava"},"status":"publish","featured":false,"catalog_visibility":"visible","description":"","short_description":"","sku":"WOW-P-SETBTY","price":"37.60","regular_price":"50.2","sale_price":"37.60","date_on_sale_from":null,"date_on_sale_to":null,"total_sales":"0","tax_status":"taxable","tax_class":"parent","manage_stock":false,"stock_quantity":null,"stock_status":"instock","backorders":"no","low_stock_amount":"","sold_individually":false,"weight":"","length":"","width":"","height":"","upsell_ids":[],"cross_sell_ids":[],"parent_id":91090,"reviews_allowed":false,"purchase_note":"","attributes":{"pa_summer-products":"summer-detox-%d1%87%d0%b0%d0%b9-%d0%b6%d1%8a%d0%bb%d1%82%d0%b0-%d0%b1%d1%83%d1%82%d0%b8%d0%bb%d0%ba%d0%b0"},"default_attributes":[],"menu_order":1,"post_password":"","virtual":false,"downloadable":false,"category_ids":[],"tag_ids":[],"shipping_class_id":0,"downloads":[],"image_id":123036,"gallery_image_ids":[],"download_limit":-1,"download_expiry":-1,"rating_counts":[],"average_rating":0,"review_count":0,"attribute_summary":"Summer products: Summer Detox \u010caj + \u010cajov\u00e1 f\u013ea\u0161a (\u017dlt\u00e1)","meta_data":[{"id":417444,"key":"yst_prominent_words_version","value":"1"},{"id":417633,"key":"_gtin","value":""},{"id":417634,"key":"_variable_text_field_1","value":"WOW TEA Summer Detox Tea Balenie | Letn\u00fd Detoxika\u010dn\u00fd \u010daj s 24-hodinov\u00fdm \u00fa\u010dinkom + \u017dlt\u00e1 f\u013ea\u0161a na \u010daj + Potravinov\u00fd pl\u00e1n zadarmo | 150 gr + 550 ml"},{"id":417635,"key":"_variable_text_field_2","value":"Nov\u00fd letn\u00fd recept obohaten\u00fd o r\u00fdchlej\u0161ie p\u00f4sobiace detoxika\u010dn\u00e9 bylinky. Detoxika\u010dn\u00fd \u00fa\u010dinok sa za\u010d\u00edna prv\u00fdm d\u00fa\u0161kom a zintenz\u00edvni sa v priebehu nasleduj\u00facich dn\u00ed. Exotick\u00e1 citrusov\u00e1 chu\u0165. Vezmite si ju teraz s kr\u00e1snou \u017eltou f\u013ea\u0161ou na \u010daj"},{"id":417636,"key":"_variable_text_field_3","value":""},{"id":417637,"key":"fstr-p-sub","value":""},{"id":892667,"key":"_sold_variation_individually","value":"no"},{"id":892668,"key":"_v_label_field","value":""},{"id":1594378,"key":"oms_price_updated_at","value":"2024-09-23T08:21:00.841350Z"},{"id":1596832,"key":"_old_regular_price","value":"50.2"},{"id":1596833,"key":"_old_sale_price","value":"37.7"}],"price_html":"<del aria-hidden=\"true\"><span class=\"woocommerce-Price-amount amount\"><bdi>50.20&nbsp;<span class=\"woocommerce-Price-currencySymbol\">&euro;<\/span><\/bdi><\/span><\/del> <ins><span class=\"woocommerce-Price-amount amount\"><bdi>37.60&nbsp;<span class=\"woocommerce-Price-currencySymbol\">&euro;<\/span><\/bdi><\/span><\/ins>","image":"<img width=\"600\" height=\"600\" src=\"https:\/\/testing.wowtea.eu\/sk\/files\/2024\/05\/WOWTEA-web-PP-Summer-editions-Detox-Upsale-detox-bottle-600x600.png\" class=\"attachment-woocommerce_thumbnail size-woocommerce_thumbnail\" alt=\"\" loading=\"lazy\" srcset=\"https:\/\/testing.wowtea.eu\/sk\/files\/2024\/05\/WOWTEA-web-PP-Summer-editions-Detox-Upsale-detox-bottle.png 600w, https:\/\/testing.wowtea.eu\/sk\/files\/2024\/05\/WOWTEA-web-PP-Summer-editions-Detox-Upsale-detox-bottle-300x300.png 300w, https:\/\/testing.wowtea.eu\/sk\/files\/2024\/05\/WOWTEA-web-PP-Summer-editions-Detox-Upsale-detox-bottle-150x150.png 150w, https:\/\/testing.wowtea.eu\/sk\/files\/2024\/05\/WOWTEA-web-PP-Summer-editions-Detox-Upsale-detox-bottle-100x100.png 100w, https:\/\/testing.wowtea.eu\/sk\/files\/2024\/05\/WOWTEA-web-PP-Summer-editions-Detox-Upsale-detox-bottle-45x45.png 45w, https:\/\/testing.wowtea.eu\/sk\/files\/2024\/05\/WOWTEA-web-PP-Summer-editions-Detox-Upsale-detox-bottle-60x60.png 60w, https:\/\/testing.wowtea.eu\/sk\/files\/2024\/05\/WOWTEA-web-PP-Summer-editions-Detox-Upsale-detox-bottle-90x90.png 90w\" sizes=\"(max-width: 600px) 100vw, 600px\" \/>","free_delivery":false},"91793":{"id":91793,"name":"Summer Slimfit \u010caj + \u010cajov\u00e1 f\u013ea\u0161a (\u017dlt\u00e1)","slug":"summer-slimfit-caj-cajova-flasa-zlta","date_created":{"date":"2021-06-15 09:57:02.000000","timezone_type":3,"timezone":"Europe\/Bratislava"},"date_modified":{"date":"2024-09-23 10:43:16.000000","timezone_type":3,"timezone":"Europe\/Bratislava"},"status":"publish","featured":false,"catalog_visibility":"visible","description":"","short_description":"","sku":"WOW-P-SSTBTY","price":"37.60","regular_price":"50.2","sale_price":"37.60","date_on_sale_from":null,"date_on_sale_to":null,"total_sales":"0","tax_status":"taxable","tax_class":"parent","manage_stock":false,"stock_quantity":null,"stock_status":"instock","backorders":"no","low_stock_amount":"","sold_individually":false,"weight":"","length":"","width":"","height":"","upsell_ids":[],"cross_sell_ids":[],"parent_id":91090,"reviews_allowed":false,"purchase_note":"","attributes":{"pa_summer-products":"summer-slimfit-%d1%87%d0%b0%d0%b9-%d0%b6%d1%8a%d0%bb%d1%82%d0%b0-%d0%b1%d1%83%d1%82%d0%b8%d0%bb%d0%ba%d0%b0"},"default_attributes":[],"menu_order":2,"post_password":"","virtual":false,"downloadable":false,"category_ids":[],"tag_ids":[],"shipping_class_id":0,"downloads":[],"image_id":123198,"gallery_image_ids":[],"download_limit":-1,"download_expiry":-1,"rating_counts":[],"average_rating":0,"review_count":0,"attribute_summary":"Summer products: Summer Slimfit \u010caj + \u010cajov\u00e1 f\u013ea\u0161a (\u017dlt\u00e1)","meta_data":[{"id":417643,"key":"_gtin","value":""},{"id":417644,"key":"_variable_text_field_1","value":"WOW TEA Summer SlimFit Tea Balenie | Pr\u00e9miov\u00fd \u010caj na chudnutie + \u017dlt\u00e1 f\u013ea\u0161a na \u010daj | 150 gr | Vyroben\u00e9 v E\u00da"},{"id":417645,"key":"_variable_text_field_2","value":"Najlep\u0161ie kombin\u00e1cia \u010daju a f\u013ea\u0161e. 100% pr\u00edrodn\u00e9 zo\u0161t\u00edh\u013euj\u00face pr\u00edsady + exotick\u00e1 letn\u00e1 chu\u0165. Okam\u017eite podporuje v\u0161etky procesy v tele spojen\u00e9 s chudnut\u00edm. Dosta\u0148te sa do formy r\u00fdchlej\u0161ie"},{"id":417646,"key":"_variable_text_field_3","value":""},{"id":417647,"key":"fstr-p-sub","value":""},{"id":892669,"key":"_sold_variation_individually","value":"no"},{"id":892670,"key":"_v_label_field","value":""},{"id":1594395,"key":"oms_price_updated_at","value":"2024-09-23T08:21:31.337163Z"},{"id":1596853,"key":"_old_regular_price","value":"50.2"},{"id":1596854,"key":"_old_sale_price","value":"37.7"}],"price_html":"<del aria-hidden=\"true\"><span class=\"woocommerce-Price-amount amount\"><bdi>50.20&nbsp;<span class=\"woocommerce-Price-currencySymbol\">&euro;<\/span><\/bdi><\/span><\/del> <ins><span class=\"woocommerce-Price-amount amount\"><bdi>37.60&nbsp;<span class=\"woocommerce-Price-currencySymbol\">&euro;<\/span><\/bdi><\/span><\/ins>","image":"<img width=\"600\" height=\"600\" src=\"https:\/\/testing.wowtea.eu\/sk\/files\/2024\/05\/WOWTEA-web-PP-Summer-editions-Slimfit-Upsale-slimfit-bottle-600x600.png\" class=\"attachment-woocommerce_thumbnail size-woocommerce_thumbnail\" alt=\"\" loading=\"lazy\" srcset=\"https:\/\/testing.wowtea.eu\/sk\/files\/2024\/05\/WOWTEA-web-PP-Summer-editions-Slimfit-Upsale-slimfit-bottle.png 600w, https:\/\/testing.wowtea.eu\/sk\/files\/2024\/05\/WOWTEA-web-PP-Summer-editions-Slimfit-Upsale-slimfit-bottle-300x300.png 300w, https:\/\/testing.wowtea.eu\/sk\/files\/2024\/05\/WOWTEA-web-PP-Summer-editions-Slimfit-Upsale-slimfit-bottle-150x150.png 150w, https:\/\/testing.wowtea.eu\/sk\/files\/2024\/05\/WOWTEA-web-PP-Summer-editions-Slimfit-Upsale-slimfit-bottle-100x100.png 100w, https:\/\/testing.wowtea.eu\/sk\/files\/2024\/05\/WOWTEA-web-PP-Summer-editions-Slimfit-Upsale-slimfit-bottle-45x45.png 45w, https:\/\/testing.wowtea.eu\/sk\/files\/2024\/05\/WOWTEA-web-PP-Summer-editions-Slimfit-Upsale-slimfit-bottle-60x60.png 60w, https:\/\/testing.wowtea.eu\/sk\/files\/2024\/05\/WOWTEA-web-PP-Summer-editions-Slimfit-Upsale-slimfit-bottle-90x90.png 90w\" sizes=\"(max-width: 600px) 100vw, 600px\" \/>","free_delivery":false},"91131":{"id":91131,"name":"Summer Wellness \u010caj + \u010cajov\u00e1 f\u013ea\u0161a (\u017dlt\u00e1)","slug":"summer-wellness-%d1%87%d0%b0%d0%b9-%d0%b6%d1%8a%d0%bb%d1%82%d0%b0-%d0%b1%d1%83%d1%82%d0%b8%d0%bb%d0%ba%d0%b0","date_created":{"date":"2021-06-11 14:17:47.000000","timezone_type":3,"timezone":"Europe\/Bratislava"},"date_modified":{"date":"2024-09-23 10:43:35.000000","timezone_type":3,"timezone":"Europe\/Bratislava"},"status":"publish","featured":false,"catalog_visibility":"visible","description":"","short_description":"","sku":"WOW-P-SWTBTY","price":"37.60","regular_price":"50.2","sale_price":"37.60","date_on_sale_from":null,"date_on_sale_to":null,"total_sales":"0","tax_status":"taxable","tax_class":"parent","manage_stock":false,"stock_quantity":null,"stock_status":"instock","backorders":"no","low_stock_amount":"","sold_individually":false,"weight":"","length":"","width":"","height":"","upsell_ids":[],"cross_sell_ids":[],"parent_id":91090,"reviews_allowed":false,"purchase_note":"","attributes":{"pa_summer-products":"summer-wellness-%d1%87%d0%b0%d0%b9-%d0%b6%d1%8a%d0%bb%d1%82%d0%b0-%d0%b1%d1%83%d1%82%d0%b8%d0%bb%d0%ba%d0%b0"},"default_attributes":[],"menu_order":3,"post_password":"","virtual":false,"downloadable":false,"category_ids":[],"tag_ids":[],"shipping_class_id":0,"downloads":[],"image_id":123292,"gallery_image_ids":[],"download_limit":0,"download_expiry":0,"rating_counts":[],"average_rating":0,"review_count":0,"attribute_summary":"Summer products: Summer Wellness \u010caj + \u010cajov\u00e1 f\u013ea\u0161a (\u017dlt\u00e1)","meta_data":[{"id":410114,"key":"inline_featured_image","value":""},{"id":410115,"key":"yst_prominent_words_version","value":""},{"id":410116,"key":"_wp_page_template","value":""},{"id":410117,"key":"_post_badge","value":""},{"id":410118,"key":"_post_icon_1","value":""},{"id":410119,"key":"_post_icon_2","value":""},{"id":410120,"key":"_post_icon_3","value":""},{"id":410121,"key":"_post_icon_1_text","value":""},{"id":410122,"key":"_post_icon_2_text","value":""},{"id":410123,"key":"_post_icon_3_text","value":""},{"id":410124,"key":"_yoast_wpseo_primary_product_cat","value":""},{"id":410125,"key":"_yoast_wpseo_content_score","value":""},{"id":410126,"key":"_elementor_edit_mode","value":""},{"id":410127,"key":"_elementor_template_type","value":""},{"id":410128,"key":"_elementor_version","value":""},{"id":410129,"key":"_elementor_pro_version","value":""},{"id":410130,"key":"_oembed_b8e247034018ee4812190523170f8f1c","value":""},{"id":410131,"key":"_oembed_time_b8e247034018ee4812190523170f8f1c","value":""},{"id":410132,"key":"_wapl_label_type","value":""},{"id":410133,"key":"_wapl_label_text","value":""},{"id":410134,"key":"_wapl_label_style","value":""},{"id":410135,"key":"_wapl_label_align","value":""},{"id":410136,"key":"_wapl_custom_bg_color","value":""},{"id":410137,"key":"_wapl_custom_text_color","value":""},{"id":410138,"key":"_wapl_label_exclude","value":""},{"id":410139,"key":"fstr-p-sub","value":""},{"id":410140,"key":"fstr-iskit","value":""},{"id":410141,"key":"_mollie_voucher_category","value":""},{"id":410142,"key":"_yoast_wpseo_focuskeywords","value":""},{"id":410143,"key":"_pys_super_pack_cpt_url","value":""},{"id":410144,"key":"_pys_super_pack_cpt_condition","value":""},{"id":410145,"key":"_pys_super_pack_cpt_cart","value":""},{"id":410146,"key":"_gtin","value":""},{"id":410147,"key":"_oembed_d661647b67dd8a32b998f2d0708014be","value":""},{"id":410148,"key":"_oembed_time_d661647b67dd8a32b998f2d0708014be","value":""},{"id":410149,"key":"_foodplan","value":""},{"id":410150,"key":"_homegym","value":""},{"id":410151,"key":"_yogaplan","value":""},{"id":410152,"key":"yo-title-quote","value":""},{"id":410153,"key":"yo-title-quote-second","value":""},{"id":410154,"key":"panam-video","value":""},{"id":410155,"key":"_dp_original","value":""},{"id":410156,"key":"_wp_old_date","value":""},{"id":410157,"key":"_oembed_cccd389a7668e3aa6fc32fc5cb179ea6","value":""},{"id":410158,"key":"attach_general_products","value":""},{"id":410159,"key":"_variable_text_field_1","value":"Letn\u00fd \u010daj s imunitou + \u017dlt\u00e1 \u010cajov\u00e1 f\u013ea\u0161a | Bonusov\u00fd pl\u00e1n jogy | 300 g + 550 ml | WOW TEA"},{"id":410160,"key":"_variable_text_field_2","value":"Wellness \u010daj so superzdrav\u00fdmi bylinami Ayurv\u00e9dy pom\u00e1ha zlep\u0161i\u0165 zdravie, funkcie vn\u00fatorn\u00fdch org\u00e1nov, imunitu, zni\u017euje nervov\u00e9 nap\u00e4tie, zvy\u0161uje pocit vitality a rovnov\u00e1hy"},{"id":410161,"key":"_variable_text_field_3","value":""},{"id":769270,"key":"_v_label_field","value":""},{"id":892666,"key":"_sold_variation_individually","value":"no"},{"id":1594408,"key":"oms_price_updated_at","value":"2024-09-23T08:21:50.599483Z"},{"id":1596869,"key":"_old_regular_price","value":"50.2"},{"id":1596870,"key":"_old_sale_price","value":"37.7"}],"price_html":"<del aria-hidden=\"true\"><span class=\"woocommerce-Price-amount amount\"><bdi>50.20&nbsp;<span class=\"woocommerce-Price-currencySymbol\">&euro;<\/span><\/bdi><\/span><\/del> <ins><span class=\"woocommerce-Price-amount amount\"><bdi>37.60&nbsp;<span class=\"woocommerce-Price-currencySymbol\">&euro;<\/span><\/bdi><\/span><\/ins>","image":"<img width=\"600\" height=\"600\" src=\"https:\/\/testing.wowtea.eu\/sk\/files\/2024\/05\/WOWTEA-web-PP-Summer-editions-Wellness-Upsale-wellnes-bottle-600x600.png\" class=\"attachment-woocommerce_thumbnail size-woocommerce_thumbnail\" alt=\"\" loading=\"lazy\" srcset=\"https:\/\/testing.wowtea.eu\/sk\/files\/2024\/05\/WOWTEA-web-PP-Summer-editions-Wellness-Upsale-wellnes-bottle.png 600w, https:\/\/testing.wowtea.eu\/sk\/files\/2024\/05\/WOWTEA-web-PP-Summer-editions-Wellness-Upsale-wellnes-bottle-300x300.png 300w, https:\/\/testing.wowtea.eu\/sk\/files\/2024\/05\/WOWTEA-web-PP-Summer-editions-Wellness-Upsale-wellnes-bottle-150x150.png 150w, https:\/\/testing.wowtea.eu\/sk\/files\/2024\/05\/WOWTEA-web-PP-Summer-editions-Wellness-Upsale-wellnes-bottle-100x100.png 100w, https:\/\/testing.wowtea.eu\/sk\/files\/2024\/05\/WOWTEA-web-PP-Summer-editions-Wellness-Upsale-wellnes-bottle-45x45.png 45w, https:\/\/testing.wowtea.eu\/sk\/files\/2024\/05\/WOWTEA-web-PP-Summer-editions-Wellness-Upsale-wellnes-bottle-60x60.png 60w, https:\/\/testing.wowtea.eu\/sk\/files\/2024\/05\/WOWTEA-web-PP-Summer-editions-Wellness-Upsale-wellnes-bottle-90x90.png 90w\" sizes=\"(max-width: 600px) 100vw, 600px\" \/>","free_delivery":false}},"free_delivery":false,"currency_name":"&euro;","_links":{"self":[{"href":"https:\/\/testing.wowtea.eu\/sk\/wp-json\/wp\/v2\/product\/91090"}],"collection":[{"href":"https:\/\/testing.wowtea.eu\/sk\/wp-json\/wp\/v2\/product"}],"about":[{"href":"https:\/\/testing.wowtea.eu\/sk\/wp-json\/wp\/v2\/types\/product"}],"replies":[{"embeddable":true,"href":"https:\/\/testing.wowtea.eu\/sk\/wp-json\/wp\/v2\/comments?post=91090"}],"version-history":[{"count":0,"href":"https:\/\/testing.wowtea.eu\/sk\/wp-json\/wp\/v2\/product\/91090\/revisions"}],"wp:featuredmedia":[{"embeddable":true,"href":"https:\/\/testing.wowtea.eu\/sk\/wp-json\/wp\/v2\/media\/123036"}],"wp:attachment":[{"href":"https:\/\/testing.wowtea.eu\/sk\/wp-json\/wp\/v2\/media?parent=91090"}],"wp:term":[{"taxonomy":"product_cat","embeddable":true,"href":"https:\/\/testing.wowtea.eu\/sk\/wp-json\/wp\/v2\/product_cat?post=91090"},{"taxonomy":"product_tag","embeddable":true,"href":"https:\/\/testing.wowtea.eu\/sk\/wp-json\/wp\/v2\/product_tag?post=91090"}],"curies":[{"name":"wp","href":"https:\/\/api.w.org\/{rel}","templated":true}]}}